{"id":689059,"date":"2025-08-27T13:09:38","date_gmt":"2025-08-27T10:09:38","guid":{"rendered":"https:\/\/roveyayinevi.com.tr\/index.php\/urun\/1908-osmanli-boykotu-bir-toplumsal-hareketin-analizi\/"},"modified":"2026-04-16T01:58:44","modified_gmt":"2026-04-15T22:58:44","slug":"1908-osmanli-boykotu-bir-toplumsal-hareketin-analizi","status":"publish","type":"product","link":"https:\/\/roveyayinevi.com.tr\/index.php\/urun\/1908-osmanli-boykotu-bir-toplumsal-hareketin-analizi\/","title":{"rendered":"1908 Osmanl\u0131 Boykotu: Bir Toplumsal Hareketin Analizi"},"content":{"rendered":"<p>Me\u015frutiyet\u2019in ilan\u0131 Osmanl\u0131 \u0130mparatorlu\u011fu\u2019nda kamuoyunun ilk kez v\u00fccut buldu\u011fu olaylarla ger\u00e7ekle\u015fti. Eylemler, mitingler, toplant\u0131lar ve durdurulan grevler&#8230; Daha sonra 1908\u2019e canl\u0131l\u0131\u011f\u0131n\u0131 veren kamuoyu, Bosna-Hersek\u2019in Avusturya taraf\u0131ndan ilhak\u0131 ve Bulgaristan\u2019\u0131n ba\u011f\u0131ms\u0131zl\u0131\u011f\u0131n\u0131 ilan etmesi \u00fczerine bir kez daha soka\u011f\u0131n g\u00fcc\u00fcn\u00fc ve kendili\u011findenli\u011fini ele ge\u00e7irdi.  Osmanl\u0131 Fes Boykotu  olarak bilinen s\u00fcre\u00e7te halk, kendi inisiyatifini kullanarak Avusturya ve Bulgaristan mallar\u0131na kar\u015f\u0131 bir boykot ba\u015flatt\u0131. Avusturya\u2019dan ithal edilmekte olan fes ile simgesini bulan boykot k\u0131sa bir s\u00fcrede daha d\u00fczenli ve \u0130ttihat ve Terakki Cemiyeti taraf\u0131ndan y\u00f6nlendirilen eylemler halini ald\u0131. \u0130lk defa ger\u00e7ek bir sava\u015fla de\u011fil de  harb-i iktisad\u00ee  ile ba\u015far\u0131l\u0131 olunan bu s\u00fcre\u00e7te 1908\u2019in ilham verdi\u011fi Osmanl\u0131l\u0131k fikri canl\u0131l\u0131\u011f\u0131na kavu\u015furken, mill\u00ee iktisat icad\u0131 da ortaya \u00e7\u0131kt\u0131. Mill\u00ee bir sanayi kurmak gereklili\u011fi ve bunun i\u00e7in gereken nedenlerin kolayca dev\u015firilmesi ile 1908 Boykotu, pek \u00e7ok siyasal mobilizasyon fakt\u00f6r\u00fcn\u00fc ayn\u0131 anda devreye sokmu\u015f oldu. Y. Do\u011fan \u00c7etinkaya 1908 Osmanl\u0131 Boykotu: Bir Toplumsal Hareketin Analizi \u00e7al\u0131\u015fmas\u0131nda g\u00fcnl\u00fck bas\u0131n\u0131n etkisiyle, siyasal mobilizasyonun kitleler \u00fczerindeki g\u00fcc\u00fcyle, kitlelerin kendili\u011findenli\u011fiyle, milliyet\u00e7ili\u011fin farkl\u0131 renklerdeki yans\u0131malar\u0131yla bu toplumsal hareketin \u00f6zelliklerine ve \u00f6nemine dikkat \u00e7ekiyor. Geni\u015f kapsaml\u0131 bir ar\u015fiv \u00e7al\u0131\u015fmas\u0131, soru sormak konusunda g\u00f6sterdi\u011fi \u00f6zen ve cevaplar\u0131ndaki toklukla bu kitap II. Me\u015frutiyet d\u00f6neminin d\u00fcnyas\u0131na, insanlar\u0131na i\u00e7eriden,  a\u015fa\u011f\u0131dan  ve onlar\u0131n taraf\u0131ndan bak\u0131yor. <\/p>\n","protected":false},"excerpt":{"rendered":"<p>Me\u015frutiyet\u2019in ilan\u0131 Osmanl\u0131 \u0130mparatorlu\u011fu\u2019nda kamuoyunun ilk kez v\u00fccut buldu\u011fu olaylarla ger\u00e7ekle\u015fti. Eylemler, mitingler, toplant\u0131lar ve durdurulan grevler&#8230; Daha sonra 1908\u2019e canl\u0131l\u0131\u011f\u0131n\u0131 veren kamuoyu, Bosna-Hersek\u2019in Avusturya taraf\u0131ndan<span class=\"excerpt-hellip\"> [\u2026]<\/span><\/p>\n","protected":false},"featured_media":0,"template":"","meta":{"_monsterinsights_skip_tracking":false,"_monsterinsights_sitenote_active":false,"_monsterinsights_sitenote_note":"","_monsterinsights_sitenote_category":0},"product_brand":[],"product_cat":[13517,12304],"product_tag":[],"class_list":{"0":"post-689059","1":"product","2":"type-product","3":"status-publish","5":"product_cat-osmanli-tarihi","6":"product_cat-tarih","7":"pa_cilt-ciltsiz","8":"pa_tur-kitap","9":"pa_yayinevi-iletisim-yayinlari","10":"pa_yazar-y-dogan-cetinkaya","12":"first","13":"instock","14":"sale","15":"shipping-taxable","16":"purchasable","17":"product-type-simple"},"_links":{"self":[{"href":"https:\/\/roveyayinevi.com.tr\/index.php\/wp-json\/wp\/v2\/product\/689059","targetHints":{"allow":["GET"]}}],"collection":[{"href":"https:\/\/roveyayinevi.com.tr\/index.php\/wp-json\/wp\/v2\/product"}],"about":[{"href":"https:\/\/roveyayinevi.com.tr\/index.php\/wp-json\/wp\/v2\/types\/product"}],"wp:attachment":[{"href":"https:\/\/roveyayinevi.com.tr\/index.php\/wp-json\/wp\/v2\/media?parent=689059"}],"wp:term":[{"taxonomy":"product_brand","embeddable":true,"href":"https:\/\/roveyayinevi.com.tr\/index.php\/wp-json\/wp\/v2\/product_brand?post=689059"},{"taxonomy":"product_cat","embeddable":true,"href":"https:\/\/roveyayinevi.com.tr\/index.php\/wp-json\/wp\/v2\/product_cat?post=689059"},{"taxonomy":"product_tag","embeddable":true,"href":"https:\/\/roveyayinevi.com.tr\/index.php\/wp-json\/wp\/v2\/product_tag?post=689059"}],"curies":[{"name":"wp","href":"https:\/\/api.w.org\/{rel}","templated":true}]}}