{"id":689058,"date":"2025-08-27T13:09:37","date_gmt":"2025-08-27T10:09:37","guid":{"rendered":"https:\/\/roveyayinevi.com.tr\/index.php\/urun\/1908-devrimi\/"},"modified":"2026-04-16T01:58:44","modified_gmt":"2026-04-15T22:58:44","slug":"1908-devrimi","status":"publish","type":"product","link":"https:\/\/roveyayinevi.com.tr\/index.php\/urun\/1908-devrimi\/","title":{"rendered":"1908 Devrimi"},"content":{"rendered":"<p>Bu kitapta 1908 Devrimi\u2019ne giden yolun hikayesi anlat\u0131l\u0131yor. T\u00fcrk tarih yaz\u0131m\u0131nda kabullenilmi\u015f  2. Me\u015frutiyet  tan\u0131m\u0131, 1908\u2019de ya\u015fanan siyasal d\u00f6n\u00fc\u015f\u00fcm\u00fcn \u00e7ap\u0131n\u0131 yans\u0131tmaktan uzakt\u0131r. Zira 1908\u2019de  me\u015frutiyet  \u00e7er\u00e7evesini a\u015fan bir siyasal rejim de\u011fi\u015fikli\u011fi olmu\u015ftur. H\u00fck\u00fcmet art\u0131k yaln\u0131zca halk taraf\u0131ndan se\u00e7ilmi\u015f bir meclise kar\u015f\u0131 sorumlu hale gelmi\u015ftir. Mutlakiyet\u00e7i monar\u015fi ve ona hizmet eden b\u00fcrokrasi ilk kez siyasal s\u00fcre\u00e7ten d\u0131\u015flanmaya ba\u015flam\u0131\u015ft\u0131r. Aykut Kansu, bu y\u00f6nleriyle 1908\u2019in T\u00fcrkiye tarihinde 1923\u2019ten daha \u00f6nemli,  ger\u00e7ek  d\u00f6n\u00fcm noktas\u0131 oldu\u011funu ileri s\u00fcr\u00fcyor. Bunu derken, resmi tarih\u00e7ili\u011fin -hem de yerle\u015fik muhalif tarih\u00e7ili\u011fin- bu d\u00f6n\u00fcm noktas\u0131na k\u00fc\u00e7\u00fcmseyici bak\u0131\u015f\u0131n radikal bir ele\u015ftirisini de yap\u0131yor. Kitab\u0131n esas konusu, 1908 Devrimi\u2019ni haz\u0131rlayan s\u00fcre\u00e7. Bu s\u00fcrecin geni\u015f co\u011frafyaya ve farkl\u0131 toplumsal kesimlere yay\u0131lan ciddi bir toplumsal muhalefet ak\u0131m\u0131na tan\u0131kl\u0131k etti\u011fini g\u00f6r\u00fcyoruz. 1908\u2019i do\u011furan bu muhalefet dalgas\u0131n\u0131n \u00e7ok zengin malzemeye dayanan tasviri, tarihin en bilge \u00f6\u011fretmen ve en e\u011flenceli roman oldu\u011funu bir kere daha kan\u0131tl\u0131yor.  1908 Devrimi , Aykut Kansu\u2019nun yak\u0131n d\u00f6nem tarihimizi  de\u015fen  \u00e7al\u0131\u015fmalar\u0131n\u0131n ilk halkas\u0131n\u0131 olu\u015fturuyor. <\/p>\n","protected":false},"excerpt":{"rendered":"<p>Bu kitapta 1908 Devrimi\u2019ne giden yolun hikayesi anlat\u0131l\u0131yor. T\u00fcrk tarih yaz\u0131m\u0131nda kabullenilmi\u015f 2. Me\u015frutiyet tan\u0131m\u0131, 1908\u2019de ya\u015fanan siyasal d\u00f6n\u00fc\u015f\u00fcm\u00fcn \u00e7ap\u0131n\u0131 yans\u0131tmaktan uzakt\u0131r. Zira 1908\u2019de me\u015frutiyet \u00e7er\u00e7evesini<span class=\"excerpt-hellip\"> [\u2026]<\/span><\/p>\n","protected":false},"featured_media":0,"template":"","meta":{"_monsterinsights_skip_tracking":false,"_monsterinsights_sitenote_active":false,"_monsterinsights_sitenote_note":"","_monsterinsights_sitenote_category":0},"product_brand":[],"product_cat":[13517,12304],"product_tag":[],"class_list":{"0":"post-689058","1":"product","2":"type-product","3":"status-publish","5":"product_cat-osmanli-tarihi","6":"product_cat-tarih","7":"pa_cilt-ciltsiz","8":"pa_tur-kitap","9":"pa_yayinevi-iletisim-yayinlari","10":"pa_yazar-aykut-kansu","12":"first","13":"instock","14":"sale","15":"shipping-taxable","16":"purchasable","17":"product-type-simple"},"_links":{"self":[{"href":"https:\/\/roveyayinevi.com.tr\/index.php\/wp-json\/wp\/v2\/product\/689058","targetHints":{"allow":["GET"]}}],"collection":[{"href":"https:\/\/roveyayinevi.com.tr\/index.php\/wp-json\/wp\/v2\/product"}],"about":[{"href":"https:\/\/roveyayinevi.com.tr\/index.php\/wp-json\/wp\/v2\/types\/product"}],"wp:attachment":[{"href":"https:\/\/roveyayinevi.com.tr\/index.php\/wp-json\/wp\/v2\/media?parent=689058"}],"wp:term":[{"taxonomy":"product_brand","embeddable":true,"href":"https:\/\/roveyayinevi.com.tr\/index.php\/wp-json\/wp\/v2\/product_brand?post=689058"},{"taxonomy":"product_cat","embeddable":true,"href":"https:\/\/roveyayinevi.com.tr\/index.php\/wp-json\/wp\/v2\/product_cat?post=689058"},{"taxonomy":"product_tag","embeddable":true,"href":"https:\/\/roveyayinevi.com.tr\/index.php\/wp-json\/wp\/v2\/product_tag?post=689058"}],"curies":[{"name":"wp","href":"https:\/\/api.w.org\/{rel}","templated":true}]}}