{"id":689057,"date":"2025-08-27T13:09:37","date_gmt":"2025-08-27T10:09:37","guid":{"rendered":"https:\/\/roveyayinevi.com.tr\/index.php\/urun\/granit-ve-gokkusagi\/"},"modified":"2026-02-03T02:00:14","modified_gmt":"2026-02-02T23:00:14","slug":"granit-ve-gokkusagi","status":"publish","type":"product","link":"https:\/\/roveyayinevi.com.tr\/index.php\/urun\/granit-ve-gokkusagi\/","title":{"rendered":"Granit ve G\u00f6kku\u015fa\u011f\u0131"},"content":{"rendered":"<p>Granit ve G\u00f6kku\u015fa\u011f\u0131, Virginia Woolf\u2019un edebiyat, sanat ve biyografi \u00fcst\u00fcne yaz\u0131lar\u0131ndan olu\u015fan titiz ve derli toplu bir se\u00e7ki.Yazar\u0131n \u00f6l\u00fcm\u00fcnden sonra kocas\u0131 Leonard Woolf taraf\u0131ndan haz\u0131rlanan Granit ve G\u00f6kku\u015fa\u011f\u0131, gen\u00e7 ya\u015flardan itibaren bir\u00e7ok deneme kaleme alan Virginia Woolf\u2019un k\u00fclliyat\u0131ndan se\u00e7ilmi\u015f edebiyat ve biyografi yaz\u0131lar\u0131ndan olu\u015fuyor. Woolf\u2019un George Meredith\u2019ten Henry James\u2019e, Henrik Ibsen\u2019den Edgar Allen Poe\u2019ya, Walt Whitman\u2019dan Fanny Burney\u2019e bir\u00e7ok yazar\u0131n hayatlar\u0131 ve kurmaca eserlerine dair yorumlar\u0131n\u0131; kad\u0131nlar ve kurmaca, co\u015fkulu d\u00fczyaz\u0131, romanda do\u011fa\u00fcst\u00fc, Gotik romans gibi ba\u015fl\u0131klardaki yarat\u0131c\u0131 fikirlerini bir b\u00fct\u00fcnl\u00fck i\u00e7inde sunan Granit ve G\u00f6kku\u015fa\u011f\u0131, b\u00fcy\u00fck yazar\u0131n meraklar\u0131, aray\u0131\u015flar\u0131, sanat ve ger\u00e7eklik anlay\u0131\u015f\u0131n\u0131 geni\u015f bir yelpazede ortaya koyuyor. \u201cVirginia Woolf\u2019un dehas\u0131n\u0131n d\u00fczyaz\u0131lar\u0131na da yans\u0131yan \u00e7ok g\u00fc\u00e7l\u00fc bir taraf\u0131 vard\u0131r.\u201d DAVID DAICHES D\u00fcnya edebiyat\u0131n\u0131n ba\u015fyap\u0131tlar\u0131 \u0130leti\u015fim Klasikleri dizisinde!\u0130leti\u015fim Yay\u0131nlar\u0131, Murat Belge y\u00f6netiminde edebiyat klasikleri yay\u0131mlamaya devam ediyor. \u0130leti\u015fim Klasikleri dizisinden \u00e7\u0131kan kitaplar, edebiyata kar\u015f\u0131 sorumlulu\u011fu okuma zevkiyle bulu\u015fturan bir anlay\u0131\u015fla haz\u0131rlan\u0131yor. Eserler orijinal dillerinden ve tam metin \u00e7evirileriyle yay\u0131ma haz\u0131rlan\u0131rken, ana metne e\u015flik eden ve yetkin isimlerin yazd\u0131\u011f\u0131 \u00f6ns\u00f6z ve sons\u00f6zlere yer veriliyor. Ayr\u0131ca her kitab\u0131n ba\u015f\u0131nda, yazar\u0131n hayat\u0131na ve ya\u015fad\u0131\u011f\u0131 d\u00f6neme \u0131\u015f\u0131k tutan bir kronoloji bulunuyor. \u0130leti\u015fim Klasikleri\u2019nin i\u00e7eri\u011fi eserin ilk bask\u0131 kapa\u011f\u0131, el yazmas\u0131ndan \u00f6rnek sayfalar, haritalar ve \u00f6zel \u00e7izimlerle zenginle\u015ftiriliyor. Diziye \u00f6zel olarak haz\u0131rlanan kapak tasar\u0131m\u0131nda ise, resim tarihinden \u00f6zenle se\u00e7ilmi\u015f g\u00f6rseller kullan\u0131l\u0131yor.Zengin bir i\u00e7erikle haz\u0131rlanan \u0130leti\u015fim Klasikleri dizisi, g\u00fcvenilir ve \u00f6zenli biredisyonla okurla bulu\u015furken, alan\u0131nda referans kaynaklar sunuyor.<\/p>\n","protected":false},"excerpt":{"rendered":"<p>Granit ve G\u00f6kku\u015fa\u011f\u0131, Virginia Woolf\u2019un edebiyat, sanat ve biyografi \u00fcst\u00fcne yaz\u0131lar\u0131ndan olu\u015fan titiz ve derli toplu bir se\u00e7ki.Yazar\u0131n \u00f6l\u00fcm\u00fcnden sonra kocas\u0131 Leonard Woolf taraf\u0131ndan haz\u0131rlanan Granit<span class=\"excerpt-hellip\"> [\u2026]<\/span><\/p>\n","protected":false},"featured_media":0,"template":"","meta":{"_monsterinsights_skip_tracking":false,"_monsterinsights_sitenote_active":false,"_monsterinsights_sitenote_note":"","_monsterinsights_sitenote_category":0},"product_brand":[],"product_cat":[13661,12291],"product_tag":[],"class_list":{"0":"post-689057","1":"product","2":"type-product","3":"status-publish","5":"product_cat-diger-ulke-edebiyatlari","6":"product_cat-edebiyat","7":"pa_cilt-ciltsiz","8":"pa_tur-kitap","9":"pa_yayinevi-iletisim-yayinlari","10":"pa_yazar-virginia-woolf","12":"first","13":"instock","14":"sale","15":"shipping-taxable","16":"purchasable","17":"product-type-simple"},"_links":{"self":[{"href":"https:\/\/roveyayinevi.com.tr\/index.php\/wp-json\/wp\/v2\/product\/689057","targetHints":{"allow":["GET"]}}],"collection":[{"href":"https:\/\/roveyayinevi.com.tr\/index.php\/wp-json\/wp\/v2\/product"}],"about":[{"href":"https:\/\/roveyayinevi.com.tr\/index.php\/wp-json\/wp\/v2\/types\/product"}],"wp:attachment":[{"href":"https:\/\/roveyayinevi.com.tr\/index.php\/wp-json\/wp\/v2\/media?parent=689057"}],"wp:term":[{"taxonomy":"product_brand","embeddable":true,"href":"https:\/\/roveyayinevi.com.tr\/index.php\/wp-json\/wp\/v2\/product_brand?post=689057"},{"taxonomy":"product_cat","embeddable":true,"href":"https:\/\/roveyayinevi.com.tr\/index.php\/wp-json\/wp\/v2\/product_cat?post=689057"},{"taxonomy":"product_tag","embeddable":true,"href":"https:\/\/roveyayinevi.com.tr\/index.php\/wp-json\/wp\/v2\/product_tag?post=689057"}],"curies":[{"name":"wp","href":"https:\/\/api.w.org\/{rel}","templated":true}]}}