{"id":689056,"date":"2025-08-27T13:09:37","date_gmt":"2025-08-27T10:09:37","guid":{"rendered":"https:\/\/roveyayinevi.com.tr\/index.php\/urun\/1-mayis-mahallesi-1980-oncesi-toplumsal-mucadeleler-ve-kent\/"},"modified":"2026-04-16T01:58:44","modified_gmt":"2026-04-15T22:58:44","slug":"1-mayis-mahallesi-1980-oncesi-toplumsal-mucadeleler-ve-kent","status":"publish","type":"product","link":"https:\/\/roveyayinevi.com.tr\/index.php\/urun\/1-mayis-mahallesi-1980-oncesi-toplumsal-mucadeleler-ve-kent\/","title":{"rendered":"1 May\u0131s Mahallesi: 1980 \u00d6ncesi Toplumsal M\u00fccadeleler ve Kent"},"content":{"rendered":"<p>Toplumsal haf\u0131zada 12 Eyl\u00fcl 1980 \u00f6ncesi nin simgelerinden biridir 1 May\u0131s Mahallesi. O y\u0131llar\u0131 devlet otoritesinin acze d\u00fc\u015ft\u00fc\u011f\u00fc bir ter\u00f6r ve kaos d\u00f6nemi olarak g\u00f6renler i\u00e7in, bu olumsuzlu\u011fun simgesi. 1960-1980 d\u00f6neminin siyasal ve toplumsal hareketlili\u011finde devrimci bir durumun alametlerini g\u00f6renler i\u00e7in ise, bu umudun simgelerinden biri. \u015e\u00fckr\u00fc Aslan\u2019\u0131n incelemesi, \u0130stanbul-\u00dcmraniye\u2019deki bu mahallenin \u00f6yk\u00fcs\u00fcn\u00fc anlat\u0131yor: 1960\u2019larda tipik gecekondu sistemi i\u00e7inde olu\u015fmaya ba\u015flayan mahalle i\u00e7inde, arsa da\u011f\u0131t\u0131m\u0131 vd. sorunlarla ilgili \u00e7\u0131kar \u00e7eli\u015fkileri ve m\u00fccadeleleri sonucunda geli\u015fen siyasalla\u015fma s\u00fcreci&#8230; Bu sorunlar\u0131 \u00e7\u00f6z\u00fcmlemek i\u00e7in kurulan Halk Komitesi&#8230; Kendini 1 May\u0131s Mahallesi diye adland\u0131ran mahallenin 1970\u2019lerin siyasal kutupla\u015fma ortam\u0131n\u0131n belliba\u015fl\u0131 \u2018konular\u0131ndan\u2019 ve \u00e7at\u0131\u015fma alanlar\u0131ndan biri haline geli\u015fi; kar\u015f\u0131la\u015ft\u0131\u011f\u0131 bask\u0131lar&#8230; Nihayet 12 Eyl\u00fcl 1980 darbesi ve mahallenin Mustafa Kemal Mahallesi ad\u0131yla \u2018legalle\u015fmesi\u2019! T\u00fcrkiye\u2019nin siyasal tarihinin 1960-1980 aras\u0131ndaki canl\u0131 d\u00f6neminin pek \u00e7ok olgusu gibi 1 May\u0131s Mahallesi de, toplumun b\u00fcy\u00fck \u00e7o\u011funlu\u011funca bilinmeyen son derece ilgin\u00e7 bir deneyimdir. Olsa olsa, y\u00fcceltici ya da -daha \u00e7ok-kriminalize edici kli\u015felerle an\u0131l\u0131r. \u015e\u00fckr\u00fc Aslan\u2019\u0131n \u00e7al\u0131\u015fmas\u0131, bu \u00f6nemli deneyimi b\u00fct\u00fcn boyutlar\u0131yla ayd\u0131nlat\u0131yor. B\u00f6ylelikle T\u00fcrkiye\u2019de kente g\u00f6\u00e7, gecekondula\u015fma, kent yoksullar\u0131 vb. sorunlara ili\u015fkin, bunun \u00f6tesinde kentte toplumsal hareketlerin potansiyeline ve anlam\u0131na ili\u015fkin bak\u0131\u015f a\u00e7\u0131s\u0131n\u0131 geni\u015fleten bir kitap, elinizdeki. \ufffcTan\u0131t\u0131m Metni<\/p>\n","protected":false},"excerpt":{"rendered":"<p>Toplumsal haf\u0131zada 12 Eyl\u00fcl 1980 \u00f6ncesi nin simgelerinden biridir 1 May\u0131s Mahallesi. O y\u0131llar\u0131 devlet otoritesinin acze d\u00fc\u015ft\u00fc\u011f\u00fc bir ter\u00f6r ve kaos d\u00f6nemi olarak g\u00f6renler i\u00e7in,<span class=\"excerpt-hellip\"> [\u2026]<\/span><\/p>\n","protected":false},"featured_media":0,"template":"","meta":{"_monsterinsights_skip_tracking":false,"_monsterinsights_sitenote_active":false,"_monsterinsights_sitenote_note":"","_monsterinsights_sitenote_category":0},"product_brand":[],"product_cat":[13656,12337],"product_tag":[],"class_list":{"0":"post-689056","1":"product","2":"type-product","3":"status-publish","5":"product_cat-azinliklar-etnik-sorunlar","6":"product_cat-politika-siyaset","7":"pa_cilt-ciltsiz","8":"pa_tur-kitap","9":"pa_yayinevi-iletisim-yayinlari","10":"pa_yazar-sukru-aslan","12":"first","13":"instock","14":"sale","15":"shipping-taxable","16":"purchasable","17":"product-type-simple"},"_links":{"self":[{"href":"https:\/\/roveyayinevi.com.tr\/index.php\/wp-json\/wp\/v2\/product\/689056","targetHints":{"allow":["GET"]}}],"collection":[{"href":"https:\/\/roveyayinevi.com.tr\/index.php\/wp-json\/wp\/v2\/product"}],"about":[{"href":"https:\/\/roveyayinevi.com.tr\/index.php\/wp-json\/wp\/v2\/types\/product"}],"wp:attachment":[{"href":"https:\/\/roveyayinevi.com.tr\/index.php\/wp-json\/wp\/v2\/media?parent=689056"}],"wp:term":[{"taxonomy":"product_brand","embeddable":true,"href":"https:\/\/roveyayinevi.com.tr\/index.php\/wp-json\/wp\/v2\/product_brand?post=689056"},{"taxonomy":"product_cat","embeddable":true,"href":"https:\/\/roveyayinevi.com.tr\/index.php\/wp-json\/wp\/v2\/product_cat?post=689056"},{"taxonomy":"product_tag","embeddable":true,"href":"https:\/\/roveyayinevi.com.tr\/index.php\/wp-json\/wp\/v2\/product_tag?post=689056"}],"curies":[{"name":"wp","href":"https:\/\/api.w.org\/{rel}","templated":true}]}}