{"id":689053,"date":"2025-08-27T13:09:37","date_gmt":"2025-08-27T10:09:37","guid":{"rendered":"https:\/\/roveyayinevi.com.tr\/index.php\/urun\/feminist-tarihyaziminda-sinif-ve-cinsiyet\/"},"modified":"2026-04-16T01:58:44","modified_gmt":"2026-04-15T22:58:44","slug":"feminist-tarihyaziminda-sinif-ve-cinsiyet","status":"publish","type":"product","link":"https:\/\/roveyayinevi.com.tr\/index.php\/urun\/feminist-tarihyaziminda-sinif-ve-cinsiyet\/","title":{"rendered":"Feminist Tarihyaz\u0131m\u0131nda S\u0131n\u0131f ve Cinsiyet"},"content":{"rendered":"<p>Leonore Davidoff\u2019un makalelerini biraraya getiren bu kitapta, geleneksel tarihyaz\u0131m\u0131nda marjinalle\u015ftirilip d\u0131\u015flanan faaliyetlerin ve kesimler inceleniyor. Bu konular\u0131n fazla \u00f6zel say\u0131l\u0131p g\u00f6z ard\u0131 edilmesine yol a\u00e7an iktidar dinamikleri ara\u015ft\u0131r\u0131l\u0131rken, iktidar ili\u015fkileri basit ve mekanik ili\u015fkiler olarak de\u011fil, olanca karma\u015f\u0131kl\u0131\u011f\u0131 ve \u00e7okboyutlulu\u011fu i\u00e7inde ele al\u0131n\u0131yor. \u00d6zel ile kamusal, k\u00fclt\u00fcr ile do\u011fa, ev ile i\u015f, bedensel ile d\u00fc\u015f\u00fcnsel gibi ikili ayr\u0131mlar\u0131n nas\u0131l kuruldu\u011funu, 19. y\u00fczy\u0131l \u0130ngilteresi \u00f6zelinde inceleyen yazar, bu ayr\u0131mlar\u0131n iktidar a\u00e7\u0131s\u0131ndan i\u015flevselli\u011fini g\u00f6sterirken yeni kavramsalla\u015ft\u0131rmalar\u0131n gereklili\u011fini ortaya koyuyar. Davidoff\u2019a g\u00f6re, somut tarihsel olgular\u0131n (\u00e7e\u015fitli ba\u011flamlarda aile\/akrabal\u0131k ili\u015fkilerinin, ev i\u015flerinin, hizmet\u00e7ilerin vb.) incelenmesi, s\u00f6zkonusu hiyerar\u015fik ayr\u0131mlar\u0131n a\u015f\u0131lmas\u0131, mevcut sosyal analiz modellerinin \u00f6tesine ge\u00e7ilmesi a\u00e7\u0131s\u0131ndan b\u00fcy\u00fck \u00f6nemi ta\u015f\u0131maktad\u0131r. Derlemede ayr\u0131ca, Ferhunde \u00d6zbay\u2019\u0131n Evlerinde El K\u0131zlar\u0131: Cariyeler, Evlatl\u0131klar, Gelinler adl\u0131 makalesi yer al\u0131yor. Davidoff\u2019un getirdi\u011fi kavramsal a\u00e7\u0131l\u0131mlardan yararlanan \u00d6zbay, \u00f6teki kad\u0131n kavram\u0131n\u0131n \u00f6zel alanda kurulmas\u0131n\u0131 derinlemesine ara\u015ft\u0131r\u0131yor. Ay\u015fe Durakba\u015fa\u2019n\u0131n yay\u0131na haz\u0131rlad\u0131\u011f\u0131 bu kitab\u0131n benzer kayg\u0131lar ta\u015f\u0131yan yeni \u00e7al\u0131\u015fmalar\u0131n \u00f6n\u00fcn\u00fc a\u00e7aca\u011f\u0131n\u0131 d\u00fc\u015f\u00fcn\u00fcyoruz. \ufffcTan\u0131t\u0131m Metni<\/p>\n","protected":false},"excerpt":{"rendered":"<p>Leonore Davidoff\u2019un makalelerini biraraya getiren bu kitapta, geleneksel tarihyaz\u0131m\u0131nda marjinalle\u015ftirilip d\u0131\u015flanan faaliyetlerin ve kesimler inceleniyor. Bu konular\u0131n fazla \u00f6zel say\u0131l\u0131p g\u00f6z ard\u0131 edilmesine yol a\u00e7an iktidar<span class=\"excerpt-hellip\"> [\u2026]<\/span><\/p>\n","protected":false},"featured_media":0,"template":"","meta":{"_monsterinsights_skip_tracking":false,"_monsterinsights_sitenote_active":false,"_monsterinsights_sitenote_note":"","_monsterinsights_sitenote_category":0},"product_brand":[],"product_cat":[12312,12304],"product_tag":[],"class_list":{"0":"post-689053","1":"product","2":"type-product","3":"status-publish","5":"product_cat-diger","6":"product_cat-tarih","7":"pa_cilt-ciltsiz","8":"pa_tur-kitap","9":"pa_yayinevi-iletisim-yayinlari","10":"pa_yazar-leonore-davidoff","12":"first","13":"instock","14":"sale","15":"shipping-taxable","16":"purchasable","17":"product-type-simple"},"_links":{"self":[{"href":"https:\/\/roveyayinevi.com.tr\/index.php\/wp-json\/wp\/v2\/product\/689053","targetHints":{"allow":["GET"]}}],"collection":[{"href":"https:\/\/roveyayinevi.com.tr\/index.php\/wp-json\/wp\/v2\/product"}],"about":[{"href":"https:\/\/roveyayinevi.com.tr\/index.php\/wp-json\/wp\/v2\/types\/product"}],"wp:attachment":[{"href":"https:\/\/roveyayinevi.com.tr\/index.php\/wp-json\/wp\/v2\/media?parent=689053"}],"wp:term":[{"taxonomy":"product_brand","embeddable":true,"href":"https:\/\/roveyayinevi.com.tr\/index.php\/wp-json\/wp\/v2\/product_brand?post=689053"},{"taxonomy":"product_cat","embeddable":true,"href":"https:\/\/roveyayinevi.com.tr\/index.php\/wp-json\/wp\/v2\/product_cat?post=689053"},{"taxonomy":"product_tag","embeddable":true,"href":"https:\/\/roveyayinevi.com.tr\/index.php\/wp-json\/wp\/v2\/product_tag?post=689053"}],"curies":[{"name":"wp","href":"https:\/\/api.w.org\/{rel}","templated":true}]}}