{"id":689052,"date":"2025-08-27T13:09:36","date_gmt":"2025-08-27T10:09:36","guid":{"rendered":"https:\/\/roveyayinevi.com.tr\/index.php\/urun\/felaket-henry-dunyalar-hakimi\/"},"modified":"2026-01-21T01:59:23","modified_gmt":"2026-01-20T22:59:23","slug":"felaket-henry-dunyalar-hakimi","status":"publish","type":"product","link":"https:\/\/roveyayinevi.com.tr\/index.php\/urun\/felaket-henry-dunyalar-hakimi\/","title":{"rendered":"Felaket Henry D\u00fcnyalar Hakimi"},"content":{"rendered":"<p>Felaket Henry hayallerinde kral olup d\u00fcnyaya h\u00fckmediyor, onun harika, parlak ve \u00e7arp\u0131c\u0131 planlar\u0131 herkesi dize getiriyor\u2026 Ne de olsa o Kral Felaket Henry! Ne mi yap\u0131yor? A\u015f\u0131 olmamak i\u00e7in Hem\u015fire \u015e\u0131r\u0131nga\u2019ya oyun oynuyor, dans g\u00f6sterisini birbirine kat\u0131yor, okula gitmemek i\u00e7in hasta numaras\u0131 yap\u0131yor ve Noel piyesinin y\u0131ld\u0131z\u0131 olmay\u0131 ba\u015far\u0131yor. <\/p>\n","protected":false},"excerpt":{"rendered":"<p>Felaket Henry hayallerinde kral olup d\u00fcnyaya h\u00fckmediyor, onun harika, parlak ve \u00e7arp\u0131c\u0131 planlar\u0131 herkesi dize getiriyor\u2026 Ne de olsa o Kral Felaket Henry! Ne mi yap\u0131yor?<span class=\"excerpt-hellip\"> [\u2026]<\/span><\/p>\n","protected":false},"featured_media":0,"template":"","meta":{"_monsterinsights_skip_tracking":false,"_monsterinsights_sitenote_active":false,"_monsterinsights_sitenote_note":"","_monsterinsights_sitenote_category":0},"product_brand":[],"product_cat":[12274,12284],"product_tag":[],"class_list":{"0":"post-689052","1":"product","2":"type-product","3":"status-publish","5":"product_cat-cocuk-ve-genclik-kitaplari","6":"product_cat-hikayeler","7":"pa_cilt-ciltsiz","8":"pa_tur-kitap","9":"pa_yayinevi-iletisim-yayinlari","10":"pa_yazar-francesca-simon","12":"first","13":"instock","14":"sale","15":"shipping-taxable","16":"purchasable","17":"product-type-simple"},"_links":{"self":[{"href":"https:\/\/roveyayinevi.com.tr\/index.php\/wp-json\/wp\/v2\/product\/689052","targetHints":{"allow":["GET"]}}],"collection":[{"href":"https:\/\/roveyayinevi.com.tr\/index.php\/wp-json\/wp\/v2\/product"}],"about":[{"href":"https:\/\/roveyayinevi.com.tr\/index.php\/wp-json\/wp\/v2\/types\/product"}],"wp:attachment":[{"href":"https:\/\/roveyayinevi.com.tr\/index.php\/wp-json\/wp\/v2\/media?parent=689052"}],"wp:term":[{"taxonomy":"product_brand","embeddable":true,"href":"https:\/\/roveyayinevi.com.tr\/index.php\/wp-json\/wp\/v2\/product_brand?post=689052"},{"taxonomy":"product_cat","embeddable":true,"href":"https:\/\/roveyayinevi.com.tr\/index.php\/wp-json\/wp\/v2\/product_cat?post=689052"},{"taxonomy":"product_tag","embeddable":true,"href":"https:\/\/roveyayinevi.com.tr\/index.php\/wp-json\/wp\/v2\/product_tag?post=689052"}],"curies":[{"name":"wp","href":"https:\/\/api.w.org\/{rel}","templated":true}]}}