{"id":689050,"date":"2025-08-27T13:09:36","date_gmt":"2025-08-27T10:09:36","guid":{"rendered":"https:\/\/roveyayinevi.com.tr\/index.php\/urun\/eski-yunan-ve-roma-tarihine-giris\/"},"modified":"2026-04-16T01:58:44","modified_gmt":"2026-04-15T22:58:44","slug":"eski-yunan-ve-roma-tarihine-giris","status":"publish","type":"product","link":"https:\/\/roveyayinevi.com.tr\/index.php\/urun\/eski-yunan-ve-roma-tarihine-giris\/","title":{"rendered":"Eski Yunan ve Roma Tarihine Giri\u015f"},"content":{"rendered":"<p>Eski Yunan ve Roma d\u00fcnyas\u0131; siyaset, hukuk, askerlik, mimarl\u0131k, sanat, d\u00fc\u015f\u00fcnce ve tarih yaz\u0131c\u0131l\u0131\u011f\u0131 alanlar\u0131nda g\u00fcn\u00fcm\u00fcz Bat\u0131 uygarl\u0131\u011f\u0131 \u00fczerinde \u00e7ok \u00f6nemli etkiler b\u0131rakm\u0131\u015ft\u0131r. Bat\u0131 d\u00fcnyas\u0131 -Girit\u2019teki Minos uygarl\u0131\u011f\u0131 ve Yunanistan\u2019daki Miken uygarl\u0131\u011f\u0131n\u0131 da kapsayacak \u015fekilde- Eski Yunan ve Roma uygarl\u0131klar\u0131n\u0131n b\u0131rakt\u0131\u011f\u0131 miras \u00fczerine kurulmu\u015ftur. Bu kitapta yakla\u015f\u0131k 3500 y\u0131ll\u0131k bir d\u00f6nemin tarihi ele al\u0131nmaktad\u0131r.  Polis  denen kent-devletlerinin kurulmaya ba\u015flamas\u0131, kolonizasyon, do\u011fa filozoflar\u0131, demokrasi ve demokratik y\u00f6netim bi\u00e7iminin ortaya \u00e7\u0131k\u0131\u015f\u0131, Herodotos ve Thukydides ile tarih\u00e7ili\u011fin geli\u015fimi, edebiyat, felsefe, Sokrates\u2019in idam\u0131, B\u00fcy\u00fck \u0130skender ve Hellenistik krall\u0131klar, Roma\u2019da krall\u0131k, Cumhuriyet ve \u0130mparatorluk d\u00f6nemleri, s\u0131n\u0131f m\u00fccadeleleri, Hannibal ve Kartaca Sava\u015flar\u0131,  Roma Mucizesi , \u0130\u00e7 Sava\u015f ve Caesar, Augustus ve Roma Bar\u0131\u015f\u0131, \u00e7ok tanr\u0131l\u0131 dinden H\u0131ristiyanl\u0131\u011fa ge\u00e7i\u015f, imparatorlu\u011fun ikiye b\u00f6l\u00fcnmesi ve Bat\u0131 Roma\u2019n\u0131n y\u0131k\u0131lmas\u0131 gibi Antik \u00c7a\u011f tarihine damgas\u0131n\u0131 vuran olaylar ve ki\u015filer Eski Yunan ve Roma Tarihine Giri\u015f\u2019te ayr\u0131nt\u0131l\u0131 bir \u015fekilde sunuluyor. <\/p>\n","protected":false},"excerpt":{"rendered":"<p>Eski Yunan ve Roma d\u00fcnyas\u0131; siyaset, hukuk, askerlik, mimarl\u0131k, sanat, d\u00fc\u015f\u00fcnce ve tarih yaz\u0131c\u0131l\u0131\u011f\u0131 alanlar\u0131nda g\u00fcn\u00fcm\u00fcz Bat\u0131 uygarl\u0131\u011f\u0131 \u00fczerinde \u00e7ok \u00f6nemli etkiler b\u0131rakm\u0131\u015ft\u0131r. Bat\u0131 d\u00fcnyas\u0131 -Girit\u2019teki<span class=\"excerpt-hellip\"> [\u2026]<\/span><\/p>\n","protected":false},"featured_media":0,"template":"","meta":{"_monsterinsights_skip_tracking":false,"_monsterinsights_sitenote_active":false,"_monsterinsights_sitenote_note":"","_monsterinsights_sitenote_category":0},"product_brand":[],"product_cat":[12312,12304],"product_tag":[],"class_list":{"0":"post-689050","1":"product","2":"type-product","3":"status-publish","5":"product_cat-diger","6":"product_cat-tarih","7":"pa_cilt-ciltsiz","8":"pa_tur-kitap","9":"pa_yayinevi-iletisim-yayinlari","10":"pa_yazar-oguz-tekin","12":"first","13":"instock","14":"sale","15":"shipping-taxable","16":"purchasable","17":"product-type-simple"},"_links":{"self":[{"href":"https:\/\/roveyayinevi.com.tr\/index.php\/wp-json\/wp\/v2\/product\/689050","targetHints":{"allow":["GET"]}}],"collection":[{"href":"https:\/\/roveyayinevi.com.tr\/index.php\/wp-json\/wp\/v2\/product"}],"about":[{"href":"https:\/\/roveyayinevi.com.tr\/index.php\/wp-json\/wp\/v2\/types\/product"}],"wp:attachment":[{"href":"https:\/\/roveyayinevi.com.tr\/index.php\/wp-json\/wp\/v2\/media?parent=689050"}],"wp:term":[{"taxonomy":"product_brand","embeddable":true,"href":"https:\/\/roveyayinevi.com.tr\/index.php\/wp-json\/wp\/v2\/product_brand?post=689050"},{"taxonomy":"product_cat","embeddable":true,"href":"https:\/\/roveyayinevi.com.tr\/index.php\/wp-json\/wp\/v2\/product_cat?post=689050"},{"taxonomy":"product_tag","embeddable":true,"href":"https:\/\/roveyayinevi.com.tr\/index.php\/wp-json\/wp\/v2\/product_tag?post=689050"}],"curies":[{"name":"wp","href":"https:\/\/api.w.org\/{rel}","templated":true}]}}