{"id":689047,"date":"2025-08-27T13:09:36","date_gmt":"2025-08-27T10:09:36","guid":{"rendered":"https:\/\/roveyayinevi.com.tr\/index.php\/urun\/feodal-toplumdan-yirminci-yuzyila\/"},"modified":"2026-04-16T01:58:44","modified_gmt":"2026-04-15T22:58:44","slug":"feodal-toplumdan-yirminci-yuzyila","status":"publish","type":"product","link":"https:\/\/roveyayinevi.com.tr\/index.php\/urun\/feodal-toplumdan-yirminci-yuzyila\/","title":{"rendered":"Feodal Toplumdan Yirminci Y\u00fczy\u0131la"},"content":{"rendered":"<p>Leo Huberman bu eser \u00fcst\u00fcne \u015f\u00f6yle diyor: Kitab\u0131n iki amac\u0131 var. Tarihi ekonomi teorisiyle ve ekonomi teorisini tarihle a\u00e7\u0131klamak. Bu d\u00fc\u011f\u00fcmlenme \u00f6nemli ve zorunludur. Ekonomik yan\u0131na gerekli ilgi g\u00f6sterilmeyince tarih \u00f6\u011frenimi sakat kal\u0131r. Ekonomi teorisini de tarihi arka plan\u0131ndan soyutland\u0131\u011f\u0131nda anlams\u0131zla\u015f\u0131r. \u2018S\u0131k\u0131c\u0131 bilim\u2019, tarihi bir bo\u015fluk i\u00e7inde \u00f6\u011fretildi\u011fi ve incelendi\u011fi s\u00fcrece s\u0131k\u0131c\u0131 kalacakt\u0131r. Okundu\u011funda g\u00f6r\u00fclece\u011fi gibi, yazar s\u00f6z\u00fcn\u00fc etti\u011fi ama\u00e7lara b\u00fct\u00fcn\u00fcyle ula\u015fm\u0131\u015ft\u0131r. \u0130nceledi\u011fi d\u00f6nemin toplumsal ve ekonomik yap\u0131s\u0131 ile, bu temel \u00fcst\u00fcnde geli\u015fen fikir ve eylemler aras\u0131ndaki ili\u015fkileri b\u00f6ylesine ustal\u0131kla ortaya koyan pek az \u00e7al\u0131\u015fma vard\u0131r. \u0130\u015fte bu ba\u015far\u0131d\u0131r ki, eldeki kitab\u0131n 1936\u2019dan beri bir\u00e7ok dile \u00e7evrilerek her meslek ve e\u011fitim d\u00fczeyinden yar\u0131m milyonun \u00fczerinde okuyucu bulmas\u0131n\u0131 ve aradan ge\u00e7en y\u0131llara ra\u011fmen \u00f6zellikle azgeli\u015fmi\u015f \u00fclkelerde tekrar tekrar bas\u0131lmas\u0131n\u0131 sa\u011flam\u0131\u015ft\u0131r. \ufffcTan\u0131t\u0131m Metni<\/p>\n","protected":false},"excerpt":{"rendered":"<p>Leo Huberman bu eser \u00fcst\u00fcne \u015f\u00f6yle diyor: Kitab\u0131n iki amac\u0131 var. Tarihi ekonomi teorisiyle ve ekonomi teorisini tarihle a\u00e7\u0131klamak. Bu d\u00fc\u011f\u00fcmlenme \u00f6nemli ve zorunludur. Ekonomik yan\u0131na<span class=\"excerpt-hellip\"> [\u2026]<\/span><\/p>\n","protected":false},"featured_media":0,"template":"","meta":{"_monsterinsights_skip_tracking":false,"_monsterinsights_sitenote_active":false,"_monsterinsights_sitenote_note":"","_monsterinsights_sitenote_category":0},"product_brand":[],"product_cat":[12305,12304],"product_tag":[],"class_list":{"0":"post-689047","1":"product","2":"type-product","3":"status-publish","5":"product_cat-dunya-tarihi","6":"product_cat-tarih","7":"pa_cilt-ciltsiz","8":"pa_tur-kitap","9":"pa_yayinevi-iletisim-yayinlari","10":"pa_yazar-leo-huberman","12":"first","13":"instock","14":"sale","15":"shipping-taxable","16":"purchasable","17":"product-type-simple"},"_links":{"self":[{"href":"https:\/\/roveyayinevi.com.tr\/index.php\/wp-json\/wp\/v2\/product\/689047","targetHints":{"allow":["GET"]}}],"collection":[{"href":"https:\/\/roveyayinevi.com.tr\/index.php\/wp-json\/wp\/v2\/product"}],"about":[{"href":"https:\/\/roveyayinevi.com.tr\/index.php\/wp-json\/wp\/v2\/types\/product"}],"wp:attachment":[{"href":"https:\/\/roveyayinevi.com.tr\/index.php\/wp-json\/wp\/v2\/media?parent=689047"}],"wp:term":[{"taxonomy":"product_brand","embeddable":true,"href":"https:\/\/roveyayinevi.com.tr\/index.php\/wp-json\/wp\/v2\/product_brand?post=689047"},{"taxonomy":"product_cat","embeddable":true,"href":"https:\/\/roveyayinevi.com.tr\/index.php\/wp-json\/wp\/v2\/product_cat?post=689047"},{"taxonomy":"product_tag","embeddable":true,"href":"https:\/\/roveyayinevi.com.tr\/index.php\/wp-json\/wp\/v2\/product_tag?post=689047"}],"curies":[{"name":"wp","href":"https:\/\/api.w.org\/{rel}","templated":true}]}}