{"id":689046,"date":"2025-08-27T13:09:35","date_gmt":"2025-08-27T10:09:35","guid":{"rendered":"https:\/\/roveyayinevi.com.tr\/index.php\/urun\/felaket-henrynin-cikartma-kitabi\/"},"modified":"2026-01-21T01:59:23","modified_gmt":"2026-01-20T22:59:23","slug":"felaket-henrynin-cikartma-kitabi","status":"publish","type":"product","link":"https:\/\/roveyayinevi.com.tr\/index.php\/urun\/felaket-henrynin-cikartma-kitabi\/","title":{"rendered":"Felaket Henry&#8217;nin \u00c7\u0131kartma Kitab\u0131"},"content":{"rendered":"<p>FELAKET HENRY\u2019nin g\u00fcnl\u00fc\u011f\u00fcn\u00fc renkli \u00e7\u0131kartmalarla s\u00fcsle, arkada\u015flar\u0131na ve d\u00fc\u015fmanlar\u0131na hayat ver! su lekesi, parmak izi, glop, Alt\u0131n gizmo Lekeler, \u00f6r\u00fcmcekler Oyuncaklar, yapbozlar. <\/p>\n","protected":false},"excerpt":{"rendered":"<p>FELAKET HENRY\u2019nin g\u00fcnl\u00fc\u011f\u00fcn\u00fc renkli \u00e7\u0131kartmalarla s\u00fcsle, arkada\u015flar\u0131na ve d\u00fc\u015fmanlar\u0131na hayat ver! su lekesi, parmak izi, glop, Alt\u0131n gizmo Lekeler, \u00f6r\u00fcmcekler Oyuncaklar, yapbozlar.<\/p>\n","protected":false},"featured_media":0,"template":"","meta":{"_monsterinsights_skip_tracking":false,"_monsterinsights_sitenote_active":false,"_monsterinsights_sitenote_note":"","_monsterinsights_sitenote_category":0},"product_brand":[],"product_cat":[12312,12304],"product_tag":[],"class_list":{"0":"post-689046","1":"product","2":"type-product","3":"status-publish","5":"product_cat-diger","6":"product_cat-tarih","7":"pa_cilt-ciltsiz","8":"pa_tur-kitap","9":"pa_yayinevi-iletisim-yayinlari","10":"pa_yazar-francesca-simon","12":"first","13":"instock","14":"sale","15":"shipping-taxable","16":"purchasable","17":"product-type-simple"},"_links":{"self":[{"href":"https:\/\/roveyayinevi.com.tr\/index.php\/wp-json\/wp\/v2\/product\/689046","targetHints":{"allow":["GET"]}}],"collection":[{"href":"https:\/\/roveyayinevi.com.tr\/index.php\/wp-json\/wp\/v2\/product"}],"about":[{"href":"https:\/\/roveyayinevi.com.tr\/index.php\/wp-json\/wp\/v2\/types\/product"}],"wp:attachment":[{"href":"https:\/\/roveyayinevi.com.tr\/index.php\/wp-json\/wp\/v2\/media?parent=689046"}],"wp:term":[{"taxonomy":"product_brand","embeddable":true,"href":"https:\/\/roveyayinevi.com.tr\/index.php\/wp-json\/wp\/v2\/product_brand?post=689046"},{"taxonomy":"product_cat","embeddable":true,"href":"https:\/\/roveyayinevi.com.tr\/index.php\/wp-json\/wp\/v2\/product_cat?post=689046"},{"taxonomy":"product_tag","embeddable":true,"href":"https:\/\/roveyayinevi.com.tr\/index.php\/wp-json\/wp\/v2\/product_tag?post=689046"}],"curies":[{"name":"wp","href":"https:\/\/api.w.org\/{rel}","templated":true}]}}