{"id":689044,"date":"2025-08-27T13:09:35","date_gmt":"2025-08-27T10:09:35","guid":{"rendered":"https:\/\/roveyayinevi.com.tr\/index.php\/urun\/insanlik-durumu-andre-malrux\/"},"modified":"2026-04-16T01:58:44","modified_gmt":"2026-04-15T22:58:44","slug":"insanlik-durumu-andre-malrux","status":"publish","type":"product","link":"https:\/\/roveyayinevi.com.tr\/index.php\/urun\/insanlik-durumu-andre-malrux\/","title":{"rendered":"\u0130nsanl\u0131k Durumu-Andre Malrux"},"content":{"rendered":"<p>Frans\u0131z romanc\u0131 Andr\u00e9 Malraux\u2019nun politik idealizm ve devrimci m\u00fccadelenin trajik \u00e7eli\u015fkilerini anlatan, d\u00fcnyaca \u00fcnl\u00fc ba\u015fyap\u0131t\u0131. \u0130nsanl\u0131k Durumu, 1927 \u015eanghay i\u015f\u00e7i grevini ve ard\u0131ndan \u00c7an Kay\u015fek\u2019in Kuomintang\u2019\u0131n eski kom\u00fcnist m\u00fcttefiklerine kar\u015f\u0131 ba\u015flatt\u0131\u011f\u0131 bask\u0131 ve tevkif dalgas\u0131n\u0131 konu eder. Ba\u015fkent Pekin\u2019in ve \u00c7in kom\u00fcnist devriminin gelece\u011fini belirleyen olaylar, karakterlerin trajik yazg\u0131lar\u0131yla i\u00e7 i\u00e7e ge\u00e7er. \u0130nsanl\u0131\u011f\u0131n i\u00e7inde bulundu\u011fu karamsarl\u0131k ve yaln\u0131zl\u0131\u011f\u0131n yolda\u015fl\u0131k duygusuyla giderilebilece\u011fini d\u00fc\u015f\u00fcnen karakterler \u015fiddet ve entrika, \u00f6l\u00fcm ve \u0131st\u0131rap dolu bir sarmala s\u00fcr\u00fcklenirler. Malraux\u2019nun kahramanlar\u0131 politik idealizmin erdemleri kadar zaaflar\u0131 ve \u00e7eli\u015fkileriyle de y\u00fczle\u015firler. \u0130spanya \u0130\u00e7 Sava\u015f\u0131\u2019ndan Nazi Almanyas\u0131\u2019na, 20. y\u00fczy\u0131l\u0131n r\u00f6ntgenini \u00e7eken Malraux, \u0130nsanl\u0131k Durumu\u2019nda \u00c7in devrimi \u00fcst\u00fcnden bir anlam ve de\u011fer sistemi olarak siyasal eylemi sorguluyor. \u201c\u0130nsanl\u0131k Durumu, \u00c7in Devrimi\u2019nin trajedisini kurmaca alan\u0131na ta\u015f\u0131yan bir eser. Malraux, \u015eangay\u2019daki ac\u0131 ve karga\u015fa dolu epik anlar\u0131 betimlerken sahipsiz b\u0131rak\u0131lan bir devrimin trajedisini anlat\u0131yor.\u201d Christopher Hitchens<\/p>\n","protected":false},"excerpt":{"rendered":"<p>Frans\u0131z romanc\u0131 Andr\u00e9 Malraux\u2019nun politik idealizm ve devrimci m\u00fccadelenin trajik \u00e7eli\u015fkilerini anlatan, d\u00fcnyaca \u00fcnl\u00fc ba\u015fyap\u0131t\u0131. \u0130nsanl\u0131k Durumu, 1927 \u015eanghay i\u015f\u00e7i grevini ve ard\u0131ndan \u00c7an Kay\u015fek\u2019in Kuomintang\u2019\u0131n<span class=\"excerpt-hellip\"> [\u2026]<\/span><\/p>\n","protected":false},"featured_media":0,"template":"","meta":{"_monsterinsights_skip_tracking":false,"_monsterinsights_sitenote_active":false,"_monsterinsights_sitenote_note":"","_monsterinsights_sitenote_category":0},"product_brand":[],"product_cat":[12291,13376],"product_tag":[],"class_list":{"0":"post-689044","1":"product","2":"type-product","3":"status-publish","5":"product_cat-edebiyat","6":"product_cat-fransiz-edebiyati","7":"pa_cilt-ciltsiz","8":"pa_tur-kitap","9":"pa_yayinevi-iletisim-yayinlari","10":"pa_yazar-andre-malraux","12":"first","13":"instock","14":"sale","15":"shipping-taxable","16":"purchasable","17":"product-type-simple"},"_links":{"self":[{"href":"https:\/\/roveyayinevi.com.tr\/index.php\/wp-json\/wp\/v2\/product\/689044","targetHints":{"allow":["GET"]}}],"collection":[{"href":"https:\/\/roveyayinevi.com.tr\/index.php\/wp-json\/wp\/v2\/product"}],"about":[{"href":"https:\/\/roveyayinevi.com.tr\/index.php\/wp-json\/wp\/v2\/types\/product"}],"wp:attachment":[{"href":"https:\/\/roveyayinevi.com.tr\/index.php\/wp-json\/wp\/v2\/media?parent=689044"}],"wp:term":[{"taxonomy":"product_brand","embeddable":true,"href":"https:\/\/roveyayinevi.com.tr\/index.php\/wp-json\/wp\/v2\/product_brand?post=689044"},{"taxonomy":"product_cat","embeddable":true,"href":"https:\/\/roveyayinevi.com.tr\/index.php\/wp-json\/wp\/v2\/product_cat?post=689044"},{"taxonomy":"product_tag","embeddable":true,"href":"https:\/\/roveyayinevi.com.tr\/index.php\/wp-json\/wp\/v2\/product_tag?post=689044"}],"curies":[{"name":"wp","href":"https:\/\/api.w.org\/{rel}","templated":true}]}}