{"id":689043,"date":"2025-08-27T13:09:35","date_gmt":"2025-08-27T10:09:35","guid":{"rendered":"https:\/\/roveyayinevi.com.tr\/index.php\/urun\/alevi-kurtler-dinsel-etnik-ve-politik-sorunlar-baglaminda\/"},"modified":"2026-01-26T01:59:18","modified_gmt":"2026-01-25T22:59:18","slug":"alevi-kurtler-dinsel-etnik-ve-politik-sorunlar-baglaminda","status":"publish","type":"product","link":"https:\/\/roveyayinevi.com.tr\/index.php\/urun\/alevi-kurtler-dinsel-etnik-ve-politik-sorunlar-baglaminda\/","title":{"rendered":"Alevi K\u00fcrtler Dinsel, Etnik ve Politik Sorunlar Ba\u011flam\u0131nda"},"content":{"rendered":"<p>Alevi K\u00fcrt kimli\u011fi \u00fczerine yapt\u0131\u011f\u0131 kapsaml\u0131 ara\u015ft\u0131rmada Erdal Gezik, konuya \u00e7ok geni\u015f bir bak\u0131\u015f a\u00e7\u0131s\u0131yla yakla\u015f\u0131yor: Etnik ve dinsel tan\u0131mlaman\u0131n sorunlar\u0131n\u0131, dilsel ayr\u0131\u015fman\u0131n boyutlar\u0131n\u0131, Alevi-S\u00fcnni ili\u015fkilerini, \u015eeyh Sait \u0130syan\u0131 ve Dersim 38 olaylar\u0131n\u0131n kolektif haf\u0131zada yaratt\u0131\u011f\u0131 yar\u0131lmalar\u0131 k\u00fclt\u00fcrel ve tarihsel boyutlar\u0131yla ele al\u0131yor. Gezik\u2019in i\u015fledi\u011fi a\u015firet olgusunun \u00f6nemi, \u00e7oklukla g\u00f6z ard\u0131 edilen Dersimli Seyitlerin etkileri, Ankara\u2019n\u0131n y\u00fcr\u00fctt\u00fc\u011f\u00fc siyasetin Alevi K\u00fcrt kimli\u011finin \u015fekilleni\u015finde oynad\u0131\u011f\u0131 rol gibi konular, hem yeni sorular ve bak\u0131\u015f a\u00e7\u0131lar\u0131 geli\u015ftiriyor hem de ge\u00e7mi\u015fle g\u00fcn\u00fcm\u00fcz aras\u0131nda var olan sars\u0131lmaz ili\u015fkinin arka plan\u0131na \u0131\u015f\u0131k tutuyor. \u201cErdal Gezik\u2019in \u00e7al\u0131\u015fmalar\u0131, okuyucular\u0131 \u00f6zel olarak K\u00fcrt Aleviler, genel olarak da Alevilik konusunda, yayg\u0131n \u015fablonlardan uzak, yeni tarihsel ve sosyolojik yakla\u015f\u0131mlara davet ediyor. Gezik\u2019in sakin bir \u00fcslupla geli\u015ftirdi\u011fi teorik ve ele\u015ftirel \u00e7er\u00e7eve, ayn\u0131 zamanda T\u00fcrkiye\u2019de kimlik tart\u0131\u015fmalar\u0131na da yeni bir boyut kazand\u0131r\u0131yor. Gezik\u2019in hem yaz\u0131l\u0131 kaynaklar\u0131 hem de s\u00f6zl\u00fc tarihin genellikle dikkate al\u0131nmayan kaynaklar\u0131n\u0131 b\u00fcy\u00fck ustal\u0131kla kulland\u0131\u011f\u0131n\u0131 ve bunlardan yola \u00e7\u0131karak Alevilikle ilgili \u015fimdiye kadar de\u011fi\u015fmez ger\u00e7ekler olarak kabul edilen bir\u00e7ok postulat\u0131 sorgulad\u0131\u011f\u0131n\u0131 da eklemek gerekli.\u201d Hamit Bozarslan \u201cErdal Gezik\u2019in okunmaya de\u011fer bu kitab\u0131, K\u00fcrt Alevilerinin tarihine y\u00f6ntem ve i\u00e7erik olarak \u00f6nemli bir katk\u0131d\u0131r. Kitap, Bekta\u015filik ve bat\u0131 Alevili\u011fi \u00fczerinden yap\u0131lan ara\u015ft\u0131rmalar\u0131n neticelerinin Alevilik i\u00e7in genel olarak ge\u00e7erli olmad\u0131\u011f\u0131na a\u00e7\u0131kl\u0131k getiriyor. Anadolu Alevili\u011finin anla\u015f\u0131lmas\u0131 i\u00e7in Dersim\u2019in \u00f6nemine vurgu yap\u0131yor.\u201d Hans-Lukas Kieser<\/p>\n","protected":false},"excerpt":{"rendered":"<p>Alevi K\u00fcrt kimli\u011fi \u00fczerine yapt\u0131\u011f\u0131 kapsaml\u0131 ara\u015ft\u0131rmada Erdal Gezik, konuya \u00e7ok geni\u015f bir bak\u0131\u015f a\u00e7\u0131s\u0131yla yakla\u015f\u0131yor: Etnik ve dinsel tan\u0131mlaman\u0131n sorunlar\u0131n\u0131, dilsel ayr\u0131\u015fman\u0131n boyutlar\u0131n\u0131, Alevi-S\u00fcnni ili\u015fkilerini,<span class=\"excerpt-hellip\"> [\u2026]<\/span><\/p>\n","protected":false},"featured_media":0,"template":"","meta":{"_monsterinsights_skip_tracking":false,"_monsterinsights_sitenote_active":false,"_monsterinsights_sitenote_note":"","_monsterinsights_sitenote_category":0},"product_brand":[],"product_cat":[13590,12337],"product_tag":[],"class_list":{"0":"post-689043","1":"product","2":"type-product","3":"status-publish","5":"product_cat-arastirma-inceleme-politika-siyaset","6":"product_cat-politika-siyaset","7":"pa_cilt-ciltsiz","8":"pa_tur-kitap","9":"pa_yayinevi-iletisim-yayinlari","10":"pa_yazar-erdal-gezik","12":"first","13":"instock","14":"sale","15":"shipping-taxable","16":"purchasable","17":"product-type-simple"},"_links":{"self":[{"href":"https:\/\/roveyayinevi.com.tr\/index.php\/wp-json\/wp\/v2\/product\/689043","targetHints":{"allow":["GET"]}}],"collection":[{"href":"https:\/\/roveyayinevi.com.tr\/index.php\/wp-json\/wp\/v2\/product"}],"about":[{"href":"https:\/\/roveyayinevi.com.tr\/index.php\/wp-json\/wp\/v2\/types\/product"}],"wp:attachment":[{"href":"https:\/\/roveyayinevi.com.tr\/index.php\/wp-json\/wp\/v2\/media?parent=689043"}],"wp:term":[{"taxonomy":"product_brand","embeddable":true,"href":"https:\/\/roveyayinevi.com.tr\/index.php\/wp-json\/wp\/v2\/product_brand?post=689043"},{"taxonomy":"product_cat","embeddable":true,"href":"https:\/\/roveyayinevi.com.tr\/index.php\/wp-json\/wp\/v2\/product_cat?post=689043"},{"taxonomy":"product_tag","embeddable":true,"href":"https:\/\/roveyayinevi.com.tr\/index.php\/wp-json\/wp\/v2\/product_tag?post=689043"}],"curies":[{"name":"wp","href":"https:\/\/api.w.org\/{rel}","templated":true}]}}