{"id":689042,"date":"2025-08-27T13:09:35","date_gmt":"2025-08-27T10:09:35","guid":{"rendered":"https:\/\/roveyayinevi.com.tr\/index.php\/urun\/islam-uygarliklari-tarihi-cilt-2\/"},"modified":"2026-03-17T02:01:34","modified_gmt":"2026-03-16T23:01:34","slug":"islam-uygarliklari-tarihi-cilt-2","status":"publish","type":"product","link":"https:\/\/roveyayinevi.com.tr\/index.php\/urun\/islam-uygarliklari-tarihi-cilt-2\/","title":{"rendered":"\u0130slam Uygarl\u0131klar\u0131 Tarihi Cilt 2"},"content":{"rendered":"<p>L\u00fcbnanl\u0131 Ortodoks bir aileden gelen Corc\u00ee Zeyd\u00e2n 19. y\u00fczy\u0131l\u0131n en \u00f6nemli \u0130sl\u00e2m tarihi, dil ve k\u00fclt\u00fcr\u00fc ara\u015ft\u0131rmac\u0131lar\u0131ndan biriydi. \u0130ngilizce, Latince, Frans\u0131zca, Almanca, \u0130branice ve S\u00fcryanice bilen Zeyd\u00e2n, tarihin yan\u0131 s\u0131ra Arap dili ve edebiyat\u0131 konusunda da bir\u00e7ok eser verdi. \u0130sl\u00e2m tarihinin, a\u011f\u0131rl\u0131kl\u0131 olarak da Osmanl\u0131 \u00f6ncesi d\u00f6nemin ele al\u0131nd\u0131\u011f\u0131 bu \u00fcnl\u00fc eserinde Corc\u00ee Zeyd\u00e2n, \u0130sl\u00e2m uygarl\u0131\u011f\u0131 ve Arap halklar\u0131 konusunda hayli zengin bir kaynak sunuyor. G\u00fcn\u00fcm\u00fczde klasik bir \u0130sl\u00e2m uygarl\u0131\u011f\u0131 tarihi olarak kabul edilen bu kitap, Bat\u0131 dillerinin yan\u0131nda, Fars\u00e7a ve Urducaya da \u00e7evrildi. Orjinali be\u015f cilt olan, T\u00fcrk\u00e7esini iki cilt halinde yay\u0131mlad\u0131\u011f\u0131m\u0131z \u0130sl\u00e2m Uygarl\u0131klar\u0131 Tarihi, Oxford \u00dcniversitesi\u2019nden T\u00fcrkiye\u2019deki ilahiyat fak\u00fcltelerine kadar, bir\u00e7ok \u00fcniversitede bir asra yak\u0131n s\u00fcredir ders kitab\u0131 olarak okutulmaktad\u0131r. Konya \u00dcniversitesi Tarih B\u00f6l\u00fcm\u00fc Ba\u015fkan\u0131 Do\u00e7. Dr. Nejdet G\u00f6k\u2019\u00fcn g\u00fcn\u00fcm\u00fcz T\u00fcrk\u00e7esine \u00e7evirdi\u011fi ve dipnotlarla yay\u0131na haz\u0131rlad\u0131\u011f\u0131 bu e\u015fsiz eser \u00f6nemli bir ba\u015fvuru kayna\u011f\u0131.  Dr. Nejdet G\u00f6k taraf\u0131ndan dipnotlar ve bir giri\u015fle zenginle\u015ftirilerek dilimize kazand\u0131r\u0131lan bu \u00f6nemli kitaba T\u00fcrk okurlar\u0131n\u0131n b\u00fcy\u00fck ihtiyac\u0131 oldu\u011fu kanaatindeyim. \u00d6zellikle Arap d\u00fcnyas\u0131nda standart bir kitap olarak kabul edilen bu klasik eserin yay\u0131m\u0131, \u00f6nemli bir k\u00fclt\u00fcr hizmeti olman\u0131n yan\u0131nda, T\u00fcrk bilim \u00e7evresinde b\u00fcy\u00fck bir bo\u015flu\u011fu dolduracak, \u0130sl\u00e2m tarihi ve uygarl\u0131\u011f\u0131 ile ilgili \u00e7al\u0131\u015fmalara da bir zenginlik kazand\u0131racakt\u0131r.  -Prof. Dr. Halil \u0130nalc\u0131k <\/p>\n","protected":false},"excerpt":{"rendered":"<p>L\u00fcbnanl\u0131 Ortodoks bir aileden gelen Corc\u00ee Zeyd\u00e2n 19. y\u00fczy\u0131l\u0131n en \u00f6nemli \u0130sl\u00e2m tarihi, dil ve k\u00fclt\u00fcr\u00fc ara\u015ft\u0131rmac\u0131lar\u0131ndan biriydi. \u0130ngilizce, Latince, Frans\u0131zca, Almanca, \u0130branice ve S\u00fcryanice bilen<span class=\"excerpt-hellip\"> [\u2026]<\/span><\/p>\n","protected":false},"featured_media":0,"template":"","meta":{"_monsterinsights_skip_tracking":false,"_monsterinsights_sitenote_active":false,"_monsterinsights_sitenote_note":"","_monsterinsights_sitenote_category":0},"product_brand":[],"product_cat":[12718,12858],"product_tag":[],"class_list":{"0":"post-689042","1":"product","2":"type-product","3":"status-publish","5":"product_cat-din","6":"product_cat-mitolojiler","7":"pa_cilt-ciltsiz","8":"pa_tur-kitap","9":"pa_yayinevi-iletisim-yayinlari","10":"pa_yazar-corci-zeydan","12":"first","13":"instock","14":"sale","15":"shipping-taxable","16":"purchasable","17":"product-type-simple"},"_links":{"self":[{"href":"https:\/\/roveyayinevi.com.tr\/index.php\/wp-json\/wp\/v2\/product\/689042","targetHints":{"allow":["GET"]}}],"collection":[{"href":"https:\/\/roveyayinevi.com.tr\/index.php\/wp-json\/wp\/v2\/product"}],"about":[{"href":"https:\/\/roveyayinevi.com.tr\/index.php\/wp-json\/wp\/v2\/types\/product"}],"wp:attachment":[{"href":"https:\/\/roveyayinevi.com.tr\/index.php\/wp-json\/wp\/v2\/media?parent=689042"}],"wp:term":[{"taxonomy":"product_brand","embeddable":true,"href":"https:\/\/roveyayinevi.com.tr\/index.php\/wp-json\/wp\/v2\/product_brand?post=689042"},{"taxonomy":"product_cat","embeddable":true,"href":"https:\/\/roveyayinevi.com.tr\/index.php\/wp-json\/wp\/v2\/product_cat?post=689042"},{"taxonomy":"product_tag","embeddable":true,"href":"https:\/\/roveyayinevi.com.tr\/index.php\/wp-json\/wp\/v2\/product_tag?post=689042"}],"curies":[{"name":"wp","href":"https:\/\/api.w.org\/{rel}","templated":true}]}}