{"id":689040,"date":"2025-08-27T13:09:34","date_gmt":"2025-08-27T10:09:34","guid":{"rendered":"https:\/\/roveyayinevi.com.tr\/index.php\/urun\/batida-siyasal-dusunceler-sokratesten-jakobenlere\/"},"modified":"2026-04-16T01:58:44","modified_gmt":"2026-04-15T22:58:44","slug":"batida-siyasal-dusunceler-sokratesten-jakobenlere","status":"publish","type":"product","link":"https:\/\/roveyayinevi.com.tr\/index.php\/urun\/batida-siyasal-dusunceler-sokratesten-jakobenlere\/","title":{"rendered":"Bat\u0131&#8217;da Siyasal D\u00fc\u015f\u00fcnceler: Sokrates&#8217;ten Jakobenlere"},"content":{"rendered":"<p>Antik Yunan kent-devletlerinin ad\u0131 olan polis, Bat\u0131 siyasal d\u00fc\u015f\u00fcncesinde, devletin izledi\u011fi tarihsel yolculu\u011fun en m\u00fckemmel ba\u015flang\u0131\u00e7 noktas\u0131 say\u0131lm\u0131\u015ft\u0131r. 1789 Frans\u0131z Devrimi ise, varl\u0131\u011f\u0131n\u0131 kendisinden \u00f6nceki bir\u00e7ok geli\u015fmeye bor\u00e7lu olmakla birlikte, eski d\u00fcnyan\u0131n art\u0131k t\u00fcm\u00fcyle tarihe kar\u0131\u015ft\u0131\u011f\u0131n\u0131, yepyeni bir d\u00fcnyay\u0131, burjuva d\u00fcnyas\u0131n\u0131 haber veren k\u0131r\u0131lma noktas\u0131n\u0131 i\u015faretlemek i\u00e7in \u00fczerinde uzla\u015f\u0131lan simgeye d\u00f6n\u00fc\u015fm\u00fc\u015ft\u00fcr. Elinizdeki kitap bu nedenle Antik Yunan\u2019la ba\u015flay\u0131p Frans\u0131z Devrimi\u2019yle kapanmaktad\u0131r. Modern siyasal d\u00fc\u015f\u00fcncenin arkaik (eskil) ama eskimeyen k\u00f6klerine bir yolculuk ya da bir geri d\u00f6n\u00fc\u015f&#8230; Kim bilir belki de hem bir Yunan d\u00fc\u015f\u00fcn\u00fcr\u00fcn\u00fcn, Epikuros\u2019un, hem de \u00e7a\u011fda\u015f bir yazar\u0131n, Ursula K. LeGuin\u2019in dedi\u011fi gibi, ger\u00e7ek ilerleme, geriye d\u00f6n\u00fc\u015ft\u00fcr. T\u00fcrkiye\u2019de genel olarak siyaset bilimi, \u00f6zel olarak siyasal teori, siyaset felsefesi ve siyasal d\u00fc\u015f\u00fcnce tarihi alan\u0131nda en k\u00f6kl\u00fc e\u011fitim kurumu olan Ankara \u00dcniversitesi Siyasal Bilgiler Fak\u00fcltesi\u2019nin deneyimli isimleriyle gen\u00e7 ku\u015fak akademisyenlerinin ortak \u00fcr\u00fcn\u00fc olan bu \u00e7al\u0131\u015fma, \u00fcniversite lisans \u00f6\u011frencileri i\u00e7in bir kaynak kitap olmas\u0131n\u0131n yan\u0131nda, siyasal d\u00fc\u015f\u00fcncenin ser\u00fcvenini izlemek isteyen b\u00fct\u00fcn okurlara keyifli bir yolculuk imk\u00e2n\u0131 sunuyor. \ufffcTan\u0131t\u0131m Metni<\/p>\n","protected":false},"excerpt":{"rendered":"<p>Antik Yunan kent-devletlerinin ad\u0131 olan polis, Bat\u0131 siyasal d\u00fc\u015f\u00fcncesinde, devletin izledi\u011fi tarihsel yolculu\u011fun en m\u00fckemmel ba\u015flang\u0131\u00e7 noktas\u0131 say\u0131lm\u0131\u015ft\u0131r. 1789 Frans\u0131z Devrimi ise, varl\u0131\u011f\u0131n\u0131 kendisinden \u00f6nceki bir\u00e7ok<span class=\"excerpt-hellip\"> [\u2026]<\/span><\/p>\n","protected":false},"featured_media":0,"template":"","meta":{"_monsterinsights_skip_tracking":false,"_monsterinsights_sitenote_active":false,"_monsterinsights_sitenote_note":"","_monsterinsights_sitenote_category":0},"product_brand":[],"product_cat":[12312,12304],"product_tag":[],"class_list":{"0":"post-689040","1":"product","2":"type-product","3":"status-publish","5":"product_cat-diger","6":"product_cat-tarih","7":"pa_cilt-ciltsiz","8":"pa_tur-kitap","9":"pa_yayinevi-iletisim-yayinlari","10":"pa_yazar-mehmet-ali-agaogullari-ed","12":"first","13":"instock","14":"sale","15":"shipping-taxable","16":"purchasable","17":"product-type-simple"},"_links":{"self":[{"href":"https:\/\/roveyayinevi.com.tr\/index.php\/wp-json\/wp\/v2\/product\/689040","targetHints":{"allow":["GET"]}}],"collection":[{"href":"https:\/\/roveyayinevi.com.tr\/index.php\/wp-json\/wp\/v2\/product"}],"about":[{"href":"https:\/\/roveyayinevi.com.tr\/index.php\/wp-json\/wp\/v2\/types\/product"}],"wp:attachment":[{"href":"https:\/\/roveyayinevi.com.tr\/index.php\/wp-json\/wp\/v2\/media?parent=689040"}],"wp:term":[{"taxonomy":"product_brand","embeddable":true,"href":"https:\/\/roveyayinevi.com.tr\/index.php\/wp-json\/wp\/v2\/product_brand?post=689040"},{"taxonomy":"product_cat","embeddable":true,"href":"https:\/\/roveyayinevi.com.tr\/index.php\/wp-json\/wp\/v2\/product_cat?post=689040"},{"taxonomy":"product_tag","embeddable":true,"href":"https:\/\/roveyayinevi.com.tr\/index.php\/wp-json\/wp\/v2\/product_tag?post=689040"}],"curies":[{"name":"wp","href":"https:\/\/api.w.org\/{rel}","templated":true}]}}