{"id":689037,"date":"2025-08-27T13:09:34","date_gmt":"2025-08-27T10:09:34","guid":{"rendered":"https:\/\/roveyayinevi.com.tr\/index.php\/urun\/avrupada-insan-haklari\/"},"modified":"2026-04-16T01:58:43","modified_gmt":"2026-04-15T22:58:43","slug":"avrupada-insan-haklari","status":"publish","type":"product","link":"https:\/\/roveyayinevi.com.tr\/index.php\/urun\/avrupada-insan-haklari\/","title":{"rendered":"Avrupa&#8217;da \u0130nsan Haklar\u0131"},"content":{"rendered":"<p>G\u00fcn\u00fcm\u00fczde insan haklar\u0131, hi\u00e7bir zaman olmad\u0131\u011f\u0131 kadar kabul g\u00f6r\u00fcyor ve \u00f6zellikle Avrupa\u2019n\u0131n siyasi retori\u011finde \u015fiddetle destekleniyor; ancak somut ger\u00e7eklikte, Avrupa da dahil, her yerde ihlal ediliyor. \u00dczerinde mutabakata var\u0131lm\u0131\u015f olan standartlar\u0131n istikrarl\u0131 bir bi\u00e7imde uygulanmamas\u0131n\u0131n yan\u0131nda, y\u00fcr\u00fctmede de aksakl\u0131klar ya\u015fan\u0131yor. Cezaevlerinin a\u015f\u0131r\u0131 kalabal\u0131k oldu\u011fu Avrupa \u00fclkelerinin bir\u00e7o\u011funda hukukun \u00fcst\u00fcnl\u00fc\u011f\u00fc ilkesi \u00e7i\u011fneniyor ve ekonomik krizlerden en olumsuz etkilenenler, en k\u0131r\u0131lgan kesimler oluyor. Avrupa\u2019da \u0130nsan Haklar\u0131, bu ger\u00e7ekli\u011fi ele alan bir \u00e7al\u0131\u015fma. Avrupa Konseyi \u0130nsan Haklar\u0131 Komiseri Thomas Hammarberg, ziyaretleri s\u0131ras\u0131nda g\u00f6zlemledi\u011fi yabanc\u0131 d\u00fc\u015fmanl\u0131\u011f\u0131n\u0131, homofobiyi, Romanlar\u0131 ma\u011fdur eden ayr\u0131mc\u0131l\u0131\u011f\u0131, \u00e7ocuk istismar\u0131n\u0131, kad\u0131nlara y\u00f6nelik \u015fiddeti ve engelli insanlar\u0131 hedef alan haks\u0131zl\u0131klar\u0131 anlat\u0131yor; Avrupa\u2019da halen mevcut olan eksiklikleri tan\u0131mlarken bunlara somut \u00e7areler \u00f6neriyor. \u0130nsan haklar\u0131n\u0131n hi\u00e7bir \u015fekilde hayal \u00fcr\u00fcn\u00fc olmad\u0131\u011f\u0131n\u0131 savunan Hammarberg, insan haklar\u0131 a\u00e7\u0131s\u0131ndan ve bar\u0131\u015f\u00e7\u0131, d\u00fcr\u00fcst, adil bir toplum i\u00e7in \u015fart olan de\u011ferleri ve normlar\u0131 ortaya koyuyor, insan haklar\u0131n\u0131n ger\u00e7ekli\u011fe d\u00f6n\u00fc\u015fmesinin ise bir siyasi irade meselesi oldu\u011funu vurguluyor. <\/p>\n","protected":false},"excerpt":{"rendered":"<p>G\u00fcn\u00fcm\u00fczde insan haklar\u0131, hi\u00e7bir zaman olmad\u0131\u011f\u0131 kadar kabul g\u00f6r\u00fcyor ve \u00f6zellikle Avrupa\u2019n\u0131n siyasi retori\u011finde \u015fiddetle destekleniyor; ancak somut ger\u00e7eklikte, Avrupa da dahil, her yerde ihlal ediliyor.<span class=\"excerpt-hellip\"> [\u2026]<\/span><\/p>\n","protected":false},"featured_media":0,"template":"","meta":{"_monsterinsights_skip_tracking":false,"_monsterinsights_sitenote_active":false,"_monsterinsights_sitenote_note":"","_monsterinsights_sitenote_category":0},"product_brand":[],"product_cat":[12312,12304],"product_tag":[],"class_list":{"0":"post-689037","1":"product","2":"type-product","3":"status-publish","5":"product_cat-diger","6":"product_cat-tarih","7":"pa_cilt-ciltsiz","8":"pa_tur-kitap","9":"pa_yayinevi-iletisim-yayinlari","10":"pa_yazar-thomas-hammarberg","12":"first","13":"instock","14":"sale","15":"shipping-taxable","16":"purchasable","17":"product-type-simple"},"_links":{"self":[{"href":"https:\/\/roveyayinevi.com.tr\/index.php\/wp-json\/wp\/v2\/product\/689037","targetHints":{"allow":["GET"]}}],"collection":[{"href":"https:\/\/roveyayinevi.com.tr\/index.php\/wp-json\/wp\/v2\/product"}],"about":[{"href":"https:\/\/roveyayinevi.com.tr\/index.php\/wp-json\/wp\/v2\/types\/product"}],"wp:attachment":[{"href":"https:\/\/roveyayinevi.com.tr\/index.php\/wp-json\/wp\/v2\/media?parent=689037"}],"wp:term":[{"taxonomy":"product_brand","embeddable":true,"href":"https:\/\/roveyayinevi.com.tr\/index.php\/wp-json\/wp\/v2\/product_brand?post=689037"},{"taxonomy":"product_cat","embeddable":true,"href":"https:\/\/roveyayinevi.com.tr\/index.php\/wp-json\/wp\/v2\/product_cat?post=689037"},{"taxonomy":"product_tag","embeddable":true,"href":"https:\/\/roveyayinevi.com.tr\/index.php\/wp-json\/wp\/v2\/product_tag?post=689037"}],"curies":[{"name":"wp","href":"https:\/\/api.w.org\/{rel}","templated":true}]}}