{"id":689035,"date":"2025-08-27T13:09:00","date_gmt":"2025-08-27T10:09:00","guid":{"rendered":"https:\/\/roveyayinevi.com.tr\/index.php\/urun\/alevi-ve-bektasi-inanclarinin-islam-oncesi-temelleri\/"},"modified":"2026-04-16T01:58:43","modified_gmt":"2026-04-15T22:58:43","slug":"alevi-ve-bektasi-inanclarinin-islam-oncesi-temelleri","status":"publish","type":"product","link":"https:\/\/roveyayinevi.com.tr\/index.php\/urun\/alevi-ve-bektasi-inanclarinin-islam-oncesi-temelleri\/","title":{"rendered":"Alevi ve Bekta\u015fi \u0130nan\u00e7lar\u0131n\u0131n \u0130slam \u00d6ncesi Temelleri"},"content":{"rendered":"<p>Ahmet Ya\u015far Ocak\u2019\u0131n bu incelemesi, onun kitabi &#8211; ortodoks \u0130slamiyet d\u0131\u015f\u0131ndaki M\u00fcsl\u00fcmanl\u0131k anlay\u0131\u015flar\u0131 ve pratikleri hakk\u0131ndaki ara\u015ft\u0131rma zincirinin \u00f6nemli halkalar\u0131ndan birini olu\u015fturuyor. T\u00fcrkler, T\u00fcrkiye ve \u0130slam ve T\u00fcrk Sufili\u011fine Bak\u0131\u015flar\u2019dan bildi\u011fimiz kuramsal bak\u0131\u015f\u0131 ayr\u0131nt\u0131ya indiren bu usta zanaatkar \u00fcr\u00fcn\u00fc \u00e7al\u0131\u015fma, Anadolu heterodoksisi tarihine de\u011ferli bir katk\u0131 sunuyor. Kitapta, eski T\u00fcrk inan\u00e7lar\u0131n\u0131n, \u015famanizmin, Uzakdo\u011fu ve \u0130ran dinlerinin, H\u0131ristiyanl\u0131\u011f\u0131n, Yahudili\u011fin putperestli\u011fin \u0130slam \u00f6ncesi d\u00f6nemde T\u00fcrk topluluklar\u0131n\u0131 nas\u0131l etkiledi\u011fi ve \u0130slam sonras\u0131 hangi motifleri miras b\u0131rakt\u0131\u011f\u0131 \u00fczerinde duruluyor. D\u00f6nemler ve dinler boyunca hayat eden k\u00fcltlere, do\u011fa\u00fcst\u00fc inan\u0131\u015flara, sa\u011faltma rit\u00fcellerine, hay\u0131r ve \u015fer alametlerine vb. dikkat \u00e7ekiliyor. S\u00f6zkonusu motiflerin ve tarihsel miras\u0131n izi, \u00f6nemli Bekta\u015fi menak\u0131bnameleri boyunca s\u00fcr\u00fcl\u00fcyor: Hac\u0131 Bekta\u015f-\u0131 Veli, Hac\u0131m Sultan, Abdal Musa, Kaygusuz Baba, Seyyid Ali Sultan, Sultan \u015eeca\u00fcddin, Osman Baba menak\u0131bnameleri ve Babai hareketinin Menak\u0131bname-i Kudsiye\u2019si&#8230; Din tarihine sosyal tarih\u00e7ilik perspektifiyle bakan Ahmet Ya\u015far Ocak, dinsel k\u00fcllt\u00fcrleri tarihsel ve toplumsal arkaplanlar\u0131 ve karma\u015f\u0131k etkile\u015fimleri i\u00e7inde tahlil ederek, bu \u00fclkeyi anlamak a\u00e7\u0131s\u0131ndan vazge\u00e7ilmez bir pencere a\u00e7\u0131yor.<\/p>\n","protected":false},"excerpt":{"rendered":"<p>Ahmet Ya\u015far Ocak\u2019\u0131n bu incelemesi, onun kitabi &#8211; ortodoks \u0130slamiyet d\u0131\u015f\u0131ndaki M\u00fcsl\u00fcmanl\u0131k anlay\u0131\u015flar\u0131 ve pratikleri hakk\u0131ndaki ara\u015ft\u0131rma zincirinin \u00f6nemli halkalar\u0131ndan birini olu\u015fturuyor. T\u00fcrkler, T\u00fcrkiye ve \u0130slam<span class=\"excerpt-hellip\"> [\u2026]<\/span><\/p>\n","protected":false},"featured_media":0,"template":"","meta":{"_monsterinsights_skip_tracking":false,"_monsterinsights_sitenote_active":false,"_monsterinsights_sitenote_note":"","_monsterinsights_sitenote_category":0},"product_brand":[],"product_cat":[13575,12718,12719],"product_tag":[],"class_list":{"0":"post-689035","1":"product","2":"type-product","3":"status-publish","5":"product_cat-alevilik-bektasilik","6":"product_cat-din","7":"product_cat-islam","8":"pa_cilt-ciltsiz","9":"pa_tur-kitap","10":"pa_yayinevi-iletisim-yayinlari","11":"pa_yazar-ahmet-yasar-ocak","13":"first","14":"instock","15":"sale","16":"shipping-taxable","17":"purchasable","18":"product-type-simple"},"_links":{"self":[{"href":"https:\/\/roveyayinevi.com.tr\/index.php\/wp-json\/wp\/v2\/product\/689035","targetHints":{"allow":["GET"]}}],"collection":[{"href":"https:\/\/roveyayinevi.com.tr\/index.php\/wp-json\/wp\/v2\/product"}],"about":[{"href":"https:\/\/roveyayinevi.com.tr\/index.php\/wp-json\/wp\/v2\/types\/product"}],"wp:attachment":[{"href":"https:\/\/roveyayinevi.com.tr\/index.php\/wp-json\/wp\/v2\/media?parent=689035"}],"wp:term":[{"taxonomy":"product_brand","embeddable":true,"href":"https:\/\/roveyayinevi.com.tr\/index.php\/wp-json\/wp\/v2\/product_brand?post=689035"},{"taxonomy":"product_cat","embeddable":true,"href":"https:\/\/roveyayinevi.com.tr\/index.php\/wp-json\/wp\/v2\/product_cat?post=689035"},{"taxonomy":"product_tag","embeddable":true,"href":"https:\/\/roveyayinevi.com.tr\/index.php\/wp-json\/wp\/v2\/product_tag?post=689035"}],"curies":[{"name":"wp","href":"https:\/\/api.w.org\/{rel}","templated":true}]}}