{"id":689034,"date":"2025-08-27T13:09:00","date_gmt":"2025-08-27T10:09:00","guid":{"rendered":"https:\/\/roveyayinevi.com.tr\/index.php\/urun\/aile-mutlulugu\/"},"modified":"2026-04-16T01:58:43","modified_gmt":"2026-04-15T22:58:43","slug":"aile-mutlulugu","status":"publish","type":"product","link":"https:\/\/roveyayinevi.com.tr\/index.php\/urun\/aile-mutlulugu\/","title":{"rendered":"Aile Mutlulu\u011fu"},"content":{"rendered":"<p>Tolstoy\u2019un otobiyografik yan\u0131 da olan novellas\u0131 Aile Mutlulu\u011fu, yazar\u0131n erken d\u00f6nem eserlerinin p\u0131r\u0131lt\u0131l\u0131 bir \u00f6rne\u011fidir. Tolstoy Aile Mutlulu\u011fu\u2019nu, 1856\u2019da Valeria Arseneva adl\u0131 zengin ve yetim bir gen\u00e7 k\u0131zla ya\u015fad\u0131\u011f\u0131 a\u015fk ili\u015fkisinden esinlenerek 1859\u2019da kaleme ald\u0131. Kendisinden ya\u015f\u00e7a b\u00fcy\u00fck olan Sergey Mihaylovi\u00e7\u2019leevlenen on yedi ya\u015f\u0131ndaki Ma\u015fa\u2019n\u0131n evlili\u011fini ve evlilikle ilgili naif beklentilerini g\u00f6zden ge\u00e7irmek zorunda kal\u0131\u015f\u0131n\u0131 hikaye eden Aile Mutlulu\u011fu, Tolstoy\u2019un daha sonra yazaca\u011f\u0131 iki b\u00fcy\u00fck roman\u0131 Sava\u015f ve Bar\u0131\u015f ile Anna Karenina\u2019daki temalar\u0131n da habercisidir. <\/p>\n","protected":false},"excerpt":{"rendered":"<p>Tolstoy\u2019un otobiyografik yan\u0131 da olan novellas\u0131 Aile Mutlulu\u011fu, yazar\u0131n erken d\u00f6nem eserlerinin p\u0131r\u0131lt\u0131l\u0131 bir \u00f6rne\u011fidir. Tolstoy Aile Mutlulu\u011fu\u2019nu, 1856\u2019da Valeria Arseneva adl\u0131 zengin ve yetim bir<span class=\"excerpt-hellip\"> [\u2026]<\/span><\/p>\n","protected":false},"featured_media":0,"template":"","meta":{"_monsterinsights_skip_tracking":false,"_monsterinsights_sitenote_active":false,"_monsterinsights_sitenote_note":"","_monsterinsights_sitenote_category":0},"product_brand":[],"product_cat":[12291,13570],"product_tag":[],"class_list":{"0":"post-689034","1":"product","2":"type-product","3":"status-publish","5":"product_cat-edebiyat","6":"product_cat-rus-edebiyati","7":"pa_cilt-ciltsiz","8":"pa_tur-kitap","9":"pa_yayinevi-iletisim-yayinlari","10":"pa_yazar-lev-nikolayevic-tolstoy","12":"first","13":"instock","14":"sale","15":"shipping-taxable","16":"purchasable","17":"product-type-simple"},"_links":{"self":[{"href":"https:\/\/roveyayinevi.com.tr\/index.php\/wp-json\/wp\/v2\/product\/689034","targetHints":{"allow":["GET"]}}],"collection":[{"href":"https:\/\/roveyayinevi.com.tr\/index.php\/wp-json\/wp\/v2\/product"}],"about":[{"href":"https:\/\/roveyayinevi.com.tr\/index.php\/wp-json\/wp\/v2\/types\/product"}],"wp:attachment":[{"href":"https:\/\/roveyayinevi.com.tr\/index.php\/wp-json\/wp\/v2\/media?parent=689034"}],"wp:term":[{"taxonomy":"product_brand","embeddable":true,"href":"https:\/\/roveyayinevi.com.tr\/index.php\/wp-json\/wp\/v2\/product_brand?post=689034"},{"taxonomy":"product_cat","embeddable":true,"href":"https:\/\/roveyayinevi.com.tr\/index.php\/wp-json\/wp\/v2\/product_cat?post=689034"},{"taxonomy":"product_tag","embeddable":true,"href":"https:\/\/roveyayinevi.com.tr\/index.php\/wp-json\/wp\/v2\/product_tag?post=689034"}],"curies":[{"name":"wp","href":"https:\/\/api.w.org\/{rel}","templated":true}]}}