{"id":689033,"date":"2025-08-27T13:08:59","date_gmt":"2025-08-27T10:08:59","guid":{"rendered":"https:\/\/roveyayinevi.com.tr\/index.php\/urun\/6-7-eylul-olaylari\/"},"modified":"2026-04-16T01:58:43","modified_gmt":"2026-04-15T22:58:43","slug":"6-7-eylul-olaylari","status":"publish","type":"product","link":"https:\/\/roveyayinevi.com.tr\/index.php\/urun\/6-7-eylul-olaylari\/","title":{"rendered":"6-7 Eyl\u00fcl Olaylar\u0131"},"content":{"rendered":"<p>\u00c7ok uluslu Osmanl\u0131 \u0130mparatorlu\u011fu\u2019nun da\u011f\u0131lmas\u0131n\u0131n ard\u0131ndan kurulan T\u00fcrkiye Cumhuriyeti\u2019nin, homojen bir ulus-devlet olma politikas\u0131 \u00e7er\u00e7evesinde vatan topraklar\u0131n\u0131 T\u00fcrkle\u015ftirmek ad\u0131na y\u00fcr\u00fctt\u00fc\u011f\u00fc faaliyetler, gayrim\u00fcslim az\u0131nl\u0131klar\u0131n aleyhine i\u015fleyen bir s\u00fcreci de beraberinde getirmi\u015ftir. Kendisinden s\u00fcrekli k\u00f6t\u00fcl\u00fck beklenen g\u00e2vur a kar\u015f\u0131 daima teyakkuz halindeki Cumhuriyet, ne yaz\u0131k ki zaman zaman hukukd\u0131\u015f\u0131 yollara sapmaktan da geri durmam\u0131\u015ft\u0131r. T\u00fcrkiye tarihinin en karanl\u0131k ve utan\u00e7 verici olaylar\u0131ndan birisi olan 6-7 Eyl\u00fcl 1955\u2019te ya\u015fananlar da, basit bir tahrikle a\u00e7\u0131klanamayacak kadar planl\u0131, sistemli ve d\u00fczenli ger\u00e7ekle\u015fmi\u015fti. Ya\u015fanan ya\u011fmalamalardan, y\u0131k\u0131mlardan, talanlardan do\u011fan maddi zarar bir yana, manevi anlamda \u00fclkenin kozmopolit yap\u0131s\u0131 bir daha geri d\u00f6n\u00fclemez bi\u00e7imde par\u00e7alanm\u0131\u015f, asl\u0131nda bural\u0131 binlerce insan vatanlar\u0131n\u0131 terk etmek zorunda kalm\u0131\u015ft\u0131. Dilek G\u00fcven, olaylar\u0131 ya\u015fayanlarla bire bir yapt\u0131\u011f\u0131 g\u00f6r\u00fc\u015fmeler ve daha \u00f6nce yay\u0131mlanmam\u0131\u015f ar\u015fiv belgelerine ula\u015farak ortaya \u00e7\u0131kard\u0131\u011f\u0131 bu kitab\u0131yla 6-7 Eyl\u00fcl Olaylar\u0131\u2019n\u0131 hem tekrar hat\u0131rlamam\u0131z\u0131 sa\u011fl\u0131yor, hem de olaylar\u0131n arka plan\u0131ndaki ili\u015fkileri ortaya \u00e7\u0131kar\u0131yor. Unutmamak, ibret almak, ders \u00e7\u0131karmak i\u00e7in&#8230;<\/p>\n","protected":false},"excerpt":{"rendered":"<p>\u00c7ok uluslu Osmanl\u0131 \u0130mparatorlu\u011fu\u2019nun da\u011f\u0131lmas\u0131n\u0131n ard\u0131ndan kurulan T\u00fcrkiye Cumhuriyeti\u2019nin, homojen bir ulus-devlet olma politikas\u0131 \u00e7er\u00e7evesinde vatan topraklar\u0131n\u0131 T\u00fcrkle\u015ftirmek ad\u0131na y\u00fcr\u00fctt\u00fc\u011f\u00fc faaliyetler, gayrim\u00fcslim az\u0131nl\u0131klar\u0131n aleyhine i\u015fleyen bir<span class=\"excerpt-hellip\"> [\u2026]<\/span><\/p>\n","protected":false},"featured_media":0,"template":"","meta":{"_monsterinsights_skip_tracking":false,"_monsterinsights_sitenote_active":false,"_monsterinsights_sitenote_note":"","_monsterinsights_sitenote_category":0},"product_brand":[],"product_cat":[12304,13493],"product_tag":[],"class_list":{"0":"post-689033","1":"product","2":"type-product","3":"status-publish","5":"product_cat-tarih","6":"product_cat-turkiye-ve-cumhuriyet-tarihi","7":"pa_cilt-ciltsiz","8":"pa_tur-kitap","9":"pa_yayinevi-iletisim-yayinlari","10":"pa_yazar-dilek-guven","12":"first","13":"instock","14":"sale","15":"shipping-taxable","16":"purchasable","17":"product-type-simple"},"_links":{"self":[{"href":"https:\/\/roveyayinevi.com.tr\/index.php\/wp-json\/wp\/v2\/product\/689033","targetHints":{"allow":["GET"]}}],"collection":[{"href":"https:\/\/roveyayinevi.com.tr\/index.php\/wp-json\/wp\/v2\/product"}],"about":[{"href":"https:\/\/roveyayinevi.com.tr\/index.php\/wp-json\/wp\/v2\/types\/product"}],"wp:attachment":[{"href":"https:\/\/roveyayinevi.com.tr\/index.php\/wp-json\/wp\/v2\/media?parent=689033"}],"wp:term":[{"taxonomy":"product_brand","embeddable":true,"href":"https:\/\/roveyayinevi.com.tr\/index.php\/wp-json\/wp\/v2\/product_brand?post=689033"},{"taxonomy":"product_cat","embeddable":true,"href":"https:\/\/roveyayinevi.com.tr\/index.php\/wp-json\/wp\/v2\/product_cat?post=689033"},{"taxonomy":"product_tag","embeddable":true,"href":"https:\/\/roveyayinevi.com.tr\/index.php\/wp-json\/wp\/v2\/product_tag?post=689033"}],"curies":[{"name":"wp","href":"https:\/\/api.w.org\/{rel}","templated":true}]}}