{"id":689032,"date":"2025-08-27T13:08:59","date_gmt":"2025-08-27T10:08:59","guid":{"rendered":"https:\/\/roveyayinevi.com.tr\/index.php\/urun\/21-yuzyilda-karl-polanyiyi-okumak-bir-siyasal-proje-olarak-piyasa-ekonomisi\/"},"modified":"2026-04-16T01:58:43","modified_gmt":"2026-04-15T22:58:43","slug":"21-yuzyilda-karl-polanyiyi-okumak-bir-siyasal-proje-olarak-piyasa-ekonomisi","status":"publish","type":"product","link":"https:\/\/roveyayinevi.com.tr\/index.php\/urun\/21-yuzyilda-karl-polanyiyi-okumak-bir-siyasal-proje-olarak-piyasa-ekonomisi\/","title":{"rendered":"21. Y\u00fczy\u0131lda Karl Polanyi&#8217;yi Okumak: Bir Siyasal Proje Olarak Piyasa Ekonomisi"},"content":{"rendered":"<p>Polanyi\u2019nin ilkel ve antik ekonomiler \u00fczerine yap\u0131lm\u0131\u015f antropolojik ara\u015ft\u0131rmalar\u0131n bulgular\u0131ndan yararlanarak 19. y\u00fczy\u0131l piyasa ekonomisini kar\u015f\u0131la\u015ft\u0131rmal\u0131 tarihsel bir perspektifle ele ald\u0131\u011f\u0131 \u00e7al\u0131\u015fmalar\u0131nda merkez\u00ee sorun bellidir: Toplumun, piyasa mant\u0131\u011f\u0131na siyasi iradeyi baltalayacak \u015fekilde boyun e\u011fmesi. Ancak Polanyi sadece bir akademik fig\u00fcrden ibaret de\u011fildir; siyasi g\u00fcndemi olan bir ara\u015ft\u0131rmac\u0131, karma\u015f\u0131k bir toplumda bireysel \u00f6zg\u00fcrl\u00fc\u011f\u00fcn temeli ile derinden ilgilenen, Marksist olmayan bir sosyalisttir. Polanyi piyasa ekonomisinin kendili\u011finden ortaya \u00e7\u0131km\u0131\u015f bir olgu olmad\u0131\u011f\u0131n\u0131, aksine emek, toprak ve paray\u0131 meta olarak g\u00f6steren birtak\u0131m kurumsal de\u011fi\u015fiklikler arac\u0131l\u0131\u011f\u0131yla ger\u00e7ekle\u015ftirilen bir siyasi proje oldu\u011funu g\u00fc\u00e7l\u00fc bir bi\u00e7imde savunmu\u015ftur. \u0130\u015fte bu derleme de s\u00f6z konusu metala\u015fma s\u00fcrecinin g\u00fcn\u00fcm\u00fczdeki dinamiklerini inceliyor. Piyasa ekonomisinin do\u011fal bir d\u00fczen oldu\u011funa dair liberal alg\u0131n\u0131n etraf\u0131ndaki gizem perdesini da\u011f\u0131tmaya odaklan\u0131yor&#8230; Ay\u015fe Bu\u011fra, Manfred Bienefeld, Pat Devine, Hannes Lacher, Guy Standing, Jos\u00e9 Luis Rey P\u00e9rez, Bob Jessop, G\u00fcrol Irz\u0131k, Virginia Brown-Keyder, Frederic C. Deyo, Kaan A\u011fartan, Kevin Young, Maria Alejandra Caporale Madi, Jos\u00e9 Ricardo Barbosa Gon\u00e7alves\u2019in kapsaml\u0131 makaleleriyle&#8230; \ufffcTan\u0131t\u0131m Metni<\/p>\n","protected":false},"excerpt":{"rendered":"<p>Polanyi\u2019nin ilkel ve antik ekonomiler \u00fczerine yap\u0131lm\u0131\u015f antropolojik ara\u015ft\u0131rmalar\u0131n bulgular\u0131ndan yararlanarak 19. y\u00fczy\u0131l piyasa ekonomisini kar\u015f\u0131la\u015ft\u0131rmal\u0131 tarihsel bir perspektifle ele ald\u0131\u011f\u0131 \u00e7al\u0131\u015fmalar\u0131nda merkez\u00ee sorun bellidir: Toplumun,<span class=\"excerpt-hellip\"> [\u2026]<\/span><\/p>\n","protected":false},"featured_media":0,"template":"","meta":{"_monsterinsights_skip_tracking":false,"_monsterinsights_sitenote_active":false,"_monsterinsights_sitenote_note":"","_monsterinsights_sitenote_category":0},"product_brand":[],"product_cat":[12364],"product_tag":[],"class_list":{"0":"post-689032","1":"product","2":"type-product","3":"status-publish","5":"product_cat-genel-konular","6":"pa_cilt-ciltsiz","7":"pa_tur-kitap","8":"pa_yayinevi-iletisim-yayinlari","9":"pa_yazar-ayse-bugra","10":"pa_yazar-kaan-agartan-der","12":"first","13":"instock","14":"sale","15":"shipping-taxable","16":"purchasable","17":"product-type-simple"},"_links":{"self":[{"href":"https:\/\/roveyayinevi.com.tr\/index.php\/wp-json\/wp\/v2\/product\/689032","targetHints":{"allow":["GET"]}}],"collection":[{"href":"https:\/\/roveyayinevi.com.tr\/index.php\/wp-json\/wp\/v2\/product"}],"about":[{"href":"https:\/\/roveyayinevi.com.tr\/index.php\/wp-json\/wp\/v2\/types\/product"}],"wp:attachment":[{"href":"https:\/\/roveyayinevi.com.tr\/index.php\/wp-json\/wp\/v2\/media?parent=689032"}],"wp:term":[{"taxonomy":"product_brand","embeddable":true,"href":"https:\/\/roveyayinevi.com.tr\/index.php\/wp-json\/wp\/v2\/product_brand?post=689032"},{"taxonomy":"product_cat","embeddable":true,"href":"https:\/\/roveyayinevi.com.tr\/index.php\/wp-json\/wp\/v2\/product_cat?post=689032"},{"taxonomy":"product_tag","embeddable":true,"href":"https:\/\/roveyayinevi.com.tr\/index.php\/wp-json\/wp\/v2\/product_tag?post=689032"}],"curies":[{"name":"wp","href":"https:\/\/api.w.org\/{rel}","templated":true}]}}