{"id":689030,"date":"2025-08-27T13:08:59","date_gmt":"2025-08-27T10:08:59","guid":{"rendered":"https:\/\/roveyayinevi.com.tr\/index.php\/urun\/adalet-partisi-ideoloji-ve-politika\/"},"modified":"2026-04-16T01:58:43","modified_gmt":"2026-04-15T22:58:43","slug":"adalet-partisi-ideoloji-ve-politika","status":"publish","type":"product","link":"https:\/\/roveyayinevi.com.tr\/index.php\/urun\/adalet-partisi-ideoloji-ve-politika\/","title":{"rendered":"Adalet Partisi: \u0130deoloji ve Politika"},"content":{"rendered":"<p>Adalet Partisi (AP), 27 May\u0131s 1960 sonras\u0131ndan 12 Eyl\u00fcl 1980\u2019e dek T\u00fcrkiye\u2019nin siyasal hayat\u0131na damgas\u0131n\u0131 vuran bir olgu. Bu d\u00f6nemin \u00f6nemli bir b\u00f6l\u00fcm\u00fcnde iktidar veya iktidar orta\u011f\u0131yd\u0131 AP. D\u00f6nemin siyasal ve ideolojik tart\u0131\u015fmalar\u0131 i\u00e7inde mayalanan sa\u011f-sol kutupla\u015fmas\u0131n\u0131n bir taraf\u0131yd\u0131. DP\u2019nin selefi ve ANAP\/DYP (hatta devam\u0131nda AKP) \u00e7izgisinin halefi olarak, AP\u2019nin, T\u00fcrkiye\u2019de sa\u011fc\u0131l\u0131\u011f\u0131n in\u015fas\u0131n\u0131 ger\u00e7ekle\u015ftirdi\u011fi s\u00f6ylenebilir. Tanel Demirel bu kitapta AP\u2019nin politik ve ideolojik kimli\u011fini analiz ediyor. Partinin, modernle\u015fme, demokrasi ve \u00f6zg\u00fcrl\u00fckler, kalk\u0131nma konular\u0131ndaki tutumunu; buralardaki gerek \u2018tutarl\u0131l\u0131klar\u0131n\u2019 gerekse \u2018\u00e7ifte-standartlar\u0131n\u2019 sakinlerini ortaya koyuyor. Bu ba\u011flamda, T\u00fcrkiye\u2019de liberal siyasal ideolojinin a\u00e7\u0131l\u0131mlar\u0131n\u0131 ve k\u0131s\u0131tlar\u0131n\u0131 sorguluyor. AP\u2019nin siyasal elitten ve Kemalist ideolojiden kopu\u015f noktalar\u0131 ve onunla devaml\u0131l\u0131klar\u0131 da, \u00e7al\u0131\u015fman\u0131n \u00f6nemli bir tart\u0131\u015fma eksenini olu\u015fturuyor. Bu yan\u0131yla kitap, T\u00fcrkiye\u2019nin siyasal k\u00fclt\u00fcr\u00fc hakk\u0131nda zengin g\u00f6zlemler sunuyor. AP, ayn\u0131 zamanda, 1960 sonras\u0131 T\u00fcrkiye siyaset tarihinin \u2018kal\u0131c\u0131\u2019 bir fig\u00fcr\u00fc olarak S\u00fcleyman Demirel\u2019in siyasi liderlik kariyerinin do\u011fu\u015funa ebelik yapt\u0131. Kitap, Demirel\u2019in g\u00f6r\u00fc\u015flerine ve AP liderli\u011findeki ideolojik stratejisine dair bir inceleme niteli\u011fi ta\u015f\u0131yor, ayn\u0131 zamanda. \ufffcTan\u0131t\u0131m Metni<\/p>\n","protected":false},"excerpt":{"rendered":"<p>Adalet Partisi (AP), 27 May\u0131s 1960 sonras\u0131ndan 12 Eyl\u00fcl 1980\u2019e dek T\u00fcrkiye\u2019nin siyasal hayat\u0131na damgas\u0131n\u0131 vuran bir olgu. Bu d\u00f6nemin \u00f6nemli bir b\u00f6l\u00fcm\u00fcnde iktidar veya iktidar<span class=\"excerpt-hellip\"> [\u2026]<\/span><\/p>\n","protected":false},"featured_media":0,"template":"","meta":{"_monsterinsights_skip_tracking":false,"_monsterinsights_sitenote_active":false,"_monsterinsights_sitenote_note":"","_monsterinsights_sitenote_category":0},"product_brand":[],"product_cat":[12304,13493],"product_tag":[],"class_list":{"0":"post-689030","1":"product","2":"type-product","3":"status-publish","5":"product_cat-tarih","6":"product_cat-turkiye-ve-cumhuriyet-tarihi","7":"pa_cilt-ciltsiz","8":"pa_tur-kitap","9":"pa_yayinevi-iletisim-yayinlari","10":"pa_yazar-tanel-demirel","12":"first","13":"instock","14":"sale","15":"shipping-taxable","16":"purchasable","17":"product-type-simple"},"_links":{"self":[{"href":"https:\/\/roveyayinevi.com.tr\/index.php\/wp-json\/wp\/v2\/product\/689030","targetHints":{"allow":["GET"]}}],"collection":[{"href":"https:\/\/roveyayinevi.com.tr\/index.php\/wp-json\/wp\/v2\/product"}],"about":[{"href":"https:\/\/roveyayinevi.com.tr\/index.php\/wp-json\/wp\/v2\/types\/product"}],"wp:attachment":[{"href":"https:\/\/roveyayinevi.com.tr\/index.php\/wp-json\/wp\/v2\/media?parent=689030"}],"wp:term":[{"taxonomy":"product_brand","embeddable":true,"href":"https:\/\/roveyayinevi.com.tr\/index.php\/wp-json\/wp\/v2\/product_brand?post=689030"},{"taxonomy":"product_cat","embeddable":true,"href":"https:\/\/roveyayinevi.com.tr\/index.php\/wp-json\/wp\/v2\/product_cat?post=689030"},{"taxonomy":"product_tag","embeddable":true,"href":"https:\/\/roveyayinevi.com.tr\/index.php\/wp-json\/wp\/v2\/product_tag?post=689030"}],"curies":[{"name":"wp","href":"https:\/\/api.w.org\/{rel}","templated":true}]}}