{"id":689029,"date":"2025-08-27T13:08:59","date_gmt":"2025-08-27T10:08:59","guid":{"rendered":"https:\/\/roveyayinevi.com.tr\/index.php\/urun\/anadoluculuk-ve-tek-parti-chpde-sag-kanat\/"},"modified":"2026-04-16T01:58:43","modified_gmt":"2026-04-15T22:58:43","slug":"anadoluculuk-ve-tek-parti-chpde-sag-kanat","status":"publish","type":"product","link":"https:\/\/roveyayinevi.com.tr\/index.php\/urun\/anadoluculuk-ve-tek-parti-chpde-sag-kanat\/","title":{"rendered":"Anadoluculuk ve Tek-Parti CHP&#8217;de Sa\u011f Kanat"},"content":{"rendered":"<p>Bu tarafta Anadolu \u00e7ocu\u011fu heder olup giderken, ba\u015fkalar\u0131n\u0131 d\u00fc\u015f\u00fcnmek vazifemiz de\u011fildir. Tufan olsa, yerden cehennem f\u0131\u015fk\u0131rsa, g\u00f6kten ya\u011fmur yerine ta\u015f ya\u011fsa da umurumuzda de\u011fil, kim ne olursa olsun; Anadoluludan maada kimse akl\u0131m\u0131z\u0131 i\u015fgal edemez. Herhangi bir tehlikenin \u00f6n\u00fcnde duydu\u011fumuz endi\u015fe, yaln\u0131z Anadolu i\u00e7indir. \u00c7\u00fcnk\u00fc: O biziz ve biz oyuz.  -Anadolu, 1921- Turanc\u0131l\u0131\u011fa da Osmanl\u0131\u2019ya da s\u0131rt \u00e7eviren, milletin ve vatan\u0131n \u00f6z\u00fc olarak sadece ve sadece Anadolu\u2019yu g\u00f6ren Anadoluculuk, erken Cumhuriyet d\u00f6neminin biraz kenarda k\u00f6\u015fede kalan bir d\u00fc\u015f\u00fcnce ak\u0131m\u0131yd\u0131. Siyasette yer tutamad\u0131lar, buna kar\u015f\u0131l\u0131k entelekt\u00fcel alanda k\u00fc\u00e7\u00fcmsenmeyecek bir mesaileri oldu, kadrola\u015ft\u0131lar. Bu birikim ve kadrola\u015fma, tek parti d\u00f6neminin son evresinde CHP i\u00e7inde g\u00fc\u00e7l\u00fc bir grup te\u015fkil etmelerini sa\u011flad\u0131. Anadolucu ekip, CHP i\u00e7indeki muhafazak\u00e2r kanad\u0131n omurgas\u0131n\u0131 olu\u015fturdu. Metin \u00c7\u0131nar\u2019\u0131n \u00e7al\u0131\u015fmas\u0131, Anadoluculu\u011fun \u00f6nc\u00fc \u015fahsiyetlerinin, M\u00fckrimin Halil Yinan\u00e7\u2019\u0131n, Remzi O\u011fuz Ar\u0131k\u2019\u0131n, Nurettin Top\u00e7u\u2019nun d\u00fc\u015f\u00fcnce d\u00fcnyas\u0131n\u0131 ele al\u0131yor. Anadolucu kadrolar\u0131n CHP\u2019ye n\u00fcfuzunu sa\u011flayan Memduh \u015eevket Esendal\u2019\u0131n etkisi, tavr\u0131 ve fikirleri, kitab\u0131n \u00f6nemli bir b\u00f6l\u00fcm\u00fcn\u00fc olu\u015fturuyor. Ak\u0131m i\u00e7indeki farkl\u0131la\u015fmalar, s\u00f6z konusu d\u00fc\u015f\u00fcn\u00fcrlerin yan\u0131 s\u0131ra, Anadoluculu\u011fun de\u011fi\u015fik renklerini ortaya koyan dergiler boyunca takip ediliyor: Anadolu, Dikmen, D\u00f6n\u00fcm, Millet, Hareket, \u00c7\u0131\u011f\u0131r, Bizim T\u00fcrkiye&#8230; Gerek in\u015fa d\u00f6nemindeki resm\u00ee milliyet\u00e7ili\u011fin, gerek tek parti CHP\u2019nin, zannedildi\u011fi kadar homojen olmad\u0131\u011f\u0131n\u0131 g\u00f6steren, ilgin\u00e7 bir \u00e7al\u0131\u015fma. <\/p>\n","protected":false},"excerpt":{"rendered":"<p>Bu tarafta Anadolu \u00e7ocu\u011fu heder olup giderken, ba\u015fkalar\u0131n\u0131 d\u00fc\u015f\u00fcnmek vazifemiz de\u011fildir. Tufan olsa, yerden cehennem f\u0131\u015fk\u0131rsa, g\u00f6kten ya\u011fmur yerine ta\u015f ya\u011fsa da umurumuzda de\u011fil, kim ne<span class=\"excerpt-hellip\"> [\u2026]<\/span><\/p>\n","protected":false},"featured_media":0,"template":"","meta":{"_monsterinsights_skip_tracking":false,"_monsterinsights_sitenote_active":false,"_monsterinsights_sitenote_note":"","_monsterinsights_sitenote_category":0},"product_brand":[],"product_cat":[13548,12408],"product_tag":[],"class_list":{"0":"post-689029","1":"product","2":"type-product","3":"status-publish","5":"product_cat-kuram","6":"product_cat-sanat","7":"pa_cilt-ciltsiz","8":"pa_tur-kitap","9":"pa_yayinevi-iletisim-yayinlari","10":"pa_yazar-metin-cinar","12":"first","13":"instock","14":"sale","15":"shipping-taxable","16":"purchasable","17":"product-type-simple"},"_links":{"self":[{"href":"https:\/\/roveyayinevi.com.tr\/index.php\/wp-json\/wp\/v2\/product\/689029","targetHints":{"allow":["GET"]}}],"collection":[{"href":"https:\/\/roveyayinevi.com.tr\/index.php\/wp-json\/wp\/v2\/product"}],"about":[{"href":"https:\/\/roveyayinevi.com.tr\/index.php\/wp-json\/wp\/v2\/types\/product"}],"wp:attachment":[{"href":"https:\/\/roveyayinevi.com.tr\/index.php\/wp-json\/wp\/v2\/media?parent=689029"}],"wp:term":[{"taxonomy":"product_brand","embeddable":true,"href":"https:\/\/roveyayinevi.com.tr\/index.php\/wp-json\/wp\/v2\/product_brand?post=689029"},{"taxonomy":"product_cat","embeddable":true,"href":"https:\/\/roveyayinevi.com.tr\/index.php\/wp-json\/wp\/v2\/product_cat?post=689029"},{"taxonomy":"product_tag","embeddable":true,"href":"https:\/\/roveyayinevi.com.tr\/index.php\/wp-json\/wp\/v2\/product_tag?post=689029"}],"curies":[{"name":"wp","href":"https:\/\/api.w.org\/{rel}","templated":true}]}}