{"id":689025,"date":"2025-08-27T13:08:58","date_gmt":"2025-08-27T10:08:58","guid":{"rendered":"https:\/\/roveyayinevi.com.tr\/index.php\/urun\/bekaretin-el-degmemis-tarihi\/"},"modified":"2026-04-16T01:58:43","modified_gmt":"2026-04-15T22:58:43","slug":"bekaretin-el-degmemis-tarihi","status":"publish","type":"product","link":"https:\/\/roveyayinevi.com.tr\/index.php\/urun\/bekaretin-el-degmemis-tarihi\/","title":{"rendered":"Bekaretin El De\u011fmemi\u015f Tarihi"},"content":{"rendered":"<p>Bek\u00e2ret nedir? Koruyup saklamak m\u0131 gerekir, yoksa hemen kurtulmak m\u0131? Ka\u00e7 \u00e7e\u015fit bek\u00e2ret vard\u0131r? Birinin bakire olup olmad\u0131\u011f\u0131n\u0131 anlayabilir miyiz? Bek\u00e2retin kan\u0131t\u0131 yaln\u0131zca himen denilen k\u00fc\u00e7\u00fcc\u00fck bir doku par\u00e7as\u0131 m\u0131d\u0131r? Ka\u00e7 \u00e7e\u015fit himen vard\u0131r? Y\u00fczy\u0131llard\u0131r aile, e\u011fitim, t\u0131p, yasa, din gibi ataerkil kurumlar taraf\u0131ndan bedenlerimiz \u00fczerine in\u015fa edilen bek\u00e2ret k\u00fclt\u00fcr\u00fc hakk\u0131ndaki kapsaml\u0131 ara\u015ft\u0131rmas\u0131nda Hanne Blank bunlar gibi daha bir\u00e7ok soruya yan\u0131t ar\u0131yor. Blank, kitab\u0131n Bek\u00e2retbilim ba\u015fl\u0131kl\u0131 ilk k\u0131sm\u0131nda bek\u00e2retin t\u0131bbi ve bilimsel y\u00f6nleri konusuna odaklan\u0131rken asl\u0131nda kolayca g\u00f6zden ka\u00e7\u0131r\u0131labilecek, varla yok aras\u0131, incecik bir zara himen ad\u0131n\u0131 veren t\u0131p biliminin \u00f6z\u00fcnde i\u015flevsiz bir zar par\u00e7as\u0131n\u0131 nas\u0131l i\u015flevli hale getirdi\u011fini ele al\u0131yor. \u0130kinci k\u0131s\u0131m Bakire K\u00fclt\u00fcr\u00fc ise bek\u00e2retin toplumsal ve k\u00fclt\u00fcrel y\u00f6nleriyle ilgileniyor: Bek\u00e2ret gibi soyut kavramlar\u0131 uygulamaya ge\u00e7irme s\u00fcrecinin, ka\u00e7\u0131n\u0131lmaz olarak hem ge\u00e7mi\u015fin hem g\u00fcn\u00fcm\u00fcz\u00fcn ortam\u0131n\u0131, kuramlar\u0131n\u0131, d\u00fc\u015f\u00fcn\u00fc\u015flerini ve g\u00f6reneklerini yans\u0131tt\u0131\u011f\u0131n\u0131; ku\u015faktan ku\u015fa\u011fa aktar\u0131ld\u0131\u011f\u0131n\u0131 ortaya koyuyor. Bek\u00e2ret hakk\u0131nda bildi\u011finizi sand\u0131\u011f\u0131n\u0131z her \u015fey yanl\u0131\u015f, diyen Blank, bek\u00e2retle ilgili olarak \u015fimdiye dek akl\u0131m\u0131za gelmeyen, gelse bile hi\u00e7 sorgulamad\u0131\u011f\u0131m\u0131z sorular \u00fczerinden bu mitin el de\u011fmemi\u015f tarihinin izini s\u00fcr\u00fcyor. \ufffcTan\u0131t\u0131m Metni<\/p>\n","protected":false},"excerpt":{"rendered":"<p>Bek\u00e2ret nedir? Koruyup saklamak m\u0131 gerekir, yoksa hemen kurtulmak m\u0131? Ka\u00e7 \u00e7e\u015fit bek\u00e2ret vard\u0131r? Birinin bakire olup olmad\u0131\u011f\u0131n\u0131 anlayabilir miyiz? Bek\u00e2retin kan\u0131t\u0131 yaln\u0131zca himen denilen k\u00fc\u00e7\u00fcc\u00fck<span class=\"excerpt-hellip\"> [\u2026]<\/span><\/p>\n","protected":false},"featured_media":0,"template":"","meta":{"_monsterinsights_skip_tracking":false,"_monsterinsights_sitenote_active":false,"_monsterinsights_sitenote_note":"","_monsterinsights_sitenote_category":0},"product_brand":[],"product_cat":[12767,12324],"product_tag":[],"class_list":{"0":"post-689025","1":"product","2":"type-product","3":"status-publish","5":"product_cat-kentlesme-modernlesme","6":"product_cat-sosyoloji","7":"pa_cilt-ciltsiz","8":"pa_tur-kitap","9":"pa_yayinevi-iletisim-yayinlari","10":"pa_yazar-hanne-blank","12":"first","13":"instock","14":"sale","15":"shipping-taxable","16":"purchasable","17":"product-type-simple"},"_links":{"self":[{"href":"https:\/\/roveyayinevi.com.tr\/index.php\/wp-json\/wp\/v2\/product\/689025","targetHints":{"allow":["GET"]}}],"collection":[{"href":"https:\/\/roveyayinevi.com.tr\/index.php\/wp-json\/wp\/v2\/product"}],"about":[{"href":"https:\/\/roveyayinevi.com.tr\/index.php\/wp-json\/wp\/v2\/types\/product"}],"wp:attachment":[{"href":"https:\/\/roveyayinevi.com.tr\/index.php\/wp-json\/wp\/v2\/media?parent=689025"}],"wp:term":[{"taxonomy":"product_brand","embeddable":true,"href":"https:\/\/roveyayinevi.com.tr\/index.php\/wp-json\/wp\/v2\/product_brand?post=689025"},{"taxonomy":"product_cat","embeddable":true,"href":"https:\/\/roveyayinevi.com.tr\/index.php\/wp-json\/wp\/v2\/product_cat?post=689025"},{"taxonomy":"product_tag","embeddable":true,"href":"https:\/\/roveyayinevi.com.tr\/index.php\/wp-json\/wp\/v2\/product_tag?post=689025"}],"curies":[{"name":"wp","href":"https:\/\/api.w.org\/{rel}","templated":true}]}}