{"id":689022,"date":"2025-08-27T13:08:58","date_gmt":"2025-08-27T10:08:58","guid":{"rendered":"https:\/\/roveyayinevi.com.tr\/index.php\/urun\/avrupa-kiskacinda-abdulhamit\/"},"modified":"2026-04-16T01:58:43","modified_gmt":"2026-04-15T22:58:43","slug":"avrupa-kiskacinda-abdulhamit","status":"publish","type":"product","link":"https:\/\/roveyayinevi.com.tr\/index.php\/urun\/avrupa-kiskacinda-abdulhamit\/","title":{"rendered":"Avrupa K\u0131skac\u0131nda Abd\u00fclhamit"},"content":{"rendered":"<p>Bu memlekette Abd\u00fclhamit\u2019in seveni de \u00e7oktur, yereni de. Bir kesim, her t\u00fcrl\u00fc musibetin kayna\u011f\u0131 oldu\u011funu d\u00fc\u015f\u00fcn\u00fcr; imparatorlu\u011fun \u00e7\u00f6k\u00fc\u015f\u00fc ve hatta geri kalm\u0131\u015fl\u0131\u011f\u0131m\u0131z\u0131n vebali ondan bilinir. Muhipleri ise, \u2018Ulu Hakan\u2019\u0131n her \u015feyini m\u00fckemmel ve de kusursuz bulur. \u0130ki kesimin bu farkl\u0131 de\u011ferlendirmelerinin tek bir hedefi vard\u0131r; \u0130ttihat\u00e7\u0131lar\u2019 Yerenlerin amac\u0131 \u0130ttihat\u00e7\u0131lar\u0131 aklamakt\u0131r. Sevenleri ise, t\u00fcm sorumlulu\u011fu \u0130ttihat\u00e7\u0131lara y\u00fcklemenin bir takti\u011fi olarak, y\u00fcceltirler de y\u00fcceltirler Abd\u00fclhamit\u2019i. Yabanc\u0131lar\u0131n derdi ise ba\u015fkad\u0131r: Osmanl\u0131 \u0130mparatorlu\u011fu \u00fczerindeki emellerini gizlemek, \u00e7evirdikleri t\u00fcrl\u00fc entrikay\u0131 \u00f6rtbas etmek i\u00e7in y\u00fcklenirler de y\u00fcklenirler \u2018K\u0131z\u0131l Sultan\u2019a. \u00d6zetle, herkes me\u015frebine g\u00f6re de\u011ferlendirir Abd\u00fclhamit\u2019i su\u00e7u ba\u015fkas\u0131nda arama tutkusu, nesnel bak\u0131\u015flara imk\u00e2n vermedi\u011fi gibi, yap\u0131lan de\u011ferlendirmeleri de sakatlar. Bu \u00e7al\u0131\u015fma, h\u00fck\u00fcmranl\u0131k s\u00fcrd\u00fc\u011f\u00fc tarih\u00ee d\u00f6nemdeki siyasi ko\u015fullar\u0131n \u00e7er\u00e7eveledi\u011fi nesnel, ger\u00e7ek bir Abd\u00fclhamit portresi \u00e7izme iddias\u0131n\u0131 ta\u015f\u0131maktad\u0131r. Titiz ara\u015ft\u0131rmac\u0131l\u0131\u011f\u0131n\u0131 yay\u0131mlad\u0131\u011f\u0131 \u00e7ok say\u0131da kitab\u0131yla tescil eden Orhan Kolo\u011flu\u2019nun eseri, tarih\u00ee yanl\u0131\u015fl\u0131klar\u0131 ve yanl\u0131\u015f anlamalar\u0131 d\u00fczeltmekle kalmayacak, toplumsal davran\u0131\u015flar\u0131m\u0131z\u0131n bir\u00e7o\u011funu, bug\u00fcn bile h\u00fckm\u00fcn\u00fc s\u00fcrd\u00fcren \u2018Devlet elden gidiyor!&#8230;\u2019 travmas\u0131n\u0131 bor\u00e7lu oldu\u011fumuz bir tarih\u00ee d\u00f6nemi ayd\u0131nlatacak; \u0130ttihat\u00e7\u0131lar\u0131, Kemalistleri ve de demokrasi tarihimizi daha iyi anlam\u0131m\u0131z\u0131 sa\u011flayacak. <\/p>\n","protected":false},"excerpt":{"rendered":"<p>Bu memlekette Abd\u00fclhamit\u2019in seveni de \u00e7oktur, yereni de. Bir kesim, her t\u00fcrl\u00fc musibetin kayna\u011f\u0131 oldu\u011funu d\u00fc\u015f\u00fcn\u00fcr; imparatorlu\u011fun \u00e7\u00f6k\u00fc\u015f\u00fc ve hatta geri kalm\u0131\u015fl\u0131\u011f\u0131m\u0131z\u0131n vebali ondan bilinir. Muhipleri<span class=\"excerpt-hellip\"> [\u2026]<\/span><\/p>\n","protected":false},"featured_media":0,"template":"","meta":{"_monsterinsights_skip_tracking":false,"_monsterinsights_sitenote_active":false,"_monsterinsights_sitenote_note":"","_monsterinsights_sitenote_category":0},"product_brand":[],"product_cat":[13517,12304],"product_tag":[],"class_list":{"0":"post-689022","1":"product","2":"type-product","3":"status-publish","5":"product_cat-osmanli-tarihi","6":"product_cat-tarih","7":"pa_cilt-ciltsiz","8":"pa_tur-kitap","9":"pa_yayinevi-iletisim-yayinlari","10":"pa_yazar-orhan-kologlu","12":"first","13":"instock","14":"sale","15":"shipping-taxable","16":"purchasable","17":"product-type-simple"},"_links":{"self":[{"href":"https:\/\/roveyayinevi.com.tr\/index.php\/wp-json\/wp\/v2\/product\/689022","targetHints":{"allow":["GET"]}}],"collection":[{"href":"https:\/\/roveyayinevi.com.tr\/index.php\/wp-json\/wp\/v2\/product"}],"about":[{"href":"https:\/\/roveyayinevi.com.tr\/index.php\/wp-json\/wp\/v2\/types\/product"}],"wp:attachment":[{"href":"https:\/\/roveyayinevi.com.tr\/index.php\/wp-json\/wp\/v2\/media?parent=689022"}],"wp:term":[{"taxonomy":"product_brand","embeddable":true,"href":"https:\/\/roveyayinevi.com.tr\/index.php\/wp-json\/wp\/v2\/product_brand?post=689022"},{"taxonomy":"product_cat","embeddable":true,"href":"https:\/\/roveyayinevi.com.tr\/index.php\/wp-json\/wp\/v2\/product_cat?post=689022"},{"taxonomy":"product_tag","embeddable":true,"href":"https:\/\/roveyayinevi.com.tr\/index.php\/wp-json\/wp\/v2\/product_tag?post=689022"}],"curies":[{"name":"wp","href":"https:\/\/api.w.org\/{rel}","templated":true}]}}