{"id":689021,"date":"2025-08-27T13:08:57","date_gmt":"2025-08-27T10:08:57","guid":{"rendered":"https:\/\/roveyayinevi.com.tr\/index.php\/urun\/at-sirtinda-anadolu\/"},"modified":"2026-01-26T01:59:18","modified_gmt":"2026-01-25T22:59:18","slug":"at-sirtinda-anadolu","status":"publish","type":"product","link":"https:\/\/roveyayinevi.com.tr\/index.php\/urun\/at-sirtinda-anadolu\/","title":{"rendered":"At S\u0131rt\u0131nda Anadolu"},"content":{"rendered":"<p>Y\u0131l 1876. Bir \u0130ngiliz subay\u0131, yan\u0131nda u\u015fa\u011f\u0131 ile birlikte Anadolu\u2019yu ba\u015ftan ba\u015fa dola\u015f\u0131r. O g\u00fcn\u00fcn zor ko\u015fullar\u0131nda yap\u0131lan bu maceral\u0131 yolculu\u011fun tek bir amac\u0131 vard\u0131r: Osmanl\u0131 Devleti\u2019nde az\u0131nl\u0131klar\u0131n durumunu yerinde g\u00f6rmek. O y\u0131llarda Avrupa kamuoyunda Osmanl\u0131\u2019da az\u0131nl\u0131klar meselesi ile ilgili pek \u00e7ok haber yaz\u0131lmakta, \u00e7izilmekte ve konu\u015fulmaktad\u0131r. Pek \u00e7ok seyahatnameye imza atan Albay Fred Burnaby\u2019nin yerinde yapt\u0131\u011f\u0131 tespitlerden sonra kaleme ald\u0131\u011f\u0131 bu kitap Bat\u0131\u2019da \u00e7ok b\u00fcy\u00fck bir ilgi g\u00f6r\u00fcr ve adeta \u201cbestseller\u201d olur. Olduk\u00e7a ilgin\u00e7 g\u00f6zlemlerin yer ald\u0131\u011f\u0131 At S\u0131rt\u0131nda Anadolu, bir \u201cGarpl\u0131\u201dn\u0131n g\u00f6z\u00fcnden \u201c\u015eark\u201d\u0131n, dinden k\u00fclt\u00fcre, m\u00fczikten b\u00e2t\u0131l inan\u00e7lara kadar uzanan zengin ve renkli bir panoramas\u0131n\u0131 \u00e7\u0131kart\u0131yor. Bu kitab\u0131n di\u011fer bir ilgin\u00e7 yan\u0131 da yak\u0131n zamanda \u2018bir yay\u0131nevi\u2019nden \u00e7\u0131kan benzerinin aksine, \u00f6zenli eksiksiz, ve de en \u00f6nemlisi sans\u00fcrs\u00fcz bir \u00e7eviriyle sunulmas\u0131.<\/p>\n","protected":false},"excerpt":{"rendered":"<p>Y\u0131l 1876. Bir \u0130ngiliz subay\u0131, yan\u0131nda u\u015fa\u011f\u0131 ile birlikte Anadolu\u2019yu ba\u015ftan ba\u015fa dola\u015f\u0131r. O g\u00fcn\u00fcn zor ko\u015fullar\u0131nda yap\u0131lan bu maceral\u0131 yolculu\u011fun tek bir amac\u0131 vard\u0131r: Osmanl\u0131<span class=\"excerpt-hellip\"> [\u2026]<\/span><\/p>\n","protected":false},"featured_media":0,"template":"","meta":{"_monsterinsights_skip_tracking":false,"_monsterinsights_sitenote_active":false,"_monsterinsights_sitenote_note":"","_monsterinsights_sitenote_category":0},"product_brand":[],"product_cat":[13517,12304],"product_tag":[],"class_list":{"0":"post-689021","1":"product","2":"type-product","3":"status-publish","5":"product_cat-osmanli-tarihi","6":"product_cat-tarih","7":"pa_cilt-ciltsiz","8":"pa_tur-kitap","9":"pa_yayinevi-iletisim-yayinlari","10":"pa_yazar-fred-burnaby","12":"first","13":"instock","14":"sale","15":"shipping-taxable","16":"purchasable","17":"product-type-simple"},"_links":{"self":[{"href":"https:\/\/roveyayinevi.com.tr\/index.php\/wp-json\/wp\/v2\/product\/689021","targetHints":{"allow":["GET"]}}],"collection":[{"href":"https:\/\/roveyayinevi.com.tr\/index.php\/wp-json\/wp\/v2\/product"}],"about":[{"href":"https:\/\/roveyayinevi.com.tr\/index.php\/wp-json\/wp\/v2\/types\/product"}],"wp:attachment":[{"href":"https:\/\/roveyayinevi.com.tr\/index.php\/wp-json\/wp\/v2\/media?parent=689021"}],"wp:term":[{"taxonomy":"product_brand","embeddable":true,"href":"https:\/\/roveyayinevi.com.tr\/index.php\/wp-json\/wp\/v2\/product_brand?post=689021"},{"taxonomy":"product_cat","embeddable":true,"href":"https:\/\/roveyayinevi.com.tr\/index.php\/wp-json\/wp\/v2\/product_cat?post=689021"},{"taxonomy":"product_tag","embeddable":true,"href":"https:\/\/roveyayinevi.com.tr\/index.php\/wp-json\/wp\/v2\/product_tag?post=689021"}],"curies":[{"name":"wp","href":"https:\/\/api.w.org\/{rel}","templated":true}]}}