{"id":689020,"date":"2025-08-27T13:08:57","date_gmt":"2025-08-27T10:08:57","guid":{"rendered":"https:\/\/roveyayinevi.com.tr\/index.php\/urun\/arzu-mimarligi-mimarligi-dusunmek-ve-duslemek\/"},"modified":"2026-02-03T02:00:13","modified_gmt":"2026-02-02T23:00:13","slug":"arzu-mimarligi-mimarligi-dusunmek-ve-duslemek","status":"publish","type":"product","link":"https:\/\/roveyayinevi.com.tr\/index.php\/urun\/arzu-mimarligi-mimarligi-dusunmek-ve-duslemek\/","title":{"rendered":"Arzu Mimarl\u0131\u011f\u0131: Mimarl\u0131\u011f\u0131 D\u00fc\u015f\u00fcnmek ve D\u00fc\u015flemek"},"content":{"rendered":"<p>Arzu Mimarl\u0131\u011f\u0131, mimarl\u0131\u011f\u0131n ak\u0131lc\u0131l\u0131\u011f\u0131na, i\u015flevcili\u011fine, denetimcili\u011fine meydan okuyan; disiplinini \u00e7\u00f6zen; s\u0131n\u0131rlar\u0131n\u0131 a\u015fan ve bozan; orada yarat\u0131c\u0131 alanlar a\u00e7an s\u00f6ylemlerle pratikleri konu edinen yaz\u0131lardan olu\u015fuyor. Bu derlemede, hayalle hakikatin aras\u0131nda gidip gelerek, kurulmu\u015f yap\u0131lar\u0131 bozan, yeni d\u00fcnyalar kuran Piranesi var. Bir gezginin d\u00fc\u015fsel kentlere pusulas\u0131z yolculuklar\u0131n\u0131 anlatan Italo Calvino ile g\u00f6\u00e7ebeler i\u00e7in ge\u00e7ici, de\u011fi\u015fken, kurmaca kent temsilleri \u00fcreten Constant var. Onlar\u0131n kurgulad\u0131\u011f\u0131 sonsuz labirentler var. Babil Kulesi ile Yeni Babil var. Mimarl\u0131\u011f\u0131n sabit anlat\u0131lar\u0131n\u0131n yerine \u00f6tekili\u011fi, ba\u015fkala\u015f\u0131m\u0131, kesintisiz bir olu\u015f halini koyan Derrida var; Deleuze ve Guattari var. Rasyonel, i\u015flevci mimarl\u0131\u011f\u0131n, sermayeci sistemin, evi bir makineye, bir t\u00fcketim nesnesine d\u00f6n\u00fc\u015ft\u00fcrmesini ele\u015ftirirken, mimarl\u0131\u011f\u0131 sanatla kayna\u015ft\u0131ran Gordon Matta-Clark, Rachel Whiteread, Cornelia Parker ile bir t\u00fcrl\u00fc kurulamayan end\u00fcstri \u00fcr\u00fcn\u00fc evi sessiz filminin konusu yapan Buster Keaton var. Mimarl\u0131\u011f\u0131 d\u00fc\u015f imgeleri olarak g\u00f6ren s\u00fcrrealistler; onu hayat\u0131 d\u00f6n\u00fc\u015ft\u00fcrmenin bin yolu \u00fczerine deney yapman\u0131n arac\u0131 haline getiren sit\u00fcasyonistler var. Bir nadire kabinesi, bir haf\u0131za saray\u0131, bir \u00f6zerklik abidesi, erotik \u0131st\u0131rap katedrali ile Kurt Schwitters var. \ufffcTan\u0131t\u0131m Metni<\/p>\n","protected":false},"excerpt":{"rendered":"<p>Arzu Mimarl\u0131\u011f\u0131, mimarl\u0131\u011f\u0131n ak\u0131lc\u0131l\u0131\u011f\u0131na, i\u015flevcili\u011fine, denetimcili\u011fine meydan okuyan; disiplinini \u00e7\u00f6zen; s\u0131n\u0131rlar\u0131n\u0131 a\u015fan ve bozan; orada yarat\u0131c\u0131 alanlar a\u00e7an s\u00f6ylemlerle pratikleri konu edinen yaz\u0131lardan olu\u015fuyor. Bu derlemede,<span class=\"excerpt-hellip\"> [\u2026]<\/span><\/p>\n","protected":false},"featured_media":0,"template":"","meta":{"_monsterinsights_skip_tracking":false,"_monsterinsights_sitenote_active":false,"_monsterinsights_sitenote_note":"","_monsterinsights_sitenote_category":0},"product_brand":[],"product_cat":[13512,12408],"product_tag":[],"class_list":{"0":"post-689020","1":"product","2":"type-product","3":"status-publish","5":"product_cat-mimarlik","6":"product_cat-sanat","7":"pa_cilt-ciltsiz","8":"pa_tur-kitap","9":"pa_yayinevi-iletisim-yayinlari","10":"pa_yazar-nur-altinyildiz-artun","11":"pa_yazar-roysi-ojalvo-der","13":"first","14":"instock","15":"sale","16":"shipping-taxable","17":"purchasable","18":"product-type-simple"},"_links":{"self":[{"href":"https:\/\/roveyayinevi.com.tr\/index.php\/wp-json\/wp\/v2\/product\/689020","targetHints":{"allow":["GET"]}}],"collection":[{"href":"https:\/\/roveyayinevi.com.tr\/index.php\/wp-json\/wp\/v2\/product"}],"about":[{"href":"https:\/\/roveyayinevi.com.tr\/index.php\/wp-json\/wp\/v2\/types\/product"}],"wp:attachment":[{"href":"https:\/\/roveyayinevi.com.tr\/index.php\/wp-json\/wp\/v2\/media?parent=689020"}],"wp:term":[{"taxonomy":"product_brand","embeddable":true,"href":"https:\/\/roveyayinevi.com.tr\/index.php\/wp-json\/wp\/v2\/product_brand?post=689020"},{"taxonomy":"product_cat","embeddable":true,"href":"https:\/\/roveyayinevi.com.tr\/index.php\/wp-json\/wp\/v2\/product_cat?post=689020"},{"taxonomy":"product_tag","embeddable":true,"href":"https:\/\/roveyayinevi.com.tr\/index.php\/wp-json\/wp\/v2\/product_tag?post=689020"}],"curies":[{"name":"wp","href":"https:\/\/api.w.org\/{rel}","templated":true}]}}