{"id":689019,"date":"2025-08-27T13:08:57","date_gmt":"2025-08-27T10:08:57","guid":{"rendered":"https:\/\/roveyayinevi.com.tr\/index.php\/urun\/diyabetliler-icin-hayati-kolaylastirma-kilavuzu\/"},"modified":"2026-04-16T01:58:43","modified_gmt":"2026-04-15T22:58:43","slug":"diyabetliler-icin-hayati-kolaylastirma-kilavuzu","status":"publish","type":"product","link":"https:\/\/roveyayinevi.com.tr\/index.php\/urun\/diyabetliler-icin-hayati-kolaylastirma-kilavuzu\/","title":{"rendered":"Diyabetliler \u0130\u00e7in Hayat\u0131 Kolayla\u015ft\u0131rma K\u0131lavuzu"},"content":{"rendered":"<p>Bir diyabetlinin \u00f6m\u00fcr boyu diyet yapmas\u0131, daha \u00f6nceden haz\u0131rlanm\u0131\u015f bir diyet listesini veya ko\u00e7an\u0131ndan kopar\u0131larak kendisine uzat\u0131lan &#8220;1400 kalorilik diyet&#8221; ba\u015fl\u0131kl\u0131 basmakal\u0131p bir yemek plan\u0131n\u0131 her g\u00fcn d\u00fczenli olarak uygulamas\u0131 m\u00fcmk\u00fcn de\u011fil. Kan \u015fekeri ayar\u0131n\u0131 sa\u011flamak ve sa\u011fl\u0131kl\u0131 bir ya\u015fam s\u00fcrd\u00fcrmek i\u00e7in diyabetli ki\u015fi \u00f6ncelikle nas\u0131l beslenmesi gerekti\u011fini \u00f6\u011frenmeli ve ald\u0131\u011f\u0131 bilgi ile yemek plan\u0131n\u0131 g\u00fcnl\u00fck ya\u015fam ak\u0131\u015f\u0131na g\u00f6re kendisi olu\u015fturmal\u0131. \u0130\u015fte uygulanmas\u0131 son derece kolay olan &#8220;karbonhidrat say\u0131m\u0131&#8221; y\u00f6ntemi, bu noktada devreye giriyor. Bu \u00f6\u011f\u00fcn planlama y\u00f6ntemi, diyabetli bireyi diyet yapma zorunlulu\u011fundan ve stresinden uzakla\u015ft\u0131r\u0131yor, ki\u015finin ya\u015fam kalitesini art\u0131r\u0131yor. <\/p>\n","protected":false},"excerpt":{"rendered":"<p>Bir diyabetlinin \u00f6m\u00fcr boyu diyet yapmas\u0131, daha \u00f6nceden haz\u0131rlanm\u0131\u015f bir diyet listesini veya ko\u00e7an\u0131ndan kopar\u0131larak kendisine uzat\u0131lan &#8220;1400 kalorilik diyet&#8221; ba\u015fl\u0131kl\u0131 basmakal\u0131p bir yemek plan\u0131n\u0131 her<span class=\"excerpt-hellip\"> [\u2026]<\/span><\/p>\n","protected":false},"featured_media":0,"template":"","meta":{"_monsterinsights_skip_tracking":false,"_monsterinsights_sitenote_active":false,"_monsterinsights_sitenote_note":"","_monsterinsights_sitenote_category":0},"product_brand":[],"product_cat":[13397,13365],"product_tag":[],"class_list":{"0":"post-689019","1":"product","2":"type-product","3":"status-publish","5":"product_cat-alternatif-tip-sifali-bitkiler","6":"product_cat-saglik","7":"pa_cilt-ciltsiz","8":"pa_tur-kitap","9":"pa_yayinevi-hayykitap","10":"pa_yazar-emel-ozer","12":"first","13":"instock","14":"sale","15":"shipping-taxable","16":"purchasable","17":"product-type-simple"},"_links":{"self":[{"href":"https:\/\/roveyayinevi.com.tr\/index.php\/wp-json\/wp\/v2\/product\/689019","targetHints":{"allow":["GET"]}}],"collection":[{"href":"https:\/\/roveyayinevi.com.tr\/index.php\/wp-json\/wp\/v2\/product"}],"about":[{"href":"https:\/\/roveyayinevi.com.tr\/index.php\/wp-json\/wp\/v2\/types\/product"}],"wp:attachment":[{"href":"https:\/\/roveyayinevi.com.tr\/index.php\/wp-json\/wp\/v2\/media?parent=689019"}],"wp:term":[{"taxonomy":"product_brand","embeddable":true,"href":"https:\/\/roveyayinevi.com.tr\/index.php\/wp-json\/wp\/v2\/product_brand?post=689019"},{"taxonomy":"product_cat","embeddable":true,"href":"https:\/\/roveyayinevi.com.tr\/index.php\/wp-json\/wp\/v2\/product_cat?post=689019"},{"taxonomy":"product_tag","embeddable":true,"href":"https:\/\/roveyayinevi.com.tr\/index.php\/wp-json\/wp\/v2\/product_tag?post=689019"}],"curies":[{"name":"wp","href":"https:\/\/api.w.org\/{rel}","templated":true}]}}