{"id":689018,"date":"2025-08-27T13:08:57","date_gmt":"2025-08-27T10:08:57","guid":{"rendered":"https:\/\/roveyayinevi.com.tr\/index.php\/urun\/annem-ve-babam-bosaniyor\/"},"modified":"2026-02-03T02:00:13","modified_gmt":"2026-02-02T23:00:13","slug":"annem-ve-babam-bosaniyor","status":"publish","type":"product","link":"https:\/\/roveyayinevi.com.tr\/index.php\/urun\/annem-ve-babam-bosaniyor\/","title":{"rendered":"Annem ve Babam Bo\u015fan\u0131yor"},"content":{"rendered":"<p>Bu kitap, \u00e7ocuklar\u0131n bo\u015fanmay\u0131 anlamalar\u0131 ve kayb\u0131n yaratt\u0131\u011f\u0131 keder duygusunu tan\u0131y\u0131p ifade etmeleri i\u00e7in g\u00fcvenilir ve incelikli bir yol sunuyor. Kitaptaki yarat\u0131c\u0131 ve interaktif \u00e7izim aktiviteleri \u00e7ocuklar\u0131n \u015fu konular\u0131 \u00f6\u011frenmelerine yard\u0131mc\u0131 olmak amac\u0131yla haz\u0131rlanm\u0131\u015ft\u0131r: \u2022 De\u011fi\u015fimi hayat\u0131n bir par\u00e7as\u0131 olarak g\u00f6rmek \u2022 Bo\u015fanmayla ili\u015fkili de\u011fi\u015fimleri tart\u0131\u015fmak \u2022 Bo\u015fanmay\u0131 ve bo\u015fanmayla ilgili duygular\u0131 anlamak \u2022 Evlilik ve bo\u015fanmayla ilgili kavramlar\u0131 tan\u0131mak \u2022 De\u011fi\u015fimle ba\u015fa \u00e7\u0131kma y\u00f6ntemlerini belirlemek \u2022 Kay\u0131p ve keder duygusunu tan\u0131mak \u2022 T\u00fcm duygular\u0131n do\u011fal oldu\u011funu kabul etmek \u2022 Duygular\u0131 ifade etmenin sa\u011fl\u0131kl\u0131 yollar\u0131n\u0131 bulmak \u2022 Bo\u015fanm\u0131\u015f ebeveynlerle ya\u015famak \u2022 Ebeveynlerin duygular\u0131n\u0131 tan\u0131mak \u201cBo\u015fanma s\u00fcrecinde hem \u00e7ocuklar\u0131 hem de ebeveynleri bilgilendirecek, bu zor s\u00fcrece haz\u0131rlayacak ve onlara yol g\u00f6sterecek ustal\u0131kla haz\u0131rlanm\u0131\u015f m\u00fckemmel bir kitap. Bu kitap sadece anlay\u0131\u015f de\u011fil, umut da vaat ediyor&#8230;\u201d Dr. Earl A. Grollma<\/p>\n","protected":false},"excerpt":{"rendered":"<p>Bu kitap, \u00e7ocuklar\u0131n bo\u015fanmay\u0131 anlamalar\u0131 ve kayb\u0131n yaratt\u0131\u011f\u0131 keder duygusunu tan\u0131y\u0131p ifade etmeleri i\u00e7in g\u00fcvenilir ve incelikli bir yol sunuyor. Kitaptaki yarat\u0131c\u0131 ve interaktif \u00e7izim aktiviteleri<span class=\"excerpt-hellip\"> [\u2026]<\/span><\/p>\n","protected":false},"featured_media":0,"template":"","meta":{"_monsterinsights_skip_tracking":false,"_monsterinsights_sitenote_active":false,"_monsterinsights_sitenote_note":"","_monsterinsights_sitenote_category":0},"product_brand":[],"product_cat":[12312,12304],"product_tag":[],"class_list":{"0":"post-689018","1":"product","2":"type-product","3":"status-publish","5":"product_cat-diger","6":"product_cat-tarih","7":"pa_cilt-ciltsiz","8":"pa_tur-kitap","9":"pa_yayinevi-iletisim-yayinlari","10":"pa_yazar-marge-eaton-heegaard","12":"first","13":"instock","14":"sale","15":"shipping-taxable","16":"purchasable","17":"product-type-simple"},"_links":{"self":[{"href":"https:\/\/roveyayinevi.com.tr\/index.php\/wp-json\/wp\/v2\/product\/689018","targetHints":{"allow":["GET"]}}],"collection":[{"href":"https:\/\/roveyayinevi.com.tr\/index.php\/wp-json\/wp\/v2\/product"}],"about":[{"href":"https:\/\/roveyayinevi.com.tr\/index.php\/wp-json\/wp\/v2\/types\/product"}],"wp:attachment":[{"href":"https:\/\/roveyayinevi.com.tr\/index.php\/wp-json\/wp\/v2\/media?parent=689018"}],"wp:term":[{"taxonomy":"product_brand","embeddable":true,"href":"https:\/\/roveyayinevi.com.tr\/index.php\/wp-json\/wp\/v2\/product_brand?post=689018"},{"taxonomy":"product_cat","embeddable":true,"href":"https:\/\/roveyayinevi.com.tr\/index.php\/wp-json\/wp\/v2\/product_cat?post=689018"},{"taxonomy":"product_tag","embeddable":true,"href":"https:\/\/roveyayinevi.com.tr\/index.php\/wp-json\/wp\/v2\/product_tag?post=689018"}],"curies":[{"name":"wp","href":"https:\/\/api.w.org\/{rel}","templated":true}]}}