{"id":689017,"date":"2025-08-27T13:08:57","date_gmt":"2025-08-27T10:08:57","guid":{"rendered":"https:\/\/roveyayinevi.com.tr\/index.php\/urun\/ataturk-klaus-kreiser\/"},"modified":"2026-04-16T01:58:43","modified_gmt":"2026-04-15T22:58:43","slug":"ataturk-klaus-kreiser","status":"publish","type":"product","link":"https:\/\/roveyayinevi.com.tr\/index.php\/urun\/ataturk-klaus-kreiser\/","title":{"rendered":"Atat\u00fcrk &#8211; Klaus Kreiser"},"content":{"rendered":"<p>Mustafa Kemal Atat\u00fcrk\u2019\u00fcn hayat\u0131 bug\u00fcne kadar yerli ve yabanc\u0131 bir\u00e7ok yazar taraf\u0131ndan anlat\u0131ld\u0131 bize. Osmanl\u0131 ve T\u00fcrkiye tarihinin uluslararas\u0131 d\u00fczeyde \u00f6nemli uzmanlar\u0131ndan Klaus Kreiser\u2019in \u00e7al\u0131\u015fmas\u0131, bu y\u0131\u011f\u0131n i\u00e7inde, \u00f6ncelikle malzemesinin zenginli\u011fi, konuya h\u00e2kimiyeti, onlardan da \u00f6nce so\u011fukkanl\u0131l\u0131\u011f\u0131yla bunlar aras\u0131nda ay\u0131rt edilecektir. Hamasi \u00f6vg\u00fcc\u00fcl\u00fckten de, muhalif anlat\u0131lar\u0131n keskinli\u011finden de uzak bir biyografi, elinizdeki. B\u00fcy\u00fck h\u00fck\u00fcmler vermekten ziyade al\u00e7ak sesle ve sakin konu\u015fan, zamana ve insana d\u00fcr\u00fcst bir ilgiyle bakan, n\u00fckteli, ferah bir anlat\u0131. Yazar\u0131n deyi\u015fiyle as\u0131l amac\u0131, Mustafa Kemal\u2019i tarihsel ba\u011flam\u0131 i\u00e7inde anlatmakt\u0131r. Klaus Kreiser, Atat\u00fcrk\u2019\u00fcn ya\u015fam \u00e7izgisini \u00f6nceleri asker ve kendisini ulusal iradenin cisimle\u015fmi\u015f hali olarak g\u00f6ren bir siyaset adam\u0131&#8230; daha sonralar\u0131 ise dini ve dili, hukuku ve tarih anlay\u0131\u015f\u0131n\u0131, k\u0131l\u0131k k\u0131yafeti ve m\u00fczi\u011fi derinden de\u011fi\u015ftirmek isteyen bir k\u00fclt\u00fcr devrimcisi&#8230; olarak ele al\u0131yor. Atat\u00fcrk\u2019\u00fcn rejimi ni, a\u011f\u0131r bir talim-terbiye diktat\u00f6rl\u00fc\u011f\u00fc olarak tan\u0131ml\u0131yor yine de, iki d\u00fcnya sava\u015f\u0131 aras\u0131n\u0131n diktat\u00f6rl\u00fck rejimlerinden farkl\u0131 bir rejim olarak tasnif ediyor. Ba\u015f\u00f6\u011fretmen in otoriter karizmatik s\u00f6yleminin, dinleyicilerinin akl\u0131n\u0131 ba\u015f\u0131ndan almay\u0131 hedefleyen bir hitabet olmad\u0131\u011f\u0131n\u0131 not ederken de benzer bir ayr\u0131m yap\u0131yor Kreiser. Almanya\u2019da k\u0131sa s\u00fcrede ikinci bask\u0131s\u0131 yap\u0131lan kitap, \u00f6\u011frenciler i\u00e7in de ara\u015ft\u0131rmac\u0131lar i\u00e7in de ba\u015fvuru kayna\u011f\u0131 niteli\u011findedir. Bu titiz biyografi, bize modern T\u00fcrkiye\u2019nin tarihini ve Atat\u00fcrk k\u00fclt\u00fcn\u00fc yeniden d\u00fc\u015f\u00fcnme f\u0131rsat\u0131 veriyor.<\/p>\n","protected":false},"excerpt":{"rendered":"<p>Mustafa Kemal Atat\u00fcrk\u2019\u00fcn hayat\u0131 bug\u00fcne kadar yerli ve yabanc\u0131 bir\u00e7ok yazar taraf\u0131ndan anlat\u0131ld\u0131 bize. Osmanl\u0131 ve T\u00fcrkiye tarihinin uluslararas\u0131 d\u00fczeyde \u00f6nemli uzmanlar\u0131ndan Klaus Kreiser\u2019in \u00e7al\u0131\u015fmas\u0131, bu<span class=\"excerpt-hellip\"> [\u2026]<\/span><\/p>\n","protected":false},"featured_media":0,"template":"","meta":{"_monsterinsights_skip_tracking":false,"_monsterinsights_sitenote_active":false,"_monsterinsights_sitenote_note":"","_monsterinsights_sitenote_category":0},"product_brand":[],"product_cat":[12530,12304],"product_tag":[],"class_list":{"0":"post-689017","1":"product","2":"type-product","3":"status-publish","5":"product_cat-mustafa-kemal-ataturk","6":"product_cat-tarih","7":"pa_cilt-ciltsiz","8":"pa_tur-kitap","9":"pa_yayinevi-iletisim-yayinlari","10":"pa_yazar-klaus-kreiser","12":"first","13":"instock","14":"sale","15":"shipping-taxable","16":"purchasable","17":"product-type-simple"},"_links":{"self":[{"href":"https:\/\/roveyayinevi.com.tr\/index.php\/wp-json\/wp\/v2\/product\/689017","targetHints":{"allow":["GET"]}}],"collection":[{"href":"https:\/\/roveyayinevi.com.tr\/index.php\/wp-json\/wp\/v2\/product"}],"about":[{"href":"https:\/\/roveyayinevi.com.tr\/index.php\/wp-json\/wp\/v2\/types\/product"}],"wp:attachment":[{"href":"https:\/\/roveyayinevi.com.tr\/index.php\/wp-json\/wp\/v2\/media?parent=689017"}],"wp:term":[{"taxonomy":"product_brand","embeddable":true,"href":"https:\/\/roveyayinevi.com.tr\/index.php\/wp-json\/wp\/v2\/product_brand?post=689017"},{"taxonomy":"product_cat","embeddable":true,"href":"https:\/\/roveyayinevi.com.tr\/index.php\/wp-json\/wp\/v2\/product_cat?post=689017"},{"taxonomy":"product_tag","embeddable":true,"href":"https:\/\/roveyayinevi.com.tr\/index.php\/wp-json\/wp\/v2\/product_tag?post=689017"}],"curies":[{"name":"wp","href":"https:\/\/api.w.org\/{rel}","templated":true}]}}