{"id":689016,"date":"2025-08-27T13:08:57","date_gmt":"2025-08-27T10:08:57","guid":{"rendered":"https:\/\/roveyayinevi.com.tr\/index.php\/urun\/annem-belkis\/"},"modified":"2026-04-16T01:58:43","modified_gmt":"2026-04-15T22:58:43","slug":"annem-belkis","status":"publish","type":"product","link":"https:\/\/roveyayinevi.com.tr\/index.php\/urun\/annem-belkis\/","title":{"rendered":"Annem Belk\u0131s"},"content":{"rendered":"<p>G\u00fcnd\u00fcz Vassaf\u2019\u0131n kalemiyle annesinin hik\u00e2yesi. \u00d6ks\u00fcz bir Rumeli k\u0131z\u0131n\u0131n Osmanl\u0131 \u0130mparatorlu\u011fu\u2019nun s\u0131n\u0131rlar\u0131nda ba\u015flayan hayat\u0131 bize g\u00fcndelik ya\u015fant\u0131n\u0131n unutulmu\u015f pek \u00e7ok ayr\u0131nt\u0131s\u0131n\u0131tan\u0131tarak bilinmeyen evlere misafir ediyor. Osmanl\u0131, Cumhuriyet T\u00fcrkiye\u2019si ve ABD\u2019de y\u00fczy\u0131la yak\u0131n s\u00fcren \u00e7arp\u0131c\u0131 bir ya\u015fant\u0131n\u0131n \u0131\u015f\u0131\u011f\u0131nda kad\u0131n\u0131n toplumdaki yeri.\u0130mparatorlu\u011fun son y\u0131llar\u0131nda Balkanlar\u2019da dindar bir ailenin T\u00fcrk katliam\u0131 \u00f6ncesi g\u00fcnl\u00fck ya\u015fant\u0131s\u0131, Yunan i\u015fgali alt\u0131nda Anadolu, \u0130stanbul\u2019da tek ba\u015f\u0131na ya\u015fayan bir gen\u00e7 kad\u0131n\u0131n y\u0131llar\u0131, Robert Kolej\u2019den sonra D\u00e2r\u00fclf\u00fcnun\u2019da felsefe \u00f6\u011frencili\u011fi Belk\u0131s Halim\u2019in an\u0131lar\u0131nda birer birer canlan\u0131yor. Gen\u00e7 Cumhuriyet\u2019e al\u0131\u015fman\u0131n ac\u0131 tatl\u0131 ser\u00fcvenleriyledekar\u015f\u0131la\u015f\u0131yoruz.Kitapta\u00c7aml\u0131caK\u0131zMektebi\u2019nde jambon devrimi, \u00e7apk\u0131n Kur\u2019an\u2019c\u0131lar, \u0130stanbul semalar\u0131nda at\u0131lan k\u0131zl\u0131 erkekli u\u00e7ak turlar\u0131 ve tabii ba\u015f\u0131m\u0131zdan eksik olmayan gizli polisimiz. II. D\u00fcnya Sava\u015f\u0131 y\u0131llar\u0131nda Harvard\u2019da erkekler aras\u0131nda okuyan bu tek kad\u0131n\u0131n Amerika\u2019n\u0131n ak\u0131l hastanelerinde yar\u0131m as\u0131r s\u00fcren psikologlu\u011fu\u2026 So\u011fuk sava\u015f y\u0131llar\u0131nda Ankara\u2019da Amerikan askerlerinin\u201cbeyli\u011fi\u201d,Moskova\u2019daT\u00fcrkkom\u00fcnistlerininibretverici ser\u00fcvenleri. <\/p>\n","protected":false},"excerpt":{"rendered":"<p>G\u00fcnd\u00fcz Vassaf\u2019\u0131n kalemiyle annesinin hik\u00e2yesi. \u00d6ks\u00fcz bir Rumeli k\u0131z\u0131n\u0131n Osmanl\u0131 \u0130mparatorlu\u011fu\u2019nun s\u0131n\u0131rlar\u0131nda ba\u015flayan hayat\u0131 bize g\u00fcndelik ya\u015fant\u0131n\u0131n unutulmu\u015f pek \u00e7ok ayr\u0131nt\u0131s\u0131n\u0131tan\u0131tarak bilinmeyen evlere misafir ediyor. Osmanl\u0131,<span class=\"excerpt-hellip\"> [\u2026]<\/span><\/p>\n","protected":false},"featured_media":0,"template":"","meta":{"_monsterinsights_skip_tracking":false,"_monsterinsights_sitenote_active":false,"_monsterinsights_sitenote_note":"","_monsterinsights_sitenote_category":0},"product_brand":[],"product_cat":[12291,12292],"product_tag":[],"class_list":{"0":"post-689016","1":"product","2":"type-product","3":"status-publish","5":"product_cat-edebiyat","6":"product_cat-turk-edebiyati","7":"pa_cilt-ciltsiz","8":"pa_tur-kitap","9":"pa_yayinevi-iletisim-yayinlari","10":"pa_yazar-gunduz-vassaf","12":"first","13":"instock","14":"sale","15":"shipping-taxable","16":"purchasable","17":"product-type-simple"},"_links":{"self":[{"href":"https:\/\/roveyayinevi.com.tr\/index.php\/wp-json\/wp\/v2\/product\/689016","targetHints":{"allow":["GET"]}}],"collection":[{"href":"https:\/\/roveyayinevi.com.tr\/index.php\/wp-json\/wp\/v2\/product"}],"about":[{"href":"https:\/\/roveyayinevi.com.tr\/index.php\/wp-json\/wp\/v2\/types\/product"}],"wp:attachment":[{"href":"https:\/\/roveyayinevi.com.tr\/index.php\/wp-json\/wp\/v2\/media?parent=689016"}],"wp:term":[{"taxonomy":"product_brand","embeddable":true,"href":"https:\/\/roveyayinevi.com.tr\/index.php\/wp-json\/wp\/v2\/product_brand?post=689016"},{"taxonomy":"product_cat","embeddable":true,"href":"https:\/\/roveyayinevi.com.tr\/index.php\/wp-json\/wp\/v2\/product_cat?post=689016"},{"taxonomy":"product_tag","embeddable":true,"href":"https:\/\/roveyayinevi.com.tr\/index.php\/wp-json\/wp\/v2\/product_tag?post=689016"}],"curies":[{"name":"wp","href":"https:\/\/api.w.org\/{rel}","templated":true}]}}