{"id":689015,"date":"2025-08-27T13:08:56","date_gmt":"2025-08-27T10:08:56","guid":{"rendered":"https:\/\/roveyayinevi.com.tr\/index.php\/urun\/ameleden-isciye-erken-cumhuriyet-donemi-emek-tarihi-calismalari\/"},"modified":"2026-04-16T01:58:43","modified_gmt":"2026-04-15T22:58:43","slug":"ameleden-isciye-erken-cumhuriyet-donemi-emek-tarihi-calismalari","status":"publish","type":"product","link":"https:\/\/roveyayinevi.com.tr\/index.php\/urun\/ameleden-isciye-erken-cumhuriyet-donemi-emek-tarihi-calismalari\/","title":{"rendered":"Ameleden \u0130\u015f\u00e7iye: Erken Cumhuriyet D\u00f6nemi Emek Tarihi \u00c7al\u0131\u015fmalar\u0131"},"content":{"rendered":"<p>Erken Cumhuriyet d\u00f6neminin emek tarihine ili\u015fkin geli\u015fmelerini \u00e7e\u015fitli yanlar\u0131yla ele alan bu kitap, genel olarak s\u00f6zkonusu d\u00f6nemin politik ve sosyal tahliline d\u00f6n\u00fck \u00e7al\u0131\u015fmalara katk\u0131da bulundu\u011fu gibi, T\u00fcrkiye\u2019de i\u015f\u00e7ile\u015fme s\u00fcre\u00e7lerinin tarihindeki bir merhaleyi de ayd\u0131nlat\u0131yor. Erken Cumhuriyet d\u00f6nemi emek tarih\u00e7ili\u011fi \u00fczerine \u00e7al\u0131\u015fma ve tart\u0131\u015fmalar\u0131n y\u00f6ntemsel bir ele\u015ftirisini yapan Ahmet Makal, bir ba\u015fka \u2018genel\u2019 ba\u015fl\u0131k olarak, Tek Parti d\u00f6neminin korporatist ve\u00e7hesini tart\u0131\u015f\u0131yor. 1930\u2019lar T\u00fcrkiyesi\u2019nde korporatizmin sistemsel bir b\u00fct\u00fcnl\u00fckle uygulanmad\u0131\u011f\u0131n\u0131, devletle kimi toplum kesimleri aras\u0131nda \u2018arac\u0131 kurum\u2019 i\u015flevi g\u00f6rmek \u00fczere \u00f6zg\u00fcl bir ge\u00e7erlilik ta\u015f\u0131d\u0131\u011f\u0131n\u0131 ileri s\u00fcr\u00fcyor. Nitekim, 1930\u2019lu ve 40\u2019l\u0131 y\u0131llardaki i\u015fg\u00fcc\u00fc politikalar\u0131na ve sosyal politikalar\u0131na bak\u0131ld\u0131\u011f\u0131nda, sanayile\u015fme s\u00fcrecinin Avrupa\u2019daki ba\u015flang\u0131\u00e7lar\u0131 ile -farkl\u0131l\u0131klar yan\u0131nda- benzer yanlar\u0131n g\u00f6r\u00fclece\u011fine dikkat \u00e7ekiyor. Makal\u2019\u0131n \u00e7al\u0131\u015fmas\u0131nda, emek tarihinin ve \u2018amelelerin i\u015f\u00e7ile\u015fmesi\u2019 s\u00fcrecinin tahlilini zenginle\u015ftiren \u00f6zg\u00fcl ba\u015fl\u0131klar \u015funlar: 1930 ve 1940\u2019l\u0131 y\u0131llarda iktisadi devlet te\u015fekk\u00fclleri ba\u011flam\u0131nda sanayile\u015fme ve i\u015fg\u00fcc\u00fc sorunu; Milli Korunma Kanunu (1940) ve  i\u015f m\u00fckellefiyeti  uygulamas\u0131; \u00c7ok partili demokrasiye ge\u00e7ilen 1946-50 d\u00f6neminde CHP ve sendikalar; Ayn\u0131 d\u00f6nemde grevler ve grev  meselesi  \u00fczerine tart\u0131\u015fmalar. Kitab\u0131n \u00e7ok \u00f6nemli bir \u00f6zg\u00fcn katk\u0131s\u0131, T\u00fcrkiye\u2019de \u00e7ocuk i\u015f\u00e7ili\u011fin tarihi \u00fczerine kapsaml\u0131 bir de\u011ferlendirme sunmas\u0131. Makal, 1920-1960 d\u00f6neminde \u00e7ocuk i\u015f\u00e7ili\u011finin hukuksal ve nicel boyutlar\u0131n\u0131n net bir resmini \u00e7iziyor.  Top oynay\u0131p ac\u0131kamayan \u00e7ocuklara  ayr\u0131lan bu b\u00f6l\u00fcm, emek\u00e7ilerin k\u00f6le-amele-i\u015f\u00e7i \u2018stat\u00fcleri\u2019 aras\u0131nda s\u0131k\u0131\u015fmas\u0131n\u0131n en \u00e7arp\u0131c\u0131 cephesine \u0131\u015f\u0131k tutuyor. <\/p>\n","protected":false},"excerpt":{"rendered":"<p>Erken Cumhuriyet d\u00f6neminin emek tarihine ili\u015fkin geli\u015fmelerini \u00e7e\u015fitli yanlar\u0131yla ele alan bu kitap, genel olarak s\u00f6zkonusu d\u00f6nemin politik ve sosyal tahliline d\u00f6n\u00fck \u00e7al\u0131\u015fmalara katk\u0131da bulundu\u011fu gibi,<span class=\"excerpt-hellip\"> [\u2026]<\/span><\/p>\n","protected":false},"featured_media":0,"template":"","meta":{"_monsterinsights_skip_tracking":false,"_monsterinsights_sitenote_active":false,"_monsterinsights_sitenote_note":"","_monsterinsights_sitenote_category":0},"product_brand":[],"product_cat":[12304,13493],"product_tag":[],"class_list":{"0":"post-689015","1":"product","2":"type-product","3":"status-publish","5":"product_cat-tarih","6":"product_cat-turkiye-ve-cumhuriyet-tarihi","7":"pa_tur-kitap","8":"pa_yayinevi-iletisim-yayinlari","9":"pa_yazar-ahmet-makal","11":"first","12":"instock","13":"sale","14":"shipping-taxable","15":"purchasable","16":"product-type-simple"},"_links":{"self":[{"href":"https:\/\/roveyayinevi.com.tr\/index.php\/wp-json\/wp\/v2\/product\/689015","targetHints":{"allow":["GET"]}}],"collection":[{"href":"https:\/\/roveyayinevi.com.tr\/index.php\/wp-json\/wp\/v2\/product"}],"about":[{"href":"https:\/\/roveyayinevi.com.tr\/index.php\/wp-json\/wp\/v2\/types\/product"}],"wp:attachment":[{"href":"https:\/\/roveyayinevi.com.tr\/index.php\/wp-json\/wp\/v2\/media?parent=689015"}],"wp:term":[{"taxonomy":"product_brand","embeddable":true,"href":"https:\/\/roveyayinevi.com.tr\/index.php\/wp-json\/wp\/v2\/product_brand?post=689015"},{"taxonomy":"product_cat","embeddable":true,"href":"https:\/\/roveyayinevi.com.tr\/index.php\/wp-json\/wp\/v2\/product_cat?post=689015"},{"taxonomy":"product_tag","embeddable":true,"href":"https:\/\/roveyayinevi.com.tr\/index.php\/wp-json\/wp\/v2\/product_tag?post=689015"}],"curies":[{"name":"wp","href":"https:\/\/api.w.org\/{rel}","templated":true}]}}