{"id":689013,"date":"2025-08-27T13:08:56","date_gmt":"2025-08-27T10:08:56","guid":{"rendered":"https:\/\/roveyayinevi.com.tr\/index.php\/urun\/canakkale-bogazinin-derinliklerinde\/"},"modified":"2026-04-16T01:58:43","modified_gmt":"2026-04-15T22:58:43","slug":"canakkale-bogazinin-derinliklerinde","status":"publish","type":"product","link":"https:\/\/roveyayinevi.com.tr\/index.php\/urun\/canakkale-bogazinin-derinliklerinde\/","title":{"rendered":"\u00c7anakkale Bo\u011faz\u0131&#8217;n\u0131n Derinliklerinde"},"content":{"rendered":"<p>\u00c7anakkale Sava\u015flar\u0131 s\u0131ras\u0131nda, Avustralya denizalt\u0131s\u0131 AE2\u2019nin oynad\u0131\u011f\u0131 \u00f6nemli rol Avustralya\u2019da bile az bilinen tarihi bir ger\u00e7ektir. AE2\u2019yi Marmara Denizi\u2019nde yakalayan Sultanhisar torpido botunun \u00f6yk\u00fcs\u00fc de T\u00fcrkiye\u2019de fazla bilinmez. 25 Nisan 1915\u2019te Anzak birlikleri Ar\u0131burnu\u2019na \u00e7\u0131kartma yapt\u0131klar\u0131 s\u0131rada, AE2 \u00c7anakkale Bo\u011faz\u0131\u2019n\u0131 ge\u00e7meyi ba\u015fard\u0131. \u0130ngiliz ve Frans\u0131z donanmalar\u0131n\u0131n 18 Mart\u2019ta \u00c7anakkale\u2019yi ge\u00e7me giri\u015fimleri onlar i\u00e7in felaketle sonu\u00e7lanm\u0131\u015ft\u0131. T\u00fcrk torpido gemisi Sultanhisar taraf\u0131ndan Marmara Denizi\u2019nde yakalan\u0131nca, AE2\u2019nin \u2018yok etme ya da engelleme amac\u0131yla etrafa sald\u0131rma\u2019 misyonu son buldu. Denizalt\u0131s\u0131 top ate\u015fiyle hasara u\u011frayan kaptan Stoker, AE2\u2019yi bat\u0131rd\u0131 ve m\u00fcrettebat\u0131 Sultanhisar\u2019\u0131n kaptan\u0131 Ali R\u0131za taraf\u0131ndan kurtar\u0131ld\u0131. \u00c7anakkale Bo\u011faz\u0131\u2019n\u0131n Derinliklerinde, AE2\u2019nin hik\u00e2yesini hem Avustralya hem de T\u00fcrk bak\u0131\u015f a\u00e7\u0131s\u0131ndan anlatmakta ve her iki kaptan\u0131n an\u0131lar\u0131na yer vermektedir. Askeri kitaplarda bile bir sava\u015ftaki iki hasm\u0131n g\u00f6r\u00fc\u015flerini bir arada bulmak nadir rastlanan bir durumdur. AE2 Denizalt\u0131s\u0131 1998\u2019e kadar denizin dibinde ke\u015ffedilmeyi bekledi. Yap\u0131lan ke\u015fif, Avustralya\u2019n\u0131n \u00c7anakkale Sava\u015flar\u0131\u2019na ait en b\u00fcy\u00fck ve \u00f6nemli tarihi eseri s\u0131fat\u0131n\u0131 da AE2\u2019ye kazand\u0131rd\u0131. AE2\u2019yi gelecekte nelerin bekledi\u011fi \u00f6n\u00fcm\u00fczdeki y\u0131llar i\u00e7inde belli olacak ve bu kitap onun gelecekteki hik\u00e2yesine b\u00fcy\u00fck bir katk\u0131 sa\u011flayacakt\u0131r. <\/p>\n","protected":false},"excerpt":{"rendered":"<p>\u00c7anakkale Sava\u015flar\u0131 s\u0131ras\u0131nda, Avustralya denizalt\u0131s\u0131 AE2\u2019nin oynad\u0131\u011f\u0131 \u00f6nemli rol Avustralya\u2019da bile az bilinen tarihi bir ger\u00e7ektir. AE2\u2019yi Marmara Denizi\u2019nde yakalayan Sultanhisar torpido botunun \u00f6yk\u00fcs\u00fc de T\u00fcrkiye\u2019de<span class=\"excerpt-hellip\"> [\u2026]<\/span><\/p>\n","protected":false},"featured_media":0,"template":"","meta":{"_monsterinsights_skip_tracking":false,"_monsterinsights_sitenote_active":false,"_monsterinsights_sitenote_note":"","_monsterinsights_sitenote_category":0},"product_brand":[],"product_cat":[12291,12745],"product_tag":[],"class_list":{"0":"post-689013","1":"product","2":"type-product","3":"status-publish","5":"product_cat-edebiyat","6":"product_cat-tarihi-roman","7":"pa_tur-kitap","8":"pa_yayinevi-galata-kitaplari","9":"pa_yazar-vecihi-ve-hatice-hurmuz-basarin","11":"first","12":"instock","13":"sale","14":"shipping-taxable","15":"purchasable","16":"product-type-simple"},"_links":{"self":[{"href":"https:\/\/roveyayinevi.com.tr\/index.php\/wp-json\/wp\/v2\/product\/689013","targetHints":{"allow":["GET"]}}],"collection":[{"href":"https:\/\/roveyayinevi.com.tr\/index.php\/wp-json\/wp\/v2\/product"}],"about":[{"href":"https:\/\/roveyayinevi.com.tr\/index.php\/wp-json\/wp\/v2\/types\/product"}],"wp:attachment":[{"href":"https:\/\/roveyayinevi.com.tr\/index.php\/wp-json\/wp\/v2\/media?parent=689013"}],"wp:term":[{"taxonomy":"product_brand","embeddable":true,"href":"https:\/\/roveyayinevi.com.tr\/index.php\/wp-json\/wp\/v2\/product_brand?post=689013"},{"taxonomy":"product_cat","embeddable":true,"href":"https:\/\/roveyayinevi.com.tr\/index.php\/wp-json\/wp\/v2\/product_cat?post=689013"},{"taxonomy":"product_tag","embeddable":true,"href":"https:\/\/roveyayinevi.com.tr\/index.php\/wp-json\/wp\/v2\/product_tag?post=689013"}],"curies":[{"name":"wp","href":"https:\/\/api.w.org\/{rel}","templated":true}]}}