{"id":689006,"date":"2025-08-27T13:08:55","date_gmt":"2025-08-27T10:08:55","guid":{"rendered":"https:\/\/roveyayinevi.com.tr\/index.php\/urun\/elma-dersem-dus-fizikciler\/"},"modified":"2026-04-16T01:58:43","modified_gmt":"2026-04-15T22:58:43","slug":"elma-dersem-dus-fizikciler","status":"publish","type":"product","link":"https:\/\/roveyayinevi.com.tr\/index.php\/urun\/elma-dersem-dus-fizikciler\/","title":{"rendered":"Elma Dersem D\u00fc\u015f &#8211; Fizik\u00e7iler"},"content":{"rendered":"<p>Fizik biliminin on m\u00fcthi\u015f ismiyle tan\u0131\u015faca\u011f\u0131n\u0131z bir yolculu\u011fa haz\u0131r m\u0131s\u0131n\u0131z?Milattan \u00f6ncesinden yola \u00e7\u0131k\u0131p g\u00fcn\u00fcm\u00fcze kadar gelirken Ar\u015fimet, El Kindi, \u0130bn\u00fc\u2019l Heysem, Abdurrahm\u00e2n El-Hazini, Newton, Marie Curie, Rutherford, Einstein, Abd\u00fcssel\u00e2m ve Stephen Hawking\u2019in hayat hik\u00e2yelerini okuyacak, evrendeki s\u0131rlar\u0131 nas\u0131l ke\u015ffettiklerine tan\u0131k olacaks\u0131n\u0131z. Onlar\u0131n hayat hik\u00e2yeleri sadece fizikle ilgilenenlere de\u011fil evrene merakl\u0131 g\u00f6zlerle bakan herkese ilham verecek. Gen\u00e7 okurlar\u0131 ara\u015ft\u0131rmaya ve sormaya te\u015fvik edecek.Stephen Hawking&#8217;in dedi\u011fi gibi, &#8220;\u00c7ocuklar\u0131n ve gen\u00e7lerin &#8216;neden&#8217; diye sormalar\u0131 \u00f6nemlidir. Merak etmeye devam etti\u011fim i\u00e7in ben de bir \u00e7ocuk say\u0131l\u0131r\u0131m.&#8221;<\/p>\n","protected":false},"excerpt":{"rendered":"<p>Fizik biliminin on m\u00fcthi\u015f ismiyle tan\u0131\u015faca\u011f\u0131n\u0131z bir yolculu\u011fa haz\u0131r m\u0131s\u0131n\u0131z?Milattan \u00f6ncesinden yola \u00e7\u0131k\u0131p g\u00fcn\u00fcm\u00fcze kadar gelirken Ar\u015fimet, El Kindi, \u0130bn\u00fc\u2019l Heysem, Abdurrahm\u00e2n El-Hazini, Newton, Marie Curie,<span class=\"excerpt-hellip\"> [\u2026]<\/span><\/p>\n","protected":false},"featured_media":0,"template":"","meta":{"_monsterinsights_skip_tracking":false,"_monsterinsights_sitenote_active":false,"_monsterinsights_sitenote_note":"","_monsterinsights_sitenote_category":0},"product_brand":[],"product_cat":[12492,12274],"product_tag":[],"class_list":{"0":"post-689006","1":"product","2":"type-product","3":"status-publish","5":"product_cat-bilmece-bulmaca","6":"product_cat-cocuk-ve-genclik-kitaplari","7":"pa_cilt-ciltsiz","8":"pa_tur-kitap","9":"pa_yayinevi-genc-timas","10":"pa_yazar-duygu-kacaranoglu","12":"first","13":"instock","14":"sale","15":"shipping-taxable","16":"purchasable","17":"product-type-simple"},"_links":{"self":[{"href":"https:\/\/roveyayinevi.com.tr\/index.php\/wp-json\/wp\/v2\/product\/689006","targetHints":{"allow":["GET"]}}],"collection":[{"href":"https:\/\/roveyayinevi.com.tr\/index.php\/wp-json\/wp\/v2\/product"}],"about":[{"href":"https:\/\/roveyayinevi.com.tr\/index.php\/wp-json\/wp\/v2\/types\/product"}],"wp:attachment":[{"href":"https:\/\/roveyayinevi.com.tr\/index.php\/wp-json\/wp\/v2\/media?parent=689006"}],"wp:term":[{"taxonomy":"product_brand","embeddable":true,"href":"https:\/\/roveyayinevi.com.tr\/index.php\/wp-json\/wp\/v2\/product_brand?post=689006"},{"taxonomy":"product_cat","embeddable":true,"href":"https:\/\/roveyayinevi.com.tr\/index.php\/wp-json\/wp\/v2\/product_cat?post=689006"},{"taxonomy":"product_tag","embeddable":true,"href":"https:\/\/roveyayinevi.com.tr\/index.php\/wp-json\/wp\/v2\/product_tag?post=689006"}],"curies":[{"name":"wp","href":"https:\/\/api.w.org\/{rel}","templated":true}]}}