{"id":689005,"date":"2025-08-27T13:08:55","date_gmt":"2025-08-27T10:08:55","guid":{"rendered":"https:\/\/roveyayinevi.com.tr\/index.php\/urun\/edep-ya-hu\/"},"modified":"2026-04-16T01:58:43","modified_gmt":"2026-04-15T22:58:43","slug":"edep-ya-hu","status":"publish","type":"product","link":"https:\/\/roveyayinevi.com.tr\/index.php\/urun\/edep-ya-hu\/","title":{"rendered":"Edep Ya Hu"},"content":{"rendered":"<p>Allah \u201cAllah yolunda hakk\u0131yla m\u00fcc\u00e2hede edin\u201d (Hacc 22\/78) buyurmu\u015ftur. Hakk\u0131yla m\u00fcc\u00e2hede etmek, ki\u015finin nefste buldu\u011fu din\u00ee ya da d\u00fcnyev\u00ee her t\u00fcrl\u00fc sevinci yok etmesidir. Her t\u00fcrl\u00fc iyi amelde lezzet ve e\u011flenceden bir pay bulunur. Bu durum ki\u015fi i\u00e7in iyi bir \u015fey de\u011fildir. Bu kimse i\u00e7in uygun olan kendisini lezzetten korumak gayesiyle ba\u015fka bir amele ge\u00e7mesidir. \u00c7al\u0131\u015f\u0131p \u00e7abalayarak elinden geldi\u011fince bunu yapt\u0131\u011f\u0131 takdirde Allah \u00e7abucak ona bunun kar\u015f\u0131l\u0131\u011f\u0131n\u0131 verir. Allah\u2019\u0131n ona verece\u011fi kar\u015f\u0131l\u0131k ise kalbini nurlara a\u00e7\u0131k hale getirmesidir. Bu nur kalbi ayd\u0131nlatt\u0131\u011f\u0131 zaman nefs kendisine verilen bu g\u00fczel \u015feyler arac\u0131l\u0131\u011f\u0131 ile kendisini d\u00fcnyan\u0131n lezzet ve arzular\u0131ndan al\u0131koyacak bir \u015fey bulur. S\u00fbfiler, \u201cB\u00fct\u00fcn yollar edepten ibarettir\u201d derler. Edebin esas\u0131 Allah\u2019a kar\u015f\u0131 edeptir. Allah\u2019a kar\u015f\u0131 edep ise insan\u0131 bir \u015fekilde b\u00fct\u00fcn mahl\u00fbkata kar\u015f\u0131 da edepli hale getirir. Yunus Emre\u2019nin \u201cYarat\u0131lan\u0131 sev Yaratan\u2019dan \u00f6t\u00fcr\u00fc\u201d s\u00f6z\u00fcnde ifade edilen de, Allah\u2019a kar\u015f\u0131 edep neticesinde olu\u015fan merhamet ve tevazunun b\u00fct\u00fcn yarat\u0131lm\u0131\u015flara yans\u0131mas\u0131d\u0131r. Peki Allah\u2019a kar\u015f\u0131 edep nas\u0131l olacakt\u0131r? Hak\u00eem Tirmiz\u00ee elinizdeki kitapta bu sorunun cevab\u0131n\u0131 vererek d\u0131\u015f organlar\u0131m\u0131zdan kalbimize var\u0131ncaya de\u011fin her bir azan\u0131n Allah\u2019a kulluk derecesine ula\u015fmak i\u00e7in nas\u0131l y\u00f6netilmesi gerekti\u011fini anlat\u0131yor. Gerek bireysel gerekse toplumsal hayatta kullu\u011fun tezah\u00fcrlerinin neler oldu\u011funu inceliyor. Ki\u015finin b\u00fct\u00fcn\u00fcyle nas\u0131l Allah\u2019a y\u00f6nelece\u011fi; d\u00fc\u015f\u00fcncesini, s\u00f6z\u00fcn\u00fc, bireysel ve toplumsal b\u00fct\u00fcn davran\u0131\u015flar\u0131n\u0131 nas\u0131l bu y\u00f6neli\u015fe uygun hale getirece\u011fi konusunda rehberlik yap\u0131yor. <\/p>\n","protected":false},"excerpt":{"rendered":"<p>Allah \u201cAllah yolunda hakk\u0131yla m\u00fcc\u00e2hede edin\u201d (Hacc 22\/78) buyurmu\u015ftur. Hakk\u0131yla m\u00fcc\u00e2hede etmek, ki\u015finin nefste buldu\u011fu din\u00ee ya da d\u00fcnyev\u00ee her t\u00fcrl\u00fc sevinci yok etmesidir. Her t\u00fcrl\u00fc<span class=\"excerpt-hellip\"> [\u2026]<\/span><\/p>\n","protected":false},"featured_media":0,"template":"","meta":{"_monsterinsights_skip_tracking":false,"_monsterinsights_sitenote_active":false,"_monsterinsights_sitenote_note":"","_monsterinsights_sitenote_category":0},"product_brand":[],"product_cat":[12718,12719,12720],"product_tag":[],"class_list":{"0":"post-689005","1":"product","2":"type-product","3":"status-publish","5":"product_cat-din","6":"product_cat-islam","7":"product_cat-tasavvuf-mezhepler-tarikatlar","8":"pa_cilt-ciltsiz","9":"pa_tur-kitap","10":"pa_yayinevi-hayykitap","11":"pa_yazar-hakim-tirmizi","13":"first","14":"instock","15":"sale","16":"shipping-taxable","17":"purchasable","18":"product-type-simple"},"_links":{"self":[{"href":"https:\/\/roveyayinevi.com.tr\/index.php\/wp-json\/wp\/v2\/product\/689005","targetHints":{"allow":["GET"]}}],"collection":[{"href":"https:\/\/roveyayinevi.com.tr\/index.php\/wp-json\/wp\/v2\/product"}],"about":[{"href":"https:\/\/roveyayinevi.com.tr\/index.php\/wp-json\/wp\/v2\/types\/product"}],"wp:attachment":[{"href":"https:\/\/roveyayinevi.com.tr\/index.php\/wp-json\/wp\/v2\/media?parent=689005"}],"wp:term":[{"taxonomy":"product_brand","embeddable":true,"href":"https:\/\/roveyayinevi.com.tr\/index.php\/wp-json\/wp\/v2\/product_brand?post=689005"},{"taxonomy":"product_cat","embeddable":true,"href":"https:\/\/roveyayinevi.com.tr\/index.php\/wp-json\/wp\/v2\/product_cat?post=689005"},{"taxonomy":"product_tag","embeddable":true,"href":"https:\/\/roveyayinevi.com.tr\/index.php\/wp-json\/wp\/v2\/product_tag?post=689005"}],"curies":[{"name":"wp","href":"https:\/\/api.w.org\/{rel}","templated":true}]}}