{"id":689004,"date":"2025-08-27T13:08:55","date_gmt":"2025-08-27T10:08:55","guid":{"rendered":"https:\/\/roveyayinevi.com.tr\/index.php\/urun\/cern-kabala-deccal-ve-mehdi\/"},"modified":"2026-04-16T01:58:43","modified_gmt":"2026-04-15T22:58:43","slug":"cern-kabala-deccal-ve-mehdi","status":"publish","type":"product","link":"https:\/\/roveyayinevi.com.tr\/index.php\/urun\/cern-kabala-deccal-ve-mehdi\/","title":{"rendered":"Cern Kabala Deccal ve Mehdi"},"content":{"rendered":"<p>Ey insanlar! Cennet&#8217;i b\u0131rak\u0131p, Cehennem&#8217;e ko\u015fuyorsunuz&#8230; Ve bunu da neredeyse isteyerek yap\u0131yorsunuz&#8230; \u00c7\u00fcnk\u00fc i\u00e7inde ya\u015fad\u0131\u011f\u0131n\u0131z d\u00fcnyadaki Cennet emarelerini h\u0131zla t\u00fcketiyor, ya\u011fmal\u0131yorsunuz&#8230; Ate\u015ften bir d\u00fcnyada, teknolojik donan\u0131ml\u0131 bir\u00e7ok bedenle her yerde birden olmak istiyorsunuz! Ama bilmiyorsunuz ki Cehennem&#8217;de her yer ayn\u0131d\u0131r! Ate\u015ftir!Ey ma\u011fara arkada\u015flar\u0131m! Uyanma zaman\u0131n\u0131z geldi art\u0131k sizlerin de! \u00c7\u0131k\u0131n &#8216;kalb&#8217;lerinizden d\u0131\u015far\u0131&#8230;D\u00fcnyan\u0131n \u0131\u015f\u0131\u011f\u0131n\u0131 kesmek istiyor bu CERN c\u00fcceleri&#8230; Yeralt\u0131n\u0131 yery\u00fcz\u00fcne \u00e7\u0131karmak tela\u015f\u0131ndalar&#8230;Alt\u0131n ve kanla! Yine &#8216;\u00f6l\u00fcms\u00fczl\u00fck&#8217; arzusu! O ilk g\u00fcnahtan buyana hep o s\u0131n\u0131r tan\u0131maz istek!Ey insan neslini sona erdirtmek isteyen kabalist \u015feytan!\u0130ktidar\u0131n\u0131n sonuna yakla\u015ft\u0131n iyice&#8230;Kibrinin azg\u0131n ate\u015fiyle, her an daha da azd\u0131rarak kendini yolun sonuna kadar geldin i\u015fte&#8230;Ey kalem! Sen yazmazsan, bu ger\u00e7ekleri nas\u0131l \u00f6\u011frenecek \u00e7ocuklar&#8230; H\u00e2l\u00e2 &#8216;bir &#8216;insan bedenine sahip \u00e7ocuklar&#8230; O masum \u00e7ocuklar, yetim, \u00e7aresiz \u00e7ocuklar&#8230; Hakikatin s\u00f6z\u00fc, iyili\u011fin k\u0131l\u0131c\u0131!\u0130\u015fte \u015feytan\u0131 yok edecek bu s\u00f6z Mehdi&#8217;ye verilecektir!Bir Cennet s\u00f6z\u00fc! <\/p>\n","protected":false},"excerpt":{"rendered":"<p>Ey insanlar! Cennet&#8217;i b\u0131rak\u0131p, Cehennem&#8217;e ko\u015fuyorsunuz&#8230; Ve bunu da neredeyse isteyerek yap\u0131yorsunuz&#8230; \u00c7\u00fcnk\u00fc i\u00e7inde ya\u015fad\u0131\u011f\u0131n\u0131z d\u00fcnyadaki Cennet emarelerini h\u0131zla t\u00fcketiyor, ya\u011fmal\u0131yorsunuz&#8230; Ate\u015ften bir d\u00fcnyada, teknolojik donan\u0131ml\u0131<span class=\"excerpt-hellip\"> [\u2026]<\/span><\/p>\n","protected":false},"featured_media":0,"template":"","meta":{"_monsterinsights_skip_tracking":false,"_monsterinsights_sitenote_active":false,"_monsterinsights_sitenote_note":"","_monsterinsights_sitenote_category":0},"product_brand":[],"product_cat":[12718,12719,12720],"product_tag":[],"class_list":{"0":"post-689004","1":"product","2":"type-product","3":"status-publish","5":"product_cat-din","6":"product_cat-islam","7":"product_cat-tasavvuf-mezhepler-tarikatlar","8":"pa_cilt-ciltsiz","9":"pa_tur-kitap","10":"pa_yayinevi-hayykitap","11":"pa_yazar-hayati-sir","13":"first","14":"instock","15":"sale","16":"shipping-taxable","17":"purchasable","18":"product-type-simple"},"_links":{"self":[{"href":"https:\/\/roveyayinevi.com.tr\/index.php\/wp-json\/wp\/v2\/product\/689004","targetHints":{"allow":["GET"]}}],"collection":[{"href":"https:\/\/roveyayinevi.com.tr\/index.php\/wp-json\/wp\/v2\/product"}],"about":[{"href":"https:\/\/roveyayinevi.com.tr\/index.php\/wp-json\/wp\/v2\/types\/product"}],"wp:attachment":[{"href":"https:\/\/roveyayinevi.com.tr\/index.php\/wp-json\/wp\/v2\/media?parent=689004"}],"wp:term":[{"taxonomy":"product_brand","embeddable":true,"href":"https:\/\/roveyayinevi.com.tr\/index.php\/wp-json\/wp\/v2\/product_brand?post=689004"},{"taxonomy":"product_cat","embeddable":true,"href":"https:\/\/roveyayinevi.com.tr\/index.php\/wp-json\/wp\/v2\/product_cat?post=689004"},{"taxonomy":"product_tag","embeddable":true,"href":"https:\/\/roveyayinevi.com.tr\/index.php\/wp-json\/wp\/v2\/product_tag?post=689004"}],"curies":[{"name":"wp","href":"https:\/\/api.w.org\/{rel}","templated":true}]}}