{"id":689002,"date":"2025-08-27T13:08:54","date_gmt":"2025-08-27T10:08:54","guid":{"rendered":"https:\/\/roveyayinevi.com.tr\/index.php\/urun\/biri-bizi-hasta-ediyor\/"},"modified":"2026-04-01T02:02:47","modified_gmt":"2026-03-31T23:02:47","slug":"biri-bizi-hasta-ediyor","status":"publish","type":"product","link":"https:\/\/roveyayinevi.com.tr\/index.php\/urun\/biri-bizi-hasta-ediyor\/","title":{"rendered":"Biri Bizi Hasta Ediyor"},"content":{"rendered":"<p>Hap\u0131 yutmamak i\u00e7in ne yapmal\u0131y\u0131z? \u0130la\u00e7, silah ve uyu\u015fturucudan sonra d\u00fcnyan\u0131n en k\u00e2rl\u0131 sekt\u00f6r\u00fc! \u015eeytan\u0131n akl\u0131na dahi gelmeyecek ila\u00e7 pazarlama taktikleri, yap\u0131lan gizli rekl\u00e2mlar,  \u2018icad edilen  yeni yeni hastal\u0131klar k\u00e2rl\u0131l\u0131\u011f\u0131 her daim y\u00fcksek seviyede tutuyor. Tabii ila\u00e7 firmalar\u0131yla noter onayl\u0131 anla\u015fmalar yapan,  plaj t\u0131bb\u0131 nda uzmanla\u015fan doktorlar\u0131 da unutmamak laz\u0131m! \u00dcst\u00fcne  safra kesesi ameliyat\u0131 olana apandist bedava  t\u00fcr\u00fcnden hastane promosyonunu da ekleyin. \u0130\u015fte size t\u0131p sekt\u00f6r\u00fcn\u00fcn r\u00f6ntgeni! Diyelim ila\u00e7 firmas\u0131-doklor-hastane triosunun tuzaklar\u0131na d\u00fc\u015fmediniz. Yine de kurtulmu\u015f say\u0131lmazs\u0131n\u0131z. Hastalanmamak i\u00e7in Barbi bebeklerle, okul \u00e7antas\u0131ndaki Pembe Panter\u2019le k\u0131s\u0131rl\u0131k yapan cep telefonlar\u0131yla, all\u0131 pullu cipslerle, kolayla, gazozla, dizel okul servisleriyle, evinizdeki kimyasallarla, hatta parma\u011f\u0131n\u0131z\u0131n ucundaki fareyle bile sava\u015fmak zorundas\u0131n\u0131z! Prof. Dr. Ahmet Rasim K\u00fc\u00e7\u00fckusta bu kitab\u0131nda  bizi hasta edenler i tek tek de\u015fifre ediyor. Cesurca; her zamanki anla\u015f\u0131l\u0131r, ak\u0131c\u0131 ve n\u00fcktedan \u00fcslubuyla&#8230; Kitab\u0131n Sunu\u015f b\u00f6l\u00fcm\u00fcn\u00fc kaleme alan Mehmet Barlas\u2019a g\u00f6re K\u00fc\u00e7\u00fckusta, en karma\u015f\u0131k konular yelpazesinde, en anla\u015f\u0131lmaz meseleleri basite indirgeyebilen  usta  bir yazar, akci\u011ferlere nefes veren  usta  bir hekim.  Usta n\u0131n dile\u011fi ise \u00e7ok a\u00e7\u0131k:  T\u00fcm d\u00fcnyada doktorlar ila\u00e7 end\u00fcstrisinin kuca\u011f\u0131nda oturan fino\u2019lardan farks\u0131zlar. T\u0131p, ila\u00e7 firmalar\u0131n\u0131n denetimi ve kontrol\u00fc alt\u0131nda. \u0130n\u015fallah, bir an \u00f6nce \u00f6zg\u00fcrl\u00fc\u011f\u00fcm\u00fcze kavu\u015furuz, <\/p>\n","protected":false},"excerpt":{"rendered":"<p>Hap\u0131 yutmamak i\u00e7in ne yapmal\u0131y\u0131z? \u0130la\u00e7, silah ve uyu\u015fturucudan sonra d\u00fcnyan\u0131n en k\u00e2rl\u0131 sekt\u00f6r\u00fc! \u015eeytan\u0131n akl\u0131na dahi gelmeyecek ila\u00e7 pazarlama taktikleri, yap\u0131lan gizli rekl\u00e2mlar, \u2018icad edilen<span class=\"excerpt-hellip\"> [\u2026]<\/span><\/p>\n","protected":false},"featured_media":0,"template":"","meta":{"_monsterinsights_skip_tracking":false,"_monsterinsights_sitenote_active":false,"_monsterinsights_sitenote_note":"","_monsterinsights_sitenote_category":0},"product_brand":[],"product_cat":[13366,13365],"product_tag":[],"class_list":{"0":"post-689002","1":"product","2":"type-product","3":"status-publish","5":"product_cat-diger-saglik","6":"product_cat-saglik","7":"pa_cilt-ciltsiz","8":"pa_tur-kitap","9":"pa_yayinevi-hayykitap","10":"pa_yazar-ahmet-rasim-kucukusta","12":"first","13":"instock","14":"sale","15":"shipping-taxable","16":"purchasable","17":"product-type-simple"},"_links":{"self":[{"href":"https:\/\/roveyayinevi.com.tr\/index.php\/wp-json\/wp\/v2\/product\/689002","targetHints":{"allow":["GET"]}}],"collection":[{"href":"https:\/\/roveyayinevi.com.tr\/index.php\/wp-json\/wp\/v2\/product"}],"about":[{"href":"https:\/\/roveyayinevi.com.tr\/index.php\/wp-json\/wp\/v2\/types\/product"}],"wp:attachment":[{"href":"https:\/\/roveyayinevi.com.tr\/index.php\/wp-json\/wp\/v2\/media?parent=689002"}],"wp:term":[{"taxonomy":"product_brand","embeddable":true,"href":"https:\/\/roveyayinevi.com.tr\/index.php\/wp-json\/wp\/v2\/product_brand?post=689002"},{"taxonomy":"product_cat","embeddable":true,"href":"https:\/\/roveyayinevi.com.tr\/index.php\/wp-json\/wp\/v2\/product_cat?post=689002"},{"taxonomy":"product_tag","embeddable":true,"href":"https:\/\/roveyayinevi.com.tr\/index.php\/wp-json\/wp\/v2\/product_tag?post=689002"}],"curies":[{"name":"wp","href":"https:\/\/api.w.org\/{rel}","templated":true}]}}