{"id":689001,"date":"2025-08-27T13:08:54","date_gmt":"2025-08-27T10:08:54","guid":{"rendered":"https:\/\/roveyayinevi.com.tr\/index.php\/urun\/icinizdeki-okuze-oha-deyin\/"},"modified":"2026-04-08T01:58:18","modified_gmt":"2026-04-07T22:58:18","slug":"icinizdeki-okuze-oha-deyin","status":"publish","type":"product","link":"https:\/\/roveyayinevi.com.tr\/index.php\/urun\/icinizdeki-okuze-oha-deyin\/","title":{"rendered":"\u0130\u00e7inizdeki \u00d6k\u00fcze Oha Deyin"},"content":{"rendered":"<p>Modern insan evden \u00e7\u0131k\u0131nca g\u00f6rd\u00fc\u011f\u00fc her \u015feye sahip olmak istiyor.Kad\u0131n , para , araba , kariyer , g\u00fc\u00e7\u2026 Ki\u015fisel Geli\u015fim kand\u0131rmacas\u0131yla insanlar y\u0131rt\u0131c\u0131 hayvanlara d\u00f6n\u00fc\u015ft\u00fc. Ki\u015fisel Geli\u015fim Dini\u2019nin papazlar\u0131 b\u00fct\u00fcn d\u00fcnyaya kin ve ba\u015far\u0131 h\u0131rs\u0131 a\u015f\u0131l\u0131yor.Helalinden huzur i\u00e7inde bir tas \u00e7orba i\u00e7menin yeni ad\u0131;beceriksizlik, aptall\u0131k , tembellik oldu\u2026Oysa g\u00fcne \u2018Kazanmak\u2019 ya da \u2018Kaybetmek\u2019 yerine \u2018Helal veya haram\u2019 diye ba\u015flayabilsek daha g\u00fczel bir d\u00fcnyada ya\u015fam\u0131\u015f olmaz m\u0131y\u0131z? Benzersiz \u00fcslubu; ya\u015fay\u0131\u015f\u0131 , cesareti ve ba\u011f\u0131ms\u0131z kalemiyle att\u0131\u011f\u0131 her ad\u0131mda ses getiren , her kitab\u0131yla g\u00fcndemi belirleyen ve konu\u015fmalar\u0131yla ezberleri bozan B\u00fclent Aky\u00fcrek bu kitab\u0131nda modern zaman ucubelerine ve i\u00e7imizde \u00d6K\u00dcZ gibi b\u00fcy\u00fcyen nefislerimize \u2018OHA\u2019 diyor\u2026 \u00c7ok satan , \u00e7ok okunan ve tart\u0131\u015f\u0131lan yazar\u0131n bu eseri \u2018NEOTASAVVUF\u2019 olma \u00f6zelli\u011fiyle de bir ilk&#8230; <\/p>\n","protected":false},"excerpt":{"rendered":"<p>Modern insan evden \u00e7\u0131k\u0131nca g\u00f6rd\u00fc\u011f\u00fc her \u015feye sahip olmak istiyor.Kad\u0131n , para , araba , kariyer , g\u00fc\u00e7\u2026 Ki\u015fisel Geli\u015fim kand\u0131rmacas\u0131yla insanlar y\u0131rt\u0131c\u0131 hayvanlara d\u00f6n\u00fc\u015ft\u00fc. Ki\u015fisel<span class=\"excerpt-hellip\"> [\u2026]<\/span><\/p>\n","protected":false},"featured_media":0,"template":"","meta":{"_monsterinsights_skip_tracking":false,"_monsterinsights_sitenote_active":false,"_monsterinsights_sitenote_note":"","_monsterinsights_sitenote_category":0},"product_brand":[],"product_cat":[12364,12376],"product_tag":[],"class_list":{"0":"post-689001","1":"product","2":"type-product","3":"status-publish","5":"product_cat-genel-konular","6":"product_cat-kisisel-gelisim","7":"pa_cilt-ciltsiz","8":"pa_tur-kitap","9":"pa_yayinevi-c4-kitap","10":"pa_yazar-bulent-akyurek","12":"first","13":"instock","14":"sale","15":"shipping-taxable","16":"purchasable","17":"product-type-simple"},"_links":{"self":[{"href":"https:\/\/roveyayinevi.com.tr\/index.php\/wp-json\/wp\/v2\/product\/689001","targetHints":{"allow":["GET"]}}],"collection":[{"href":"https:\/\/roveyayinevi.com.tr\/index.php\/wp-json\/wp\/v2\/product"}],"about":[{"href":"https:\/\/roveyayinevi.com.tr\/index.php\/wp-json\/wp\/v2\/types\/product"}],"wp:attachment":[{"href":"https:\/\/roveyayinevi.com.tr\/index.php\/wp-json\/wp\/v2\/media?parent=689001"}],"wp:term":[{"taxonomy":"product_brand","embeddable":true,"href":"https:\/\/roveyayinevi.com.tr\/index.php\/wp-json\/wp\/v2\/product_brand?post=689001"},{"taxonomy":"product_cat","embeddable":true,"href":"https:\/\/roveyayinevi.com.tr\/index.php\/wp-json\/wp\/v2\/product_cat?post=689001"},{"taxonomy":"product_tag","embeddable":true,"href":"https:\/\/roveyayinevi.com.tr\/index.php\/wp-json\/wp\/v2\/product_tag?post=689001"}],"curies":[{"name":"wp","href":"https:\/\/api.w.org\/{rel}","templated":true}]}}