{"id":689000,"date":"2025-08-27T13:08:54","date_gmt":"2025-08-27T10:08:54","guid":{"rendered":"https:\/\/roveyayinevi.com.tr\/index.php\/urun\/zamanda-gezinen-uc-kafadar-yil-2095\/"},"modified":"2026-04-16T01:58:43","modified_gmt":"2026-04-15T22:58:43","slug":"zamanda-gezinen-uc-kafadar-yil-2095","status":"publish","type":"product","link":"https:\/\/roveyayinevi.com.tr\/index.php\/urun\/zamanda-gezinen-uc-kafadar-yil-2095\/","title":{"rendered":"Zamanda Gezinen \u00dc\u00e7 Kafadar &#8211; Y\u0131l 2095"},"content":{"rendered":"<p>\u00c7ocuklara d\u00fcnya tarihinde komik ser\u00fcvenler ya\u015fatan \u00e7\u0131lg\u0131n dizi.Do\u011fa Tarihi M\u00fczesi&#8217;ni gezerlerken s\u0131n\u0131ftan ayr\u0131l\u0131p &#8220;Kitap&#8221;\u0131 kar\u0131\u015ft\u0131ran \u00fc\u00e7 kafadar, bu kez 100 y\u0131l gelece\u011fe gider. Yine m\u00fczededirler; ama 2095 y\u0131l\u0131ndaki m\u00fczede. S\u00fcrekli numara soran tuhaf bir u\u00e7an-robot pe\u015flerine tak\u0131lm\u0131\u015ft\u0131r. D\u0131\u015far\u0131daysa u\u00e7an ara\u00e7lar, bo\u015flukta s\u00fcz\u00fclen reng\u00e2renk insanlar, \u00fc\u00e7boyutlu geveze reklamlar ve \u0131\u015f\u0131n tabancal\u0131 robotlardan olu\u015fan ba\u015f d\u00f6nd\u00fcr\u00fcc\u00fc bir d\u00fcnyayla kar\u015f\u0131la\u015f\u0131rlar. Onlara ikiz gibi benzeyen \u00fc\u00e7 k\u0131zdan nas\u0131l kurtulacaklar\u0131n\u0131 da bilememektedirler&#8230;Eski bir ilkokul \u00f6\u011fretmeni olan Jon Scieszka&#8217;n\u0131n, ger\u00e7ek tarihsel d\u00f6nemlere, uygarl\u0131klara, olay ve ki\u015filere dayanan e\u011flenceli dizisi &#8220;Zamanda Gezinen 3 Kafadar&#8221;\u0131n bu kitab\u0131nda, \u00fc\u00e7 kafadar gelece\u011fe yolculuk yap\u0131yor. M\u00fcren Beykan&#8217;\u0131n \u00f6zenli \u00e7evirisiyle T\u00fcrk\u00e7e&#8217;le\u015fen yeni iki kitapla dizi 6 kitaba tamamland\u0131. Etkileyici resimlerle bezeli kitaplar\u0131 okumay\u0131 sevmedi\u011fini sanan \u00e7ocuklar bile ellerinden b\u0131rakam\u0131yor. \u00d6zellikle erkek \u00e7ocuklar\u0131n kitap okumaktan \u00e7ekinmesine ili\u015fkin s\u0131rad\u0131\u015f\u0131 g\u00f6r\u00fc\u015fleri ve yakla\u015f\u0131mlar\u0131yla tan\u0131nan yazar, 2008-2010 y\u0131llar\u0131nda ABD&#8217;nin Ulusal Okuma El\u00e7isi olarak \u00e7al\u0131\u015ft\u0131. T\u00fcm d\u00fcnyada b\u00fcy\u00fck ilgi g\u00f6ren dizi, www.timewarptrio.com \u00fczerinden de takip edilebiliyor.<\/p>\n","protected":false},"excerpt":{"rendered":"<p>\u00c7ocuklara d\u00fcnya tarihinde komik ser\u00fcvenler ya\u015fatan \u00e7\u0131lg\u0131n dizi.Do\u011fa Tarihi M\u00fczesi&#8217;ni gezerlerken s\u0131n\u0131ftan ayr\u0131l\u0131p &#8220;Kitap&#8221;\u0131 kar\u0131\u015ft\u0131ran \u00fc\u00e7 kafadar, bu kez 100 y\u0131l gelece\u011fe gider. Yine m\u00fczededirler; ama<span class=\"excerpt-hellip\"> [\u2026]<\/span><\/p>\n","protected":false},"featured_media":0,"template":"","meta":{"_monsterinsights_skip_tracking":false,"_monsterinsights_sitenote_active":false,"_monsterinsights_sitenote_note":"","_monsterinsights_sitenote_category":0},"product_brand":[],"product_cat":[12275,12274],"product_tag":[],"class_list":{"0":"post-689000","1":"product","2":"type-product","3":"status-publish","5":"product_cat-6-12-yas-kitaplari","6":"product_cat-cocuk-ve-genclik-kitaplari","7":"pa_cilt-ciltsiz","8":"pa_tur-kitap","9":"pa_yayinevi-gunisigi-kitapligi","10":"pa_yazar-jon-scieszka","12":"first","13":"instock","14":"sale","15":"shipping-taxable","16":"purchasable","17":"product-type-simple"},"_links":{"self":[{"href":"https:\/\/roveyayinevi.com.tr\/index.php\/wp-json\/wp\/v2\/product\/689000","targetHints":{"allow":["GET"]}}],"collection":[{"href":"https:\/\/roveyayinevi.com.tr\/index.php\/wp-json\/wp\/v2\/product"}],"about":[{"href":"https:\/\/roveyayinevi.com.tr\/index.php\/wp-json\/wp\/v2\/types\/product"}],"wp:attachment":[{"href":"https:\/\/roveyayinevi.com.tr\/index.php\/wp-json\/wp\/v2\/media?parent=689000"}],"wp:term":[{"taxonomy":"product_brand","embeddable":true,"href":"https:\/\/roveyayinevi.com.tr\/index.php\/wp-json\/wp\/v2\/product_brand?post=689000"},{"taxonomy":"product_cat","embeddable":true,"href":"https:\/\/roveyayinevi.com.tr\/index.php\/wp-json\/wp\/v2\/product_cat?post=689000"},{"taxonomy":"product_tag","embeddable":true,"href":"https:\/\/roveyayinevi.com.tr\/index.php\/wp-json\/wp\/v2\/product_tag?post=689000"}],"curies":[{"name":"wp","href":"https:\/\/api.w.org\/{rel}","templated":true}]}}