{"id":688997,"date":"2025-08-27T13:08:53","date_gmt":"2025-08-27T10:08:53","guid":{"rendered":"https:\/\/roveyayinevi.com.tr\/index.php\/urun\/cilgin-babam\/"},"modified":"2026-04-16T01:58:43","modified_gmt":"2026-04-15T22:58:43","slug":"cilgin-babam","status":"publish","type":"product","link":"https:\/\/roveyayinevi.com.tr\/index.php\/urun\/cilgin-babam\/","title":{"rendered":"\u00c7\u0131lg\u0131n Babam"},"content":{"rendered":"<p>Kapal\u0131\u00e7ar\u015f\u0131\u2019n\u0131n kalabal\u0131\u011f\u0131nda babas\u0131yla \u0131sl\u0131\u011f\u0131ma gel oyununu oynarken Zeynep hen\u00fcz alt\u0131 ya\u015f\u0131ndayd\u0131. On ya\u015f\u0131nda artist olmaya karar verdi ve babas\u0131n\u0131n film \u015firketinin Beyo\u011flu\u2019ndaki ofisinde \u00e7al\u0131\u015fmaya ba\u015flad\u0131. On bir ya\u015f\u0131nda, babas\u0131yla birlikte yazl\u0131k sinema i\u015fletiyordu. Babas\u0131n\u0131n Anadolu gezilerine e\u015flik etmeye ba\u015flad\u0131\u011f\u0131ndaysa, on iki ya\u015f\u0131ndayd\u0131. Baba k\u0131z s\u0131k\u0131 dosttular!..Kitapta yer alan \u00f6yk\u00fcler: Handan Han\u0131m\u2019\u0131n H\u0131rs\u0131zl\u0131\u011f\u0131, \u00c7\u0131lg\u0131n Adam\u0131n Deli K\u0131z\u0131, K\u00fc\u00e7\u00fck Patroni\u00e7e, Benimle Evlenir misin?, Isl\u0131\u011f\u0131ma Gel Oyunu, \u015e\u0131k\u0131r \u015e\u0131k\u0131r Bilezi\u011fim, Alt\u0131nla Beslenen Kaz, Araba H\u0131rs\u0131z\u0131, Alt\u0131n Di\u015f, Siyah Bisiklet, Kocakulak R\u0131za, B\u00fcy\u00fck Oyun, K\u00f6pr\u00fcden Sonras\u0131 Ate\u015f Hatt\u0131, Karda Ayak \u0130zleri, \u0130ncir A\u011fac\u0131 Salk\u0131m Sa\u00e7ak, Annem Katil Oldu!, Uyan\u0131k Turizmci, Canip Dede, \u201cH\u0131rs\u0131z\u201d Uyan\u0131yor. <\/p>\n","protected":false},"excerpt":{"rendered":"<p>Kapal\u0131\u00e7ar\u015f\u0131\u2019n\u0131n kalabal\u0131\u011f\u0131nda babas\u0131yla \u0131sl\u0131\u011f\u0131ma gel oyununu oynarken Zeynep hen\u00fcz alt\u0131 ya\u015f\u0131ndayd\u0131. On ya\u015f\u0131nda artist olmaya karar verdi ve babas\u0131n\u0131n film \u015firketinin Beyo\u011flu\u2019ndaki ofisinde \u00e7al\u0131\u015fmaya ba\u015flad\u0131. On<span class=\"excerpt-hellip\"> [\u2026]<\/span><\/p>\n","protected":false},"featured_media":0,"template":"","meta":{"_monsterinsights_skip_tracking":false,"_monsterinsights_sitenote_active":false,"_monsterinsights_sitenote_note":"","_monsterinsights_sitenote_category":0},"product_brand":[],"product_cat":[12274,12284],"product_tag":[],"class_list":{"0":"post-688997","1":"product","2":"type-product","3":"status-publish","5":"product_cat-cocuk-ve-genclik-kitaplari","6":"product_cat-hikayeler","7":"pa_cilt-ciltsiz","8":"pa_tur-kitap","9":"pa_yayinevi-gunisigi-kitapligi","10":"pa_yazar-zeynep-cemali","12":"first","13":"instock","14":"sale","15":"shipping-taxable","16":"purchasable","17":"product-type-simple"},"_links":{"self":[{"href":"https:\/\/roveyayinevi.com.tr\/index.php\/wp-json\/wp\/v2\/product\/688997","targetHints":{"allow":["GET"]}}],"collection":[{"href":"https:\/\/roveyayinevi.com.tr\/index.php\/wp-json\/wp\/v2\/product"}],"about":[{"href":"https:\/\/roveyayinevi.com.tr\/index.php\/wp-json\/wp\/v2\/types\/product"}],"wp:attachment":[{"href":"https:\/\/roveyayinevi.com.tr\/index.php\/wp-json\/wp\/v2\/media?parent=688997"}],"wp:term":[{"taxonomy":"product_brand","embeddable":true,"href":"https:\/\/roveyayinevi.com.tr\/index.php\/wp-json\/wp\/v2\/product_brand?post=688997"},{"taxonomy":"product_cat","embeddable":true,"href":"https:\/\/roveyayinevi.com.tr\/index.php\/wp-json\/wp\/v2\/product_cat?post=688997"},{"taxonomy":"product_tag","embeddable":true,"href":"https:\/\/roveyayinevi.com.tr\/index.php\/wp-json\/wp\/v2\/product_tag?post=688997"}],"curies":[{"name":"wp","href":"https:\/\/api.w.org\/{rel}","templated":true}]}}