{"id":688996,"date":"2025-08-27T13:08:53","date_gmt":"2025-08-27T10:08:53","guid":{"rendered":"https:\/\/roveyayinevi.com.tr\/index.php\/urun\/cevreci-olmak-zorunda-miyim\/"},"modified":"2026-04-16T01:58:43","modified_gmt":"2026-04-15T22:58:43","slug":"cevreci-olmak-zorunda-miyim","status":"publish","type":"product","link":"https:\/\/roveyayinevi.com.tr\/index.php\/urun\/cevreci-olmak-zorunda-miyim\/","title":{"rendered":"\u00c7evreci Olmak Zorunda M\u0131y\u0131m?"},"content":{"rendered":"<p>Ailesinden utand\u0131\u011f\u0131n\u0131 d\u00fc\u015f\u00fcnen \u00e7ocu\u011fun e\u011flenceli \u00f6yk\u00fcs\u00fc, \u00e7evre ve kentle\u015fme \u00fczerine g\u00fc\u00e7l\u00fc bir ele\u015ftiri.On iki ya\u015f\u0131ndaki Elmo, kom\u015fular\u0131 Bay ve Bayan Bamber\u2019a hayrand\u0131r. \u00c7\u00fcnk\u00fc, \u201cda\u011f\u0131n\u0131k ve \u00e7evreci\u201d annesinin tersine onlar \u201cd\u00fczenli, ho\u015f ve normal\u201d insanlard\u0131r. Bay Bamber, b\u00fcy\u00fck bir ye\u015fil alan\u0131 modern konutlarla doldurmay\u0131 planlad\u0131\u011f\u0131 i\u00e7in Elmo\u2019nun annesi ona sava\u015f ilan etmi\u015ftir. Elmo, \u201cnormal\u201d bir \u00e7ocuk olabilmek umuduyla, Bamber\u2019lar\u0131n evlat edindi\u011fi G\u00fcney Amerikal\u0131 yetimle arkada\u015f olma hayalleri kurar. Oysa, yeni \u00e7ocuk Kuba \u00e7ok farkl\u0131 biridir ve Elmo\u2019nun ya\u015fam\u0131n\u0131 hi\u00e7 de ummad\u0131\u011f\u0131 bir bi\u00e7imde de\u011fi\u015ftirecektir&#8230;Amerikal\u0131 \u00e7ocuk ve gen\u00e7lik kitaplar\u0131 yazar\u0131 Dyan Sheldon, \u00e7evreci ailesinin yerine zengin kom\u015fular\u0131yla ya\u015famak isteyen on iki ya\u015f\u0131ndaki Elmo\u2019nun s\u0131ra d\u0131\u015f\u0131 \u00f6yk\u00fcs\u00fcyle \u00e7ocuklar\u0131 \u00e7evre, do\u011fa ve kentle\u015fme \u00fczerine d\u00fc\u015f\u00fcnmeye davet ediyor. \u0130lk bask\u0131s\u0131 2002\u2019de, yine G\u00fcn\u0131\u015f\u0131\u011f\u0131 Kitapl\u0131\u011f\u0131 taraf\u0131ndan Gizli Melek Kuba ad\u0131yla yap\u0131lan roman, \u00e7ocuklar\u0131n aileleriyle ya\u015fad\u0131klar\u0131 ve onlar\u0131 derinden etkileyen anla\u015fmazl\u0131klar\u0131 e\u011flenceli ama ger\u00e7ek\u00e7i bir dille i\u015fliyor. G\u00fc\u00e7l\u00fc olan\u0131n her zaman hakl\u0131 olmayaca\u011f\u0131na i\u015faret eden roman, \u00e7ocuk-ebeveyn ileti\u015fimi ve \u00f6ncelikler gibi konular\u0131 muzip bir fantezide bulu\u015fturuyor.<\/p>\n","protected":false},"excerpt":{"rendered":"<p>Ailesinden utand\u0131\u011f\u0131n\u0131 d\u00fc\u015f\u00fcnen \u00e7ocu\u011fun e\u011flenceli \u00f6yk\u00fcs\u00fc, \u00e7evre ve kentle\u015fme \u00fczerine g\u00fc\u00e7l\u00fc bir ele\u015ftiri.On iki ya\u015f\u0131ndaki Elmo, kom\u015fular\u0131 Bay ve Bayan Bamber\u2019a hayrand\u0131r. \u00c7\u00fcnk\u00fc, \u201cda\u011f\u0131n\u0131k ve \u00e7evreci\u201d<span class=\"excerpt-hellip\"> [\u2026]<\/span><\/p>\n","protected":false},"featured_media":0,"template":"","meta":{"_monsterinsights_skip_tracking":false,"_monsterinsights_sitenote_active":false,"_monsterinsights_sitenote_note":"","_monsterinsights_sitenote_category":0},"product_brand":[],"product_cat":[12275,12274],"product_tag":[],"class_list":{"0":"post-688996","1":"product","2":"type-product","3":"status-publish","5":"product_cat-6-12-yas-kitaplari","6":"product_cat-cocuk-ve-genclik-kitaplari","7":"pa_cilt-ciltsiz","8":"pa_tur-kitap","9":"pa_yayinevi-gunisigi-kitapligi","10":"pa_yazar-dyan-sheldon","12":"first","13":"instock","14":"sale","15":"shipping-taxable","16":"purchasable","17":"product-type-simple"},"_links":{"self":[{"href":"https:\/\/roveyayinevi.com.tr\/index.php\/wp-json\/wp\/v2\/product\/688996","targetHints":{"allow":["GET"]}}],"collection":[{"href":"https:\/\/roveyayinevi.com.tr\/index.php\/wp-json\/wp\/v2\/product"}],"about":[{"href":"https:\/\/roveyayinevi.com.tr\/index.php\/wp-json\/wp\/v2\/types\/product"}],"wp:attachment":[{"href":"https:\/\/roveyayinevi.com.tr\/index.php\/wp-json\/wp\/v2\/media?parent=688996"}],"wp:term":[{"taxonomy":"product_brand","embeddable":true,"href":"https:\/\/roveyayinevi.com.tr\/index.php\/wp-json\/wp\/v2\/product_brand?post=688996"},{"taxonomy":"product_cat","embeddable":true,"href":"https:\/\/roveyayinevi.com.tr\/index.php\/wp-json\/wp\/v2\/product_cat?post=688996"},{"taxonomy":"product_tag","embeddable":true,"href":"https:\/\/roveyayinevi.com.tr\/index.php\/wp-json\/wp\/v2\/product_tag?post=688996"}],"curies":[{"name":"wp","href":"https:\/\/api.w.org\/{rel}","templated":true}]}}