{"id":688994,"date":"2025-08-27T13:08:53","date_gmt":"2025-08-27T10:08:53","guid":{"rendered":"https:\/\/roveyayinevi.com.tr\/index.php\/urun\/ay-denizle-bulusunca\/"},"modified":"2026-04-16T01:58:43","modified_gmt":"2026-04-15T22:58:43","slug":"ay-denizle-bulusunca","status":"publish","type":"product","link":"https:\/\/roveyayinevi.com.tr\/index.php\/urun\/ay-denizle-bulusunca\/","title":{"rendered":"Ay Denizle Bulu\u015funca"},"content":{"rendered":"<p>\u0130lkgen\u00e7li\u011fin duyarl\u0131l\u0131\u011f\u0131 ve ileti\u015fimin k\u0131r\u0131lganl\u0131\u011f\u0131 \u00fczerine unutulmaz bir roman.Annesinin \u00f6l\u00fcm\u00fcn\u00fcn \u00fczerinden y\u0131llar ge\u00e7ti\u011fi halde, babas\u0131 yeniden evlenen Deniz \u00e7ok mutsuzdur. Delikanl\u0131, babas\u0131 ve yeni e\u015fi \u0130dil\u2019in \u0131srarlar\u0131na kar\u015f\u0131n, uzak bir ilde oturan teyzesi ve eni\u015ftesiyle ya\u015famakta, sadece yaz tatillerinde eve d\u00f6nmektedir. Annesine yazd\u0131\u011f\u0131 \u201cg\u00f6nderilmeyen\u201d mektuplar sayesinde ya\u015fama tutunmaya \u00e7al\u0131\u015fan Deniz, o yaz tatilinde de babaevine g\u00f6n\u00fcls\u00fcz gelmi\u015ftir. Ailesinin yeni ta\u015f\u0131nd\u0131\u011f\u0131 sokakta, kar\u015f\u0131 evde oturan Ayk\u0131z\u0131\u2019yla kurdu\u011fu arkada\u015fl\u0131k, yaln\u0131zl\u0131\u011f\u0131n\u0131 unutturur. \u0130ki gencin yak\u0131nla\u015fmas\u0131 zamanla birbirlerinin ya\u015fam\u0131n\u0131 etkiler\u2026 <\/p>\n","protected":false},"excerpt":{"rendered":"<p>\u0130lkgen\u00e7li\u011fin duyarl\u0131l\u0131\u011f\u0131 ve ileti\u015fimin k\u0131r\u0131lganl\u0131\u011f\u0131 \u00fczerine unutulmaz bir roman.Annesinin \u00f6l\u00fcm\u00fcn\u00fcn \u00fczerinden y\u0131llar ge\u00e7ti\u011fi halde, babas\u0131 yeniden evlenen Deniz \u00e7ok mutsuzdur. Delikanl\u0131, babas\u0131 ve yeni e\u015fi \u0130dil\u2019in<span class=\"excerpt-hellip\"> [\u2026]<\/span><\/p>\n","protected":false},"featured_media":0,"template":"","meta":{"_monsterinsights_skip_tracking":false,"_monsterinsights_sitenote_active":false,"_monsterinsights_sitenote_note":"","_monsterinsights_sitenote_category":0},"product_brand":[],"product_cat":[12274,12284],"product_tag":[],"class_list":{"0":"post-688994","1":"product","2":"type-product","3":"status-publish","5":"product_cat-cocuk-ve-genclik-kitaplari","6":"product_cat-hikayeler","7":"pa_cilt-ciltsiz","8":"pa_tur-kitap","9":"pa_yayinevi-gunisigi-kitapligi","10":"pa_yazar-karin-karakasli","12":"first","13":"instock","14":"sale","15":"shipping-taxable","16":"purchasable","17":"product-type-simple"},"_links":{"self":[{"href":"https:\/\/roveyayinevi.com.tr\/index.php\/wp-json\/wp\/v2\/product\/688994","targetHints":{"allow":["GET"]}}],"collection":[{"href":"https:\/\/roveyayinevi.com.tr\/index.php\/wp-json\/wp\/v2\/product"}],"about":[{"href":"https:\/\/roveyayinevi.com.tr\/index.php\/wp-json\/wp\/v2\/types\/product"}],"wp:attachment":[{"href":"https:\/\/roveyayinevi.com.tr\/index.php\/wp-json\/wp\/v2\/media?parent=688994"}],"wp:term":[{"taxonomy":"product_brand","embeddable":true,"href":"https:\/\/roveyayinevi.com.tr\/index.php\/wp-json\/wp\/v2\/product_brand?post=688994"},{"taxonomy":"product_cat","embeddable":true,"href":"https:\/\/roveyayinevi.com.tr\/index.php\/wp-json\/wp\/v2\/product_cat?post=688994"},{"taxonomy":"product_tag","embeddable":true,"href":"https:\/\/roveyayinevi.com.tr\/index.php\/wp-json\/wp\/v2\/product_tag?post=688994"}],"curies":[{"name":"wp","href":"https:\/\/api.w.org\/{rel}","templated":true}]}}