{"id":688993,"date":"2025-08-27T13:08:53","date_gmt":"2025-08-27T10:08:53","guid":{"rendered":"https:\/\/roveyayinevi.com.tr\/index.php\/urun\/attim-kapagi-yurtdisina\/"},"modified":"2026-04-16T01:58:43","modified_gmt":"2026-04-15T22:58:43","slug":"attim-kapagi-yurtdisina","status":"publish","type":"product","link":"https:\/\/roveyayinevi.com.tr\/index.php\/urun\/attim-kapagi-yurtdisina\/","title":{"rendered":"Att\u0131m Kapa\u011f\u0131 Yurtd\u0131\u015f\u0131na"},"content":{"rendered":"<p>Bir gencin, \u0130stanbul\u2019dan Sidney\u2019e uzanan kendini bulma yolculu\u011fu.Edebiyat\u0131m\u0131z\u0131n de\u011ferli kalemlerinden, 2009 \u00c7ukurova \u00d6d\u00fcl\u00fc sahibi, \u015fair, \u00f6yk\u00fcc\u00fc Nihat Ziyalan, ilk gen\u00e7lik roman\u0131n\u0131 farkl\u0131 okuma denemeleri sunarak gen\u00e7leri edebiyatla bulu\u015fturmay\u0131 ama\u00e7layan ve edit\u00f6rl\u00fc\u011f\u00fcn\u00fc Semih G\u00fcm\u00fc\u015f\u2019\u00fcn \u00fcstlendi\u011fi, M\u00fcren Beykan\u2019\u0131n yay\u0131na haz\u0131rlad\u0131\u011f\u0131 K\u00f6pr\u00fc Kitaplar koleksiyonu i\u00e7in yazd\u0131. Yazar, kendi ya\u015fam\u0131ndan izler ta\u015f\u0131yan roman\u0131nda, \u0130stanbul\u2019dan Sidney\u2019e uzanan bir \u00f6yk\u00fcy\u00fc anlat\u0131yor. \u0130stanbul\u2019da ilk a\u015fk\u0131, aile ba\u011flar\u0131n\u0131, gelecek endi\u015fesini konu ederken, Sidney\u2019de gurbet\u00e7ilerin iki farkl\u0131 k\u00fclt\u00fcr aras\u0131nda kalm\u0131\u015fl\u0131\u011f\u0131na, s\u0131\u011f\u0131n\u0131lan de\u011ferlere ve yabanc\u0131l\u0131k duygusuna tan\u0131kl\u0131k ediyor; g\u00f6\u00e7menlik ve gen\u00e7li\u011fin beklentileri \u00fczerine d\u00fc\u015f\u00fcnd\u00fcr\u00fcyor. \u0130stanbul\u2019un k\u00fclt\u00fcrel \u00e7e\u015fitlili\u011fini en iyi yans\u0131tan b\u00f6lgelerden olan Beyo\u011flu\u2019nu merkezine alan roman, Ziyalan\u2019\u0131n \u015fiirsel \u00fcslubuyla bi\u00e7imleniyor. G\u00fcn\u00fcm\u00fcz gen\u00e7lerinin, geleceklerine ili\u015fkin karar verirken ya\u015fad\u0131klar\u0131 karma\u015f\u0131k duygular\u0131, kayg\u0131 ve \u00e7\u0131kmazlar\u0131 ustaca dile getiriyor. 2010 Memet Fuat Yay\u0131nc\u0131l\u0131k \u00d6d\u00fcl\u00fc ile ta\u00e7lanan K\u00f6pr\u00fc Kitaplar koleksiyonunun her bir kitab\u0131 da, birbirinden doyurucu edebiyat okumalar\u0131 sunuyor.\u0130stanbul\u2019da, Beyo\u011flu\u2019nun Asmal\u0131mescit semtinde yeti\u015fen on dokuzluk yak\u0131\u015f\u0131kl\u0131 Altan, kar\u015f\u0131 kom\u015fu, ekmek\u00e7inin k\u0131z\u0131 Yasemin\u2019le \u00e7ocukluktan sevdal\u0131d\u0131r. \u00dcniversite s\u0131nav\u0131nda istedi\u011fi puan\u0131 tutturamay\u0131nca, dil \u00f6\u011frenmek \u00fczere, \u00e7ok uzaklara, Avustralya\u2019n\u0131n Sidney kentine gider. Altan, kapa\u011f\u0131 yurtd\u0131\u015f\u0131na atm\u0131\u015ft\u0131r, ama gurbetin a\u011f\u0131r duygular\u0131 yaln\u0131zl\u0131k ve yabanc\u0131l\u0131k yap\u0131\u015f\u0131r yakas\u0131na. \u00dcstelik, hem para kazanmak zorundad\u0131r, hem de Elif\u2019e rastlam\u0131\u015ft\u0131r\u2026\u201cAtt\u0131m Kapa\u011f\u0131 Yurtd\u0131\u015f\u0131na, bir gen\u00e7lik roman\u0131 elbette, ama Nihat Ziyalan\u2019\u0131n, yazd\u0131klar\u0131n\u0131 her ya\u015f grubuna ayarlayarak farkl\u0131la\u015ft\u0131rmaya \u00e7al\u0131\u015ft\u0131\u011f\u0131n\u0131 sanm\u0131yorum. Y\u0131llar i\u00e7inde edindi\u011fi bir \u00f6yk\u00fc ve roman anlay\u0131\u015f\u0131 var onun, \u00fcstelik gen\u00e7 insanlar\u0131n bireylik ve kimlik kazanma sorular\u0131yla da hep \u00e7ok i\u00e7li d\u0131\u015fl\u0131 olmu\u015f. Belki pek \u00e7oklar\u0131m\u0131z\u0131n kendili\u011finden ya\u015fad\u0131\u011f\u0131 hayatlar\u0131n i\u00e7inden, bir roman\u0131n konusu olmaya de\u011fer ayr\u0131nt\u0131lar\u0131 \u00e7\u0131karmak, Nihat Ziyalan gibi usta yazarlar\u0131n i\u015fidir.\u201d Semih G\u00fcm\u00fc\u015f\ufffc<\/p>\n","protected":false},"excerpt":{"rendered":"<p>Bir gencin, \u0130stanbul\u2019dan Sidney\u2019e uzanan kendini bulma yolculu\u011fu.Edebiyat\u0131m\u0131z\u0131n de\u011ferli kalemlerinden, 2009 \u00c7ukurova \u00d6d\u00fcl\u00fc sahibi, \u015fair, \u00f6yk\u00fcc\u00fc Nihat Ziyalan, ilk gen\u00e7lik roman\u0131n\u0131 farkl\u0131 okuma denemeleri sunarak gen\u00e7leri<span class=\"excerpt-hellip\"> [\u2026]<\/span><\/p>\n","protected":false},"featured_media":0,"template":"","meta":{"_monsterinsights_skip_tracking":false,"_monsterinsights_sitenote_active":false,"_monsterinsights_sitenote_note":"","_monsterinsights_sitenote_category":0},"product_brand":[],"product_cat":[12291,12711],"product_tag":[],"class_list":{"0":"post-688993","1":"product","2":"type-product","3":"status-publish","5":"product_cat-edebiyat","6":"product_cat-roman-oyku","7":"pa_cilt-ciltsiz","8":"pa_tur-kitap","9":"pa_yayinevi-gunisigi-kitapligi","10":"pa_yazar-nihat-ziyalan","12":"first","13":"instock","14":"sale","15":"shipping-taxable","16":"purchasable","17":"product-type-simple"},"_links":{"self":[{"href":"https:\/\/roveyayinevi.com.tr\/index.php\/wp-json\/wp\/v2\/product\/688993","targetHints":{"allow":["GET"]}}],"collection":[{"href":"https:\/\/roveyayinevi.com.tr\/index.php\/wp-json\/wp\/v2\/product"}],"about":[{"href":"https:\/\/roveyayinevi.com.tr\/index.php\/wp-json\/wp\/v2\/types\/product"}],"wp:attachment":[{"href":"https:\/\/roveyayinevi.com.tr\/index.php\/wp-json\/wp\/v2\/media?parent=688993"}],"wp:term":[{"taxonomy":"product_brand","embeddable":true,"href":"https:\/\/roveyayinevi.com.tr\/index.php\/wp-json\/wp\/v2\/product_brand?post=688993"},{"taxonomy":"product_cat","embeddable":true,"href":"https:\/\/roveyayinevi.com.tr\/index.php\/wp-json\/wp\/v2\/product_cat?post=688993"},{"taxonomy":"product_tag","embeddable":true,"href":"https:\/\/roveyayinevi.com.tr\/index.php\/wp-json\/wp\/v2\/product_tag?post=688993"}],"curies":[{"name":"wp","href":"https:\/\/api.w.org\/{rel}","templated":true}]}}