{"id":688991,"date":"2025-08-27T13:08:52","date_gmt":"2025-08-27T10:08:52","guid":{"rendered":"https:\/\/roveyayinevi.com.tr\/index.php\/urun\/akvaryumdaki-tiyatro\/"},"modified":"2026-04-16T01:58:43","modified_gmt":"2026-04-15T22:58:43","slug":"akvaryumdaki-tiyatro","status":"publish","type":"product","link":"https:\/\/roveyayinevi.com.tr\/index.php\/urun\/akvaryumdaki-tiyatro\/","title":{"rendered":"Akvaryumdaki Tiyatro"},"content":{"rendered":"<p>Toroslar\u2019\u0131n ete\u011findeki Bal\u0131kl\u0131 K\u00f6y\u2019de tertemiz bir g\u00f6l vard\u0131. G\u00f6l\u00fcn bal\u0131klar\u0131n\u0131 k\u00f6y halk\u0131 \u00f6yle severdi ki, her evde bir akvaryum kurulmu\u015ftu. G\u00f6l\u00fcn sular\u0131 y\u00fckselmeye ba\u015flad\u0131\u011f\u0131nda, nas\u0131lsa al\u00e7al\u0131r deyip hi\u00e7 oral\u0131 olmad\u0131lar. \u00c7\u00fcnk\u00fc hepsi de, g\u00f6kten d\u00fc\u015fen y\u00f6netmenin \u00e7ekece\u011fi filmle ve senaryodaki rolleriyle ilgileniyorlard\u0131 son g\u00fcnlerde. Do\u011fal ya\u015fam \u00f6zlemiyle Bal\u0131kl\u0131\u2019ya yerle\u015fen \u0130ngilizler\u2019den biriyse, y\u00f6netmenin kafas\u0131n\u0131 iyice kar\u0131\u015ft\u0131rm\u0131\u015ft\u0131. Aralar\u0131nda bir tek k\u00fc\u00e7\u00fck Z\u00fcht\u00fc, g\u00f6l sular\u0131n\u0131n k\u00f6y\u00fc kaplamamas\u0131 i\u00e7in \u00e7\u00f6z\u00fcm aray\u0131p duruyordu..<\/p>\n","protected":false},"excerpt":{"rendered":"<p>Toroslar\u2019\u0131n ete\u011findeki Bal\u0131kl\u0131 K\u00f6y\u2019de tertemiz bir g\u00f6l vard\u0131. G\u00f6l\u00fcn bal\u0131klar\u0131n\u0131 k\u00f6y halk\u0131 \u00f6yle severdi ki, her evde bir akvaryum kurulmu\u015ftu. G\u00f6l\u00fcn sular\u0131 y\u00fckselmeye ba\u015flad\u0131\u011f\u0131nda, nas\u0131lsa al\u00e7al\u0131r<span class=\"excerpt-hellip\"> [\u2026]<\/span><\/p>\n","protected":false},"featured_media":0,"template":"","meta":{"_monsterinsights_skip_tracking":false,"_monsterinsights_sitenote_active":false,"_monsterinsights_sitenote_note":"","_monsterinsights_sitenote_category":0},"product_brand":[],"product_cat":[12274,12284],"product_tag":[],"class_list":{"0":"post-688991","1":"product","2":"type-product","3":"status-publish","5":"product_cat-cocuk-ve-genclik-kitaplari","6":"product_cat-hikayeler","7":"pa_cilt-ciltsiz","8":"pa_tur-kitap","9":"pa_yayinevi-gunisigi-kitapligi","10":"pa_yazar-behic-ak","12":"first","13":"instock","14":"sale","15":"shipping-taxable","16":"purchasable","17":"product-type-simple"},"_links":{"self":[{"href":"https:\/\/roveyayinevi.com.tr\/index.php\/wp-json\/wp\/v2\/product\/688991","targetHints":{"allow":["GET"]}}],"collection":[{"href":"https:\/\/roveyayinevi.com.tr\/index.php\/wp-json\/wp\/v2\/product"}],"about":[{"href":"https:\/\/roveyayinevi.com.tr\/index.php\/wp-json\/wp\/v2\/types\/product"}],"wp:attachment":[{"href":"https:\/\/roveyayinevi.com.tr\/index.php\/wp-json\/wp\/v2\/media?parent=688991"}],"wp:term":[{"taxonomy":"product_brand","embeddable":true,"href":"https:\/\/roveyayinevi.com.tr\/index.php\/wp-json\/wp\/v2\/product_brand?post=688991"},{"taxonomy":"product_cat","embeddable":true,"href":"https:\/\/roveyayinevi.com.tr\/index.php\/wp-json\/wp\/v2\/product_cat?post=688991"},{"taxonomy":"product_tag","embeddable":true,"href":"https:\/\/roveyayinevi.com.tr\/index.php\/wp-json\/wp\/v2\/product_tag?post=688991"}],"curies":[{"name":"wp","href":"https:\/\/api.w.org\/{rel}","templated":true}]}}