{"id":688990,"date":"2025-08-27T13:08:52","date_gmt":"2025-08-27T10:08:52","guid":{"rendered":"https:\/\/roveyayinevi.com.tr\/index.php\/urun\/mukemmel-murit\/"},"modified":"2026-04-16T01:58:43","modified_gmt":"2026-04-15T22:58:43","slug":"mukemmel-murit","status":"publish","type":"product","link":"https:\/\/roveyayinevi.com.tr\/index.php\/urun\/mukemmel-murit\/","title":{"rendered":"M\u00fckemmel M\u00fcrit"},"content":{"rendered":"<p>Daha \u00f6nce hi\u00e7, bir ermi\u015f ile tan\u0131\u015ft\u0131n m\u0131? Hi\u00e7, bir ermi\u015f ile tecr\u00fcben oldu mu? Nas\u0131l karar vereceksin? Ve nas\u0131l bir ermi\u015f arayacaks\u0131n? Karar verme kriteri ne olacak? Onun M\u00fckemmel Ermi\u015f oldu\u011funu ger\u00e7ekten nas\u0131l tartacaks\u0131n? M\u00fckemmel bir ermi\u015fi tartmaya, bu karar\u0131 vermeye muktedir misin? O zaman sen y\u00fcksektesin, sen zaten M\u00fckemmel Ermi\u015ften \u00fcstte bir yerdesin. Sen bir yarg\u0131\u00e7 koltu\u011funda oturuyorsun. Sen al\u00e7akg\u00f6n\u00fcll\u00fc, pasif bir m\u00fcrit de\u011filsin. Ki\u015fi, m\u00fckemmel bir ermi\u015fi aramaya karar veremez. Ki\u015fi sadece pasif bir \u015fekilde kendisini a\u00e7abilir.  Ve ermi\u015f sadece senin edilgenli\u011finde, senin al\u00e7akg\u00f6n\u00fcll\u00fcl\u00fc\u011f\u00fcnde, senin basitli\u011finin i\u00e7inde ger\u00e7ekle\u015fir. Usta sadece m\u00fcrit haz\u0131r oldu\u011funda ortaya \u00e7\u0131kar. Asla tersi de\u011fil. M\u00fcrit haz\u0131r ve olgunla\u015fm\u0131\u015f olmak zorundad\u0131r; yaln\u0131zca o anda usta g\u00f6r\u00fcn\u00fcr hale gelir.\ufffcTan\u0131t\u0131m Metni<\/p>\n","protected":false},"excerpt":{"rendered":"<p>Daha \u00f6nce hi\u00e7, bir ermi\u015f ile tan\u0131\u015ft\u0131n m\u0131? Hi\u00e7, bir ermi\u015f ile tecr\u00fcben oldu mu? Nas\u0131l karar vereceksin? Ve nas\u0131l bir ermi\u015f arayacaks\u0131n? Karar verme kriteri<span class=\"excerpt-hellip\"> [\u2026]<\/span><\/p>\n","protected":false},"featured_media":0,"template":"","meta":{"_monsterinsights_skip_tracking":false,"_monsterinsights_sitenote_active":false,"_monsterinsights_sitenote_note":"","_monsterinsights_sitenote_category":0},"product_brand":[],"product_cat":[12718,12719,12720],"product_tag":[],"class_list":{"0":"post-688990","1":"product","2":"type-product","3":"status-publish","5":"product_cat-din","6":"product_cat-islam","7":"product_cat-tasavvuf-mezhepler-tarikatlar","8":"pa_cilt-ciltsiz","9":"pa_tur-kitap","10":"pa_yayinevi-ganj-yayinevi","11":"pa_yazar-osho","13":"first","14":"instock","15":"sale","16":"shipping-taxable","17":"purchasable","18":"product-type-simple"},"_links":{"self":[{"href":"https:\/\/roveyayinevi.com.tr\/index.php\/wp-json\/wp\/v2\/product\/688990","targetHints":{"allow":["GET"]}}],"collection":[{"href":"https:\/\/roveyayinevi.com.tr\/index.php\/wp-json\/wp\/v2\/product"}],"about":[{"href":"https:\/\/roveyayinevi.com.tr\/index.php\/wp-json\/wp\/v2\/types\/product"}],"wp:attachment":[{"href":"https:\/\/roveyayinevi.com.tr\/index.php\/wp-json\/wp\/v2\/media?parent=688990"}],"wp:term":[{"taxonomy":"product_brand","embeddable":true,"href":"https:\/\/roveyayinevi.com.tr\/index.php\/wp-json\/wp\/v2\/product_brand?post=688990"},{"taxonomy":"product_cat","embeddable":true,"href":"https:\/\/roveyayinevi.com.tr\/index.php\/wp-json\/wp\/v2\/product_cat?post=688990"},{"taxonomy":"product_tag","embeddable":true,"href":"https:\/\/roveyayinevi.com.tr\/index.php\/wp-json\/wp\/v2\/product_tag?post=688990"}],"curies":[{"name":"wp","href":"https:\/\/api.w.org\/{rel}","templated":true}]}}