{"id":688988,"date":"2025-08-27T13:08:52","date_gmt":"2025-08-27T10:08:52","guid":{"rendered":"https:\/\/roveyayinevi.com.tr\/index.php\/urun\/efsane-komutan-tarik-bin-ziyad\/"},"modified":"2026-04-16T01:58:42","modified_gmt":"2026-04-15T22:58:42","slug":"efsane-komutan-tarik-bin-ziyad","status":"publish","type":"product","link":"https:\/\/roveyayinevi.com.tr\/index.php\/urun\/efsane-komutan-tarik-bin-ziyad\/","title":{"rendered":"Efsane Komutan Tar\u0131k Bin Ziyad"},"content":{"rendered":"<p>O, hedefe ula\u015fmadan asla geri d\u00f6nmeyi d\u00fc\u015f\u00fcnmeyen bir komutan. O, tek yolun zafer oldu\u011funa inanan bir komutan. O, gemileri yakan bir komutan. O, Tar\u0131k bin Ziyad! \u00c7arp\u0131\u015fma yakla\u015f\u0131yor ve gerilim s\u00fcr\u00fcyordu. d\u00fc\u015fman say\u0131 ve silah bak\u0131m\u0131ndan \u00e7ok \u00fcst\u00fcn durumdayd\u0131. Ama o, mutlaka zafere ula\u015fmal\u0131yd\u0131. \u0130\u015fte tam bu noktada Tar\u0131k bin Ziyad, \u00f6yle bir karar verdi ki b\u00fct\u00fcn orduyu hedefe kilitledi. Efsane Komutan, nefes nefese okuyaca\u011f\u0131n\u0131z, ger\u00e7ek olaylarla kurgulanm\u0131\u015f s\u00fcr\u00fckleyici bir tarih roman\u0131. <\/p>\n","protected":false},"excerpt":{"rendered":"<p>O, hedefe ula\u015fmadan asla geri d\u00f6nmeyi d\u00fc\u015f\u00fcnmeyen bir komutan. O, tek yolun zafer oldu\u011funa inanan bir komutan. O, gemileri yakan bir komutan. O, Tar\u0131k bin Ziyad!<span class=\"excerpt-hellip\"> [\u2026]<\/span><\/p>\n","protected":false},"featured_media":0,"template":"","meta":{"_monsterinsights_skip_tracking":false,"_monsterinsights_sitenote_active":false,"_monsterinsights_sitenote_note":"","_monsterinsights_sitenote_category":0},"product_brand":[],"product_cat":[12274,12631],"product_tag":[],"class_list":{"0":"post-688988","1":"product","2":"type-product","3":"status-publish","5":"product_cat-cocuk-ve-genclik-kitaplari","6":"product_cat-diger-cocuk-ve-genclik-kitaplari","7":"pa_cilt-ciltsiz","8":"pa_tur-kitap","9":"pa_yayinevi-genc-timas","10":"pa_yazar-ahmet-yilmaz-boyunaga","12":"first","13":"instock","14":"sale","15":"shipping-taxable","16":"purchasable","17":"product-type-simple"},"_links":{"self":[{"href":"https:\/\/roveyayinevi.com.tr\/index.php\/wp-json\/wp\/v2\/product\/688988","targetHints":{"allow":["GET"]}}],"collection":[{"href":"https:\/\/roveyayinevi.com.tr\/index.php\/wp-json\/wp\/v2\/product"}],"about":[{"href":"https:\/\/roveyayinevi.com.tr\/index.php\/wp-json\/wp\/v2\/types\/product"}],"wp:attachment":[{"href":"https:\/\/roveyayinevi.com.tr\/index.php\/wp-json\/wp\/v2\/media?parent=688988"}],"wp:term":[{"taxonomy":"product_brand","embeddable":true,"href":"https:\/\/roveyayinevi.com.tr\/index.php\/wp-json\/wp\/v2\/product_brand?post=688988"},{"taxonomy":"product_cat","embeddable":true,"href":"https:\/\/roveyayinevi.com.tr\/index.php\/wp-json\/wp\/v2\/product_cat?post=688988"},{"taxonomy":"product_tag","embeddable":true,"href":"https:\/\/roveyayinevi.com.tr\/index.php\/wp-json\/wp\/v2\/product_tag?post=688988"}],"curies":[{"name":"wp","href":"https:\/\/api.w.org\/{rel}","templated":true}]}}