{"id":688987,"date":"2025-08-27T13:08:52","date_gmt":"2025-08-27T10:08:52","guid":{"rendered":"https:\/\/roveyayinevi.com.tr\/index.php\/urun\/efruz-bey\/"},"modified":"2026-04-16T01:58:42","modified_gmt":"2026-04-15T22:58:42","slug":"efruz-bey","status":"publish","type":"product","link":"https:\/\/roveyayinevi.com.tr\/index.php\/urun\/efruz-bey\/","title":{"rendered":"Efruz Bey"},"content":{"rendered":"<p>K\u00fc\u00e7\u00fck bir kalem dairesinde g\u00f6rev yapan Ahmet Bey, kendisini oldu\u011fundan daha asil ve sayg\u0131n g\u00f6stermeye \u00e7al\u0131\u015fan, abart\u0131l\u0131 tav\u0131rlar\u0131yla dikkat \u00e7eken bir devlet memurudur. Me\u015frutiyet&#8217;in ilan edildi\u011fi sabah, co\u015fkulu bir sevin\u00e7le dairesine gelir. Fakat hadiseyi saltanat idaresinin oyunu sanarak, H\u00fcrriyet co\u015fkusuna kat\u0131lmayan arkada\u015flar\u0131n\u0131n duyars\u0131zl\u0131\u011f\u0131na \u00e7ok \u015fa\u015f\u0131r\u0131r.M\u00fcthi\u015f ve y\u00fcksek sesli sloganlar\u0131yla herkesi bir anda co\u015fturur. Kimse ne oldu\u011funu bilmeden gittik\u00e7e kalabal\u0131kla\u015fan bu toplulu\u011fa ayak uydurur. Ahmet Bey, bir anda H\u00fcrriyet kahraman\u0131 oluvermi\u015ftir. \u00d6yle ki s\u0131radan olarak g\u00f6rd\u00fc\u011f\u00fc Ahmet isminin bile kahramanl\u0131\u011f\u0131n\u0131 ta\u015f\u0131yamad\u0131\u011f\u0131n\u0131 d\u00fc\u015f\u00fcn\u00fcr ve ad\u0131n\u0131 &#8220;\u0131\u015f\u0131k sa\u00e7an&#8221; anlam\u0131na gelen &#8220;Efruz&#8221; ile de\u011fi\u015ftirir.Daha bir\u00e7ok abart\u0131l\u0131 olaylar ya\u015fan\u0131r. Sokaklar, caddeler Efruz Beyin konu\u015fmalar\u0131 i\u00e7in dolar, ta\u015far. Ta ki ger\u00e7ek \u0130ttihat ve Terakki Cemiyeti dairelerine \u00e7a\u011f\u0131rana kadar&#8230;<\/p>\n","protected":false},"excerpt":{"rendered":"<p>K\u00fc\u00e7\u00fck bir kalem dairesinde g\u00f6rev yapan Ahmet Bey, kendisini oldu\u011fundan daha asil ve sayg\u0131n g\u00f6stermeye \u00e7al\u0131\u015fan, abart\u0131l\u0131 tav\u0131rlar\u0131yla dikkat \u00e7eken bir devlet memurudur. Me\u015frutiyet&#8217;in ilan edildi\u011fi<span class=\"excerpt-hellip\"> [\u2026]<\/span><\/p>\n","protected":false},"featured_media":0,"template":"","meta":{"_monsterinsights_skip_tracking":false,"_monsterinsights_sitenote_active":false,"_monsterinsights_sitenote_note":"","_monsterinsights_sitenote_category":0},"product_brand":[],"product_cat":[12291,12292],"product_tag":[],"class_list":{"0":"post-688987","1":"product","2":"type-product","3":"status-publish","5":"product_cat-edebiyat","6":"product_cat-turk-edebiyati","7":"pa_cilt-ciltsiz","8":"pa_tur-kitap","9":"pa_yayinevi-timas-cocuk","10":"pa_yazar-omer-seyfettin","12":"first","13":"instock","14":"sale","15":"shipping-taxable","16":"purchasable","17":"product-type-simple"},"_links":{"self":[{"href":"https:\/\/roveyayinevi.com.tr\/index.php\/wp-json\/wp\/v2\/product\/688987","targetHints":{"allow":["GET"]}}],"collection":[{"href":"https:\/\/roveyayinevi.com.tr\/index.php\/wp-json\/wp\/v2\/product"}],"about":[{"href":"https:\/\/roveyayinevi.com.tr\/index.php\/wp-json\/wp\/v2\/types\/product"}],"wp:attachment":[{"href":"https:\/\/roveyayinevi.com.tr\/index.php\/wp-json\/wp\/v2\/media?parent=688987"}],"wp:term":[{"taxonomy":"product_brand","embeddable":true,"href":"https:\/\/roveyayinevi.com.tr\/index.php\/wp-json\/wp\/v2\/product_brand?post=688987"},{"taxonomy":"product_cat","embeddable":true,"href":"https:\/\/roveyayinevi.com.tr\/index.php\/wp-json\/wp\/v2\/product_cat?post=688987"},{"taxonomy":"product_tag","embeddable":true,"href":"https:\/\/roveyayinevi.com.tr\/index.php\/wp-json\/wp\/v2\/product_tag?post=688987"}],"curies":[{"name":"wp","href":"https:\/\/api.w.org\/{rel}","templated":true}]}}