{"id":688986,"date":"2025-08-27T13:08:52","date_gmt":"2025-08-27T10:08:52","guid":{"rendered":"https:\/\/roveyayinevi.com.tr\/index.php\/urun\/danisment-gazi-korkusuz-fedai\/"},"modified":"2026-04-16T01:58:42","modified_gmt":"2026-04-15T22:58:42","slug":"danisment-gazi-korkusuz-fedai","status":"publish","type":"product","link":"https:\/\/roveyayinevi.com.tr\/index.php\/urun\/danisment-gazi-korkusuz-fedai\/","title":{"rendered":"Dani\u015fment Gazi &#8211; Korkusuz Fedai"},"content":{"rendered":"<p>Gen\u00e7ler,\u0130stanbul Kap\u0131lar\u0131&#8217;na dayanan, zindanlara d\u00fc\u015fen, k\u0131l\u0131k de\u011fi\u015ftirerek zorlu yolculuklar yapan Battal Gazi&#8217;nin Karahanl\u0131 \u00fclkesinde \u0130slamiyet&#8217;i yayarken sabr\u0131 ve cesaretiyle t\u00fcm d\u00fcnyaya \u00f6rnek olan Satuk Bu\u011fra Han&#8217;\u0131n, t\u00fcm zorluklar kar\u015f\u0131s\u0131nda \u00fclkesini savunmaktan vazge\u00e7meyen ve y\u00fczy\u0131llar boyu okunan a\u011f\u0131tlarda ismi yank\u0131lanan Alp Er Tunga&#8217;n\u0131n, \u00fcnl\u00fc K\u0131r At&#8217;\u0131yla beraber Anadolu&#8217;da haks\u0131zl\u0131klarla m\u00fccadele eden efsanevi K\u00f6ro\u011flu&#8217;nun birbirini seven iki gencin evlili\u011fini engellemek isteyenlere, bu u\u011furda g\u00f6nderilen binlerce ki\u015filik ordulara kar\u015f\u0131 g\u00f6r\u00fclmemi\u015f bir cesaretle sava\u015fan Dani\u015fment Gazi&#8217;nin nefes kesici maceralar\u0131n\u0131 okuyacaklar\u0131 bu diziyi kolay kolay ellerinden b\u0131rakamayacaklar.<\/p>\n","protected":false},"excerpt":{"rendered":"<p>Gen\u00e7ler,\u0130stanbul Kap\u0131lar\u0131&#8217;na dayanan, zindanlara d\u00fc\u015fen, k\u0131l\u0131k de\u011fi\u015ftirerek zorlu yolculuklar yapan Battal Gazi&#8217;nin Karahanl\u0131 \u00fclkesinde \u0130slamiyet&#8217;i yayarken sabr\u0131 ve cesaretiyle t\u00fcm d\u00fcnyaya \u00f6rnek olan Satuk Bu\u011fra Han&#8217;\u0131n,<span class=\"excerpt-hellip\"> [\u2026]<\/span><\/p>\n","protected":false},"featured_media":0,"template":"","meta":{"_monsterinsights_skip_tracking":false,"_monsterinsights_sitenote_active":false,"_monsterinsights_sitenote_note":"","_monsterinsights_sitenote_category":0},"product_brand":[],"product_cat":[12274,12631],"product_tag":[],"class_list":{"0":"post-688986","1":"product","2":"type-product","3":"status-publish","5":"product_cat-cocuk-ve-genclik-kitaplari","6":"product_cat-diger-cocuk-ve-genclik-kitaplari","7":"pa_cilt-ciltsiz","8":"pa_tur-kitap","9":"pa_yayinevi-genc-timas","10":"pa_yazar-kolektif","12":"first","13":"instock","14":"sale","15":"shipping-taxable","16":"purchasable","17":"product-type-simple"},"_links":{"self":[{"href":"https:\/\/roveyayinevi.com.tr\/index.php\/wp-json\/wp\/v2\/product\/688986","targetHints":{"allow":["GET"]}}],"collection":[{"href":"https:\/\/roveyayinevi.com.tr\/index.php\/wp-json\/wp\/v2\/product"}],"about":[{"href":"https:\/\/roveyayinevi.com.tr\/index.php\/wp-json\/wp\/v2\/types\/product"}],"wp:attachment":[{"href":"https:\/\/roveyayinevi.com.tr\/index.php\/wp-json\/wp\/v2\/media?parent=688986"}],"wp:term":[{"taxonomy":"product_brand","embeddable":true,"href":"https:\/\/roveyayinevi.com.tr\/index.php\/wp-json\/wp\/v2\/product_brand?post=688986"},{"taxonomy":"product_cat","embeddable":true,"href":"https:\/\/roveyayinevi.com.tr\/index.php\/wp-json\/wp\/v2\/product_cat?post=688986"},{"taxonomy":"product_tag","embeddable":true,"href":"https:\/\/roveyayinevi.com.tr\/index.php\/wp-json\/wp\/v2\/product_tag?post=688986"}],"curies":[{"name":"wp","href":"https:\/\/api.w.org\/{rel}","templated":true}]}}