{"id":688979,"date":"2025-08-27T13:08:51","date_gmt":"2025-08-27T10:08:51","guid":{"rendered":"https:\/\/roveyayinevi.com.tr\/index.php\/urun\/karatay-diyetiyle-obezite-ve-diyabete-cozum-var\/"},"modified":"2026-04-16T01:58:42","modified_gmt":"2026-04-15T22:58:42","slug":"karatay-diyetiyle-obezite-ve-diyabete-cozum-var","status":"publish","type":"product","link":"https:\/\/roveyayinevi.com.tr\/index.php\/urun\/karatay-diyetiyle-obezite-ve-diyabete-cozum-var\/","title":{"rendered":"Karatay Diyeti\u2019yle Obezite ve Diyabete \u00c7\u00f6z\u00fcm Var!"},"content":{"rendered":"<p>\u0130ns\u00fclin direncini k\u0131rman\u0131n, hipoglisemiyi \u00f6nlemenin ABC\u2019si!\u201c\u0130nsanlar bilin\u00e7li olarak ya\u015fad\u0131klar\u0131nda, sa\u011fl\u0131klar\u0131n\u0131 korumakta g\u00fc\u00e7l\u00fck \u00e7ekmiyorlar ve mutlu oluyorlar. \u0130\u015fte bu sebeple sa\u011fl\u0131\u011f\u0131m\u0131z\u0131n sorumlulu\u011funu kendi elimize almak ve korumak, en ucuz ve kolay yoldur. Hastalanmamak elimizdedir, yaln\u0131z kendi elimizdedir, ba\u015fka kimsenin elinde de\u011fildir! Bizler buna karar verip ya\u015fam bi\u00e7imimizde k\u00f6kl\u00fc ve sa\u011fl\u0131kl\u0131 de\u011fi\u015fikler yapabildi\u011fimiz zaman obeziteyi, diyabeti, kalp krizini, inme dedi\u011fimiz fel\u00e7 hastal\u0131klar\u0131n\u0131 ve di\u011fer kronik dejeneratif hastal\u0131klar\u0131 \u00f6nleyebiliriz.\u201dProf. Canan Efendigil Karatay, sat\u0131\u015f rekorlar\u0131 k\u0131ran ilk \u00fc\u00e7 kitab\u0131yla T\u00fcrkiye\u2019de bir \u2018sa\u011fl\u0131kl\u0131 halk hareketi\u2019 ba\u015flatt\u0131. Bu kitaplar\u0131 okuyanlar hem kolayca zay\u0131flad\u0131 hem de kal\u0131c\u0131 kilo verdiren geleneksel T\u00fcrk mutfa\u011f\u0131yla tan\u0131\u015ft\u0131.Ezber bozan Profes\u00f6r Canan Efendigil Karatay, bu kez diyabete \u00e7\u00f6z\u00fcm sunuyor. Ona g\u00f6re \u015fi\u015fmanl\u0131k, obezite ve diyabet birbirinden ayr\u0131lamaz hastal\u0131klar. Hatta \u00e7o\u011fu kez bunlara kalp ve damar hastal\u0131klar\u0131 da e\u015flik ediyor. Dolay\u0131s\u0131yla beslenme ve ya\u015fam bi\u00e7imini Karatay prensiplerine g\u00f6re yenidend\u00fczenlemek, bir\u00e7ok metabolik hastal\u0131ktan da kurtulmak anlam\u0131na geliyor. Bu kitap diyabet hastalar\u0131ndan gelen yo\u011fun talebe yan\u0131t vermek i\u00e7in yaz\u0131ld\u0131. Prof. Canan Karatay her zamanki anla\u015f\u0131l\u0131r \u00fcslubuyla obezite ve diyabet hastal\u0131\u011f\u0131n\u0131n nas\u0131l geli\u015fti\u011fini ve nas\u0131l d\u00fczeltilip \u00f6nlenebilece\u011fini anlat\u0131yor. Her t\u00fcr \u015fekerin v\u00fccuda nas\u0131l zarar verdi\u011fini g\u00f6zler \u00f6n\u00fcne seriyor. \u0130ns\u00fclin direncinden, hipoglisemi ataklar\u0131ndan ve ins\u00fclin takviyesinden kurtulman\u0131n \u015fifrelerini veriyor! T\u00fcrkiye\u2019deki 20 milyon fazla kilolu, 20 milyon obez ve 10 milyon diyabetliye \u015fimdiden hay\u0131rl\u0131 olsun! \u00c7\u00fcnk\u00fc kitaptaki tavsiyelere uyarak \u2018sa\u011fl\u0131kl\u0131 ve mutlu bir hayata tekrar merhaba\u2019demek art\u0131k \u00e7ok kolay! <\/p>\n","protected":false},"excerpt":{"rendered":"<p>\u0130ns\u00fclin direncini k\u0131rman\u0131n, hipoglisemiyi \u00f6nlemenin ABC\u2019si!\u201c\u0130nsanlar bilin\u00e7li olarak ya\u015fad\u0131klar\u0131nda, sa\u011fl\u0131klar\u0131n\u0131 korumakta g\u00fc\u00e7l\u00fck \u00e7ekmiyorlar ve mutlu oluyorlar. \u0130\u015fte bu sebeple sa\u011fl\u0131\u011f\u0131m\u0131z\u0131n sorumlulu\u011funu kendi elimize almak ve korumak,<span class=\"excerpt-hellip\"> [\u2026]<\/span><\/p>\n","protected":false},"featured_media":0,"template":"","meta":{"_monsterinsights_skip_tracking":false,"_monsterinsights_sitenote_active":false,"_monsterinsights_sitenote_note":"","_monsterinsights_sitenote_category":0},"product_brand":[],"product_cat":[13402,13365],"product_tag":[],"class_list":{"0":"post-688979","1":"product","2":"type-product","3":"status-publish","5":"product_cat-beslenme-ve-diyet","6":"product_cat-saglik","7":"pa_cilt-ciltsiz","8":"pa_tur-kitap","9":"pa_yayinevi-hayykitap","10":"pa_yazar-canan-efendigil-karatay","12":"first","13":"instock","14":"sale","15":"shipping-taxable","16":"purchasable","17":"product-type-simple"},"_links":{"self":[{"href":"https:\/\/roveyayinevi.com.tr\/index.php\/wp-json\/wp\/v2\/product\/688979","targetHints":{"allow":["GET"]}}],"collection":[{"href":"https:\/\/roveyayinevi.com.tr\/index.php\/wp-json\/wp\/v2\/product"}],"about":[{"href":"https:\/\/roveyayinevi.com.tr\/index.php\/wp-json\/wp\/v2\/types\/product"}],"wp:attachment":[{"href":"https:\/\/roveyayinevi.com.tr\/index.php\/wp-json\/wp\/v2\/media?parent=688979"}],"wp:term":[{"taxonomy":"product_brand","embeddable":true,"href":"https:\/\/roveyayinevi.com.tr\/index.php\/wp-json\/wp\/v2\/product_brand?post=688979"},{"taxonomy":"product_cat","embeddable":true,"href":"https:\/\/roveyayinevi.com.tr\/index.php\/wp-json\/wp\/v2\/product_cat?post=688979"},{"taxonomy":"product_tag","embeddable":true,"href":"https:\/\/roveyayinevi.com.tr\/index.php\/wp-json\/wp\/v2\/product_tag?post=688979"}],"curies":[{"name":"wp","href":"https:\/\/api.w.org\/{rel}","templated":true}]}}