{"id":688978,"date":"2025-08-27T13:08:50","date_gmt":"2025-08-27T10:08:50","guid":{"rendered":"https:\/\/roveyayinevi.com.tr\/index.php\/urun\/iyilestiren-bitkiler\/"},"modified":"2026-04-16T01:58:42","modified_gmt":"2026-04-15T22:58:42","slug":"iyilestiren-bitkiler","status":"publish","type":"product","link":"https:\/\/roveyayinevi.com.tr\/index.php\/urun\/iyilestiren-bitkiler\/","title":{"rendered":"\u0130yile\u015ftiren Bitkiler"},"content":{"rendered":"<p>Bitkilerle tedavi, en \u00e7ok istismar edilen konular\u0131n ba\u015f\u0131nda geliyor. Piyasada ne ararsan\u0131z var! Konuyla alakas\u0131z profes\u00f6r unvanlar\u0131yla ahk\u00e2m kesenler, her derde deva pazarlayanlar, &#8216;\u00e7akma&#8217; \u00fcr\u00fcnleri mucize diye lanse edenler\u2026 Halk\u0131n g\u00fcvenini zedeleyen m\u00fcthi\u015f bir bilgi kirlili\u011fi&#8230; Oysa insanlar\u0131n talebi \u00e7ok net: Konunun uzman\u0131 g\u00fcvenilir bir isimden g\u00fcvenilir bilgiler!Prof. Erdem Ye\u015filada tam da T\u00fcrk halk\u0131n\u0131n arad\u0131\u011f\u0131 isim. Kendisi Yeditepe \u00dcniversitesi Eczac\u0131l\u0131k Fak\u00fcltesi Farmakognozi ve Fitoterapi Ana Bilim Dal\u0131 Ba\u015fkan\u0131. Yani &#8216;bitkilerle tedavi&#8217; konusunun tam g\u00f6be\u011finde bir uzman. Bu alana ili\u015fkin en son bilimsel bulgular\u0131 yak\u0131ndan takip eden bir ara\u015ft\u0131rmac\u0131 akademisyen. &#8216;Halk ila\u00e7lar\u0131&#8217; ile ilgili saha \u00e7al\u0131\u015fmalar\u0131 yap\u0131yor. 40 y\u0131ll\u0131k birikime sahip, onlarca makalesi ve kitab\u0131 var.Prof. Ye\u015filada bu kitab\u0131nda &#8216;Hangi hastal\u0131\u011fa hangi bitki iyi gelir ve nas\u0131l kullan\u0131lmal\u0131d\u0131r?&#8217; sorusunun yan\u0131t\u0131n\u0131 veriyor. Merak edilen konulara a\u00e7\u0131kl\u0131k getiriyor. Sansasyona ka\u00e7madan kan\u0131ta dayal\u0131 konu\u015fuyor, do\u011fruyu-yanl\u0131\u015f\u0131 ay\u0131r\u0131yor. \u00d6nerdi\u011fi her re\u00e7eteyi bilimle destekliyor. \u00dclkemizde bitkilerle tedavi konusuna &#8216;son nokta&#8217;y\u0131 koyuyor!Bu kitapta bu hastal\u0131klara do\u011fal \u00e7\u00f6z\u00fcm var:Alzheimer, anne s\u00fct\u00fc eksikli\u011fi, ba\u011f\u0131\u015f\u0131kl\u0131k zay\u0131fl\u0131\u011f\u0131, bebeklerde gaz sanc\u0131s\u0131, beyin ya\u015flanmas\u0131, b\u00f6brek ta\u015f\u0131 ve kumu, dikkat eksikli\u011fi, di\u015f \u00e7\u00fcr\u00fckleri, diyabet, diyabetik yaralar, diyabetlilerde y\u00fcksek tansiyon, eklem romatizmas\u0131, erkeklerde cinsel sorunlar, sperm kalitesizli\u011fi, sa\u00e7 d\u00f6k\u00fclmesi, g\u00f6z kapaklar\u0131nda yang\u0131, gut, g\u00fcne\u015f yan\u0131klar\u0131, hamilelerde bulant\u0131 ve kusma, hemoroit, idrar yolu hastal\u0131klar\u0131, ins\u00fclin y\u00fcksekli\u011fi, y\u00fcksek kolesterol, trigliserit y\u00fcksekli\u011fi, i\u015ftahs\u0131zl\u0131k, kab\u0131zl\u0131k, kalp ve damar hastal\u0131klar\u0131, kan \u015fekeri y\u00fcksekli\u011fi, karaci\u011fer hasarlar\u0131, karaci\u011fer kanseri, kemik erimesi, kemoterapiye ba\u011fl\u0131 bulant\u0131 ve kusma, kire\u00e7lenme, kronik kalp yetmezli\u011fi, meme kanseri, menopoz d\u00f6nemi \u015fik\u00e2yetleri, osteoartrit a\u011fr\u0131lar\u0131, pankreas kanseri, Parkinson, prostat b\u00fcy\u00fcmesi, regl sanc\u0131lar\u0131, bacak \u015fi\u015fli\u011fi, s\u0131navlarda ba\u015far\u0131s\u0131zl\u0131k, sigara tiryakili\u011fi, stres, sonbahar ve k\u0131\u015f hastal\u0131klar\u0131, uykusuzluk ve yorgunluk, \u015fi\u015fmanl\u0131k, ta\u015f\u0131t tutmas\u0131nda bulant\u0131 ve kusma, \u00fclser, demir eksikli\u011fi, a\u015f\u0131r\u0131 ya\u011flanma, erken ya\u015flanma. <\/p>\n","protected":false},"excerpt":{"rendered":"<p>Bitkilerle tedavi, en \u00e7ok istismar edilen konular\u0131n ba\u015f\u0131nda geliyor. Piyasada ne ararsan\u0131z var! Konuyla alakas\u0131z profes\u00f6r unvanlar\u0131yla ahk\u00e2m kesenler, her derde deva pazarlayanlar, &#8216;\u00e7akma&#8217; \u00fcr\u00fcnleri mucize<span class=\"excerpt-hellip\"> [\u2026]<\/span><\/p>\n","protected":false},"featured_media":0,"template":"","meta":{"_monsterinsights_skip_tracking":false,"_monsterinsights_sitenote_active":false,"_monsterinsights_sitenote_note":"","_monsterinsights_sitenote_category":0},"product_brand":[],"product_cat":[13397,13365],"product_tag":[],"class_list":{"0":"post-688978","1":"product","2":"type-product","3":"status-publish","5":"product_cat-alternatif-tip-sifali-bitkiler","6":"product_cat-saglik","7":"pa_cilt-ciltsiz","8":"pa_tur-kitap","9":"pa_yayinevi-hayykitap","10":"pa_yazar-erdem-yesilada","12":"first","13":"instock","14":"sale","15":"shipping-taxable","16":"purchasable","17":"product-type-simple"},"_links":{"self":[{"href":"https:\/\/roveyayinevi.com.tr\/index.php\/wp-json\/wp\/v2\/product\/688978","targetHints":{"allow":["GET"]}}],"collection":[{"href":"https:\/\/roveyayinevi.com.tr\/index.php\/wp-json\/wp\/v2\/product"}],"about":[{"href":"https:\/\/roveyayinevi.com.tr\/index.php\/wp-json\/wp\/v2\/types\/product"}],"wp:attachment":[{"href":"https:\/\/roveyayinevi.com.tr\/index.php\/wp-json\/wp\/v2\/media?parent=688978"}],"wp:term":[{"taxonomy":"product_brand","embeddable":true,"href":"https:\/\/roveyayinevi.com.tr\/index.php\/wp-json\/wp\/v2\/product_brand?post=688978"},{"taxonomy":"product_cat","embeddable":true,"href":"https:\/\/roveyayinevi.com.tr\/index.php\/wp-json\/wp\/v2\/product_cat?post=688978"},{"taxonomy":"product_tag","embeddable":true,"href":"https:\/\/roveyayinevi.com.tr\/index.php\/wp-json\/wp\/v2\/product_tag?post=688978"}],"curies":[{"name":"wp","href":"https:\/\/api.w.org\/{rel}","templated":true}]}}