{"id":688977,"date":"2025-08-27T13:08:50","date_gmt":"2025-08-27T10:08:50","guid":{"rendered":"https:\/\/roveyayinevi.com.tr\/index.php\/urun\/beter-ikizler-turist-kapani\/"},"modified":"2026-04-16T01:58:42","modified_gmt":"2026-04-15T22:58:42","slug":"beter-ikizler-turist-kapani","status":"publish","type":"product","link":"https:\/\/roveyayinevi.com.tr\/index.php\/urun\/beter-ikizler-turist-kapani\/","title":{"rendered":"Beter \u0130kizler &#8211; Turist Kapan\u0131"},"content":{"rendered":"<p>Bolca haylazl\u0131k i\u00e7eren komik bir \u201ckaramanl\u0131k\u201d maceras\u0131!\u201cBeter \u0130kizler\u201d dizisinin ikinci kitab\u0131nda, herkesin yaka silkti\u011fi, biri k\u0131z biri o\u011flan \u201chaylaz\u201d ikizler Edgar ve Ellen ak\u0131l almaz maceralar\u0131na devam ediyor. \u0130kizler bu kez, sevdikleri \u00e7\u00f6pl\u00fck alan\u0131na otel yap\u0131lmas\u0131n\u0131 engellemeye \u00e7al\u0131\u015f\u0131yor. Karakterleri ba\u015far\u0131yla canland\u0131ran etkileyici siyah-beyaz resimlerle bezeli dizi, mizah g\u00fcc\u00fc, yetkin \u00e7evirisi ve zengin s\u00f6zc\u00fck da\u011farc\u0131\u011f\u0131yla \u00e7ocuklara farkl\u0131 bir kitap okuma keyfi sunuyor. \u0130kizlerin zekice \u015fakalar\u0131 ve haylazl\u0131klar\u0131 o denli inan\u0131lmaz ve sa\u00e7ma ki, k\u00fc\u00e7\u00fck okurlar onlar\u0131n planlar\u0131n\u0131n nas\u0131l ba\u015far\u0131s\u0131zl\u0131\u011fa u\u011frad\u0131\u011f\u0131n\u0131 g\u00f6rmek i\u00e7in can at\u0131yorlar.Beter \u0130kizler, \u015fatoyu and\u0131ran evlerinin yan\u0131ndaki \u00e7ok sevdikleri \u00e7\u00f6pl\u00fck alan\u0131na b\u00fcy\u00fck bir otel yap\u0131laca\u011f\u0131n\u0131 \u00f6\u011frenirler. Bu \u201ckorkun\u00e7\u201d durum kar\u015f\u0131s\u0131nda hemen harekete ge\u00e7en ikizler, belediye ba\u015fkan\u0131n\u0131n kasabaya turist \u00e7ekmek i\u00e7in yapt\u0131\u011f\u0131 planlar\u0131 gizlice ele ge\u00e7irirler. Projenin tan\u0131t\u0131m\u0131 i\u00e7in kasabaya \u00f6nemli ki\u015filerin ve bas\u0131n\u0131n davet edildi\u011fini \u00f6\u011frenince, kendilerini tur rehberi olarak tan\u0131t\u0131rlar. \u00c7\u00f6pl\u00fcklerini kurtarmak i\u00e7in bu f\u0131rsat\u0131 sonuna kadar de\u011ferlendiren Beter \u0130kizler i\u00e7in sonu\u00e7, tam bir s\u00fcrpriz olacakt\u0131r&#8230; <\/p>\n","protected":false},"excerpt":{"rendered":"<p>Bolca haylazl\u0131k i\u00e7eren komik bir \u201ckaramanl\u0131k\u201d maceras\u0131!\u201cBeter \u0130kizler\u201d dizisinin ikinci kitab\u0131nda, herkesin yaka silkti\u011fi, biri k\u0131z biri o\u011flan \u201chaylaz\u201d ikizler Edgar ve Ellen ak\u0131l almaz maceralar\u0131na<span class=\"excerpt-hellip\"> [\u2026]<\/span><\/p>\n","protected":false},"featured_media":0,"template":"","meta":{"_monsterinsights_skip_tracking":false,"_monsterinsights_sitenote_active":false,"_monsterinsights_sitenote_note":"","_monsterinsights_sitenote_category":0},"product_brand":[],"product_cat":[12274,12284],"product_tag":[],"class_list":{"0":"post-688977","1":"product","2":"type-product","3":"status-publish","5":"product_cat-cocuk-ve-genclik-kitaplari","6":"product_cat-hikayeler","7":"pa_cilt-ciltsiz","8":"pa_tur-kitap","9":"pa_yayinevi-gunisigi-kitapligi","10":"pa_yazar-charles-ogden","12":"first","13":"instock","14":"sale","15":"shipping-taxable","16":"purchasable","17":"product-type-simple"},"_links":{"self":[{"href":"https:\/\/roveyayinevi.com.tr\/index.php\/wp-json\/wp\/v2\/product\/688977","targetHints":{"allow":["GET"]}}],"collection":[{"href":"https:\/\/roveyayinevi.com.tr\/index.php\/wp-json\/wp\/v2\/product"}],"about":[{"href":"https:\/\/roveyayinevi.com.tr\/index.php\/wp-json\/wp\/v2\/types\/product"}],"wp:attachment":[{"href":"https:\/\/roveyayinevi.com.tr\/index.php\/wp-json\/wp\/v2\/media?parent=688977"}],"wp:term":[{"taxonomy":"product_brand","embeddable":true,"href":"https:\/\/roveyayinevi.com.tr\/index.php\/wp-json\/wp\/v2\/product_brand?post=688977"},{"taxonomy":"product_cat","embeddable":true,"href":"https:\/\/roveyayinevi.com.tr\/index.php\/wp-json\/wp\/v2\/product_cat?post=688977"},{"taxonomy":"product_tag","embeddable":true,"href":"https:\/\/roveyayinevi.com.tr\/index.php\/wp-json\/wp\/v2\/product_tag?post=688977"}],"curies":[{"name":"wp","href":"https:\/\/api.w.org\/{rel}","templated":true}]}}