{"id":688975,"date":"2025-08-27T13:08:50","date_gmt":"2025-08-27T10:08:50","guid":{"rendered":"https:\/\/roveyayinevi.com.tr\/index.php\/urun\/beter-ikizler-sirkin-cambazi\/"},"modified":"2026-04-16T01:58:42","modified_gmt":"2026-04-15T22:58:42","slug":"beter-ikizler-sirkin-cambazi","status":"publish","type":"product","link":"https:\/\/roveyayinevi.com.tr\/index.php\/urun\/beter-ikizler-sirkin-cambazi\/","title":{"rendered":"Beter \u0130kizler &#8211; Sirkin Cambaz\u0131"},"content":{"rendered":"<p>Renkli sirk d\u00fcnyas\u0131nda hi\u00e7bir \u015fey g\u00f6r\u00fcnd\u00fc\u011f\u00fc gibi de\u011fil!Yarat\u0131c\u0131l\u0131kta s\u0131n\u0131r tan\u0131mayan, g\u00f6z\u00fc pek, h\u0131nz\u0131r bir k\u0131z ve bir o\u011flan. Onlar Beter \u0130kizler. \u00c7izgili pijamalar\u0131, bin t\u00fcrl\u00fc tilkinin dola\u015ft\u0131\u011f\u0131 beyinleri ve ba\u015far\u0131s\u0131zl\u0131\u011fa mahk\u00fbm tuhaf planlar\u0131yla, kasabalar\u0131n\u0131n s\u0131k\u0131c\u0131 bir yer olmas\u0131na asla izin vermiyorlar. Ve tabii ki, birileri \u201cd\u00fczen\u201din bozulmas\u0131ndan \u00e7ok rahats\u0131z oluyor. Beter \u0130kizler\u2019in pes etmeye hi\u00e7 niyeti yok, ama onlar\u0131 dizginlemeye \u00e7al\u0131\u015fanlar\u0131n da h\u0131rslar\u0131n\u0131n s\u0131n\u0131r\u0131 yok. Kitaplara dudak b\u00fcken \u00e7ocuklar\u0131n bile elinden b\u0131rakamad\u0131\u011f\u0131 dizinin be\u015finci kitab\u0131nda, \u00f6nceki maceralarda filizlenen gizem b\u00fcy\u00fcyor ve heyecan dozu gittik\u00e7e art\u0131yor. \u00c7ocuklar, \u201cBeter \u0130kizler\u201d dizisinin be\u015finci kitab\u0131nda bu sefer de, kasaban\u0131n alt\u0131nda, efsane evlerinde ve kasabay\u0131 c\u00fcmb\u00fc\u015fe \u00e7eviren sirk \u00e7ad\u0131rlar\u0131nda saklanan s\u0131rlar\u0131 \u00e7\u00f6zmeye \u00e7al\u0131\u015f\u0131yorlar. Sirkler hepimizi b\u00fcy\u00fcler, peki ya Beter \u0130kizler\u2019i? Renkli karakterleri, m\u00fcthi\u015f mizah g\u00fcc\u00fc, zekice kurgusu, zengin alt metinleriyle \u00e7ocuklar\u0131 nitelikli edebiyat\u0131n b\u00fcy\u00fcs\u00fcyle tan\u0131\u015ft\u0131ran e\u015fsiz bir macera! \u0130kizlerin zekice \u015fakalar\u0131 ve haylazl\u0131klar\u0131 o denli inan\u0131lmaz ve sa\u00e7ma ki, k\u00fc\u00e7\u00fck okurlar onlar\u0131n planlar\u0131n\u0131n nas\u0131l ba\u015far\u0131s\u0131zl\u0131\u011fa u\u011frad\u0131\u011f\u0131n\u0131 g\u00f6rmek i\u00e7in can at\u0131yorlar.Kasabaya \u00e7\u0131kagelen esrarengiz sirk, beraberinde \u015fatafatl\u0131 g\u00f6steriler ve cambazlar da getirir. Nod Kasabas\u0131\u2019n\u0131n \u201csevimli\u201d durgunlu\u011fundan s\u0131k\u0131lan yaramaz ikizler i\u00e7in g\u00fcn do\u011fmu\u015ftur; sirkten iyi oyun yeri mi olur! Sirk \u00e7al\u0131\u015fanlar\u0131n\u0131n aras\u0131ndaki s\u0131rad\u0131\u015f\u0131 ba\u011f\u0131 ke\u015ffeden Edgar ve Ellen, evlerinin karanl\u0131k k\u00e2hyas\u0131 hakk\u0131ndaki gizemi de \u00f6\u011frenirler. Ve yine ba\u015flar\u0131n\u0131 b\u00fcy\u00fck bir derde sokarlar. \u00dcstelik bu sefer, derdi yaratan hi\u00e7 ummad\u0131klar\u0131 biridir!..\ufffc<\/p>\n","protected":false},"excerpt":{"rendered":"<p>Renkli sirk d\u00fcnyas\u0131nda hi\u00e7bir \u015fey g\u00f6r\u00fcnd\u00fc\u011f\u00fc gibi de\u011fil!Yarat\u0131c\u0131l\u0131kta s\u0131n\u0131r tan\u0131mayan, g\u00f6z\u00fc pek, h\u0131nz\u0131r bir k\u0131z ve bir o\u011flan. Onlar Beter \u0130kizler. \u00c7izgili pijamalar\u0131, bin t\u00fcrl\u00fc tilkinin<span class=\"excerpt-hellip\"> [\u2026]<\/span><\/p>\n","protected":false},"featured_media":0,"template":"","meta":{"_monsterinsights_skip_tracking":false,"_monsterinsights_sitenote_active":false,"_monsterinsights_sitenote_note":"","_monsterinsights_sitenote_category":0},"product_brand":[],"product_cat":[12274,12284],"product_tag":[],"class_list":{"0":"post-688975","1":"product","2":"type-product","3":"status-publish","5":"product_cat-cocuk-ve-genclik-kitaplari","6":"product_cat-hikayeler","7":"pa_cilt-ciltsiz","8":"pa_tur-kitap","9":"pa_yayinevi-gunisigi-kitapligi","10":"pa_yazar-charles-ogden","12":"first","13":"instock","14":"sale","15":"shipping-taxable","16":"purchasable","17":"product-type-simple"},"_links":{"self":[{"href":"https:\/\/roveyayinevi.com.tr\/index.php\/wp-json\/wp\/v2\/product\/688975","targetHints":{"allow":["GET"]}}],"collection":[{"href":"https:\/\/roveyayinevi.com.tr\/index.php\/wp-json\/wp\/v2\/product"}],"about":[{"href":"https:\/\/roveyayinevi.com.tr\/index.php\/wp-json\/wp\/v2\/types\/product"}],"wp:attachment":[{"href":"https:\/\/roveyayinevi.com.tr\/index.php\/wp-json\/wp\/v2\/media?parent=688975"}],"wp:term":[{"taxonomy":"product_brand","embeddable":true,"href":"https:\/\/roveyayinevi.com.tr\/index.php\/wp-json\/wp\/v2\/product_brand?post=688975"},{"taxonomy":"product_cat","embeddable":true,"href":"https:\/\/roveyayinevi.com.tr\/index.php\/wp-json\/wp\/v2\/product_cat?post=688975"},{"taxonomy":"product_tag","embeddable":true,"href":"https:\/\/roveyayinevi.com.tr\/index.php\/wp-json\/wp\/v2\/product_tag?post=688975"}],"curies":[{"name":"wp","href":"https:\/\/api.w.org\/{rel}","templated":true}]}}