{"id":688974,"date":"2025-08-27T13:08:50","date_gmt":"2025-08-27T10:08:50","guid":{"rendered":"https:\/\/roveyayinevi.com.tr\/index.php\/urun\/aya-tirmanan-cocuk\/"},"modified":"2026-04-16T01:58:42","modified_gmt":"2026-04-15T22:58:42","slug":"aya-tirmanan-cocuk","status":"publish","type":"product","link":"https:\/\/roveyayinevi.com.tr\/index.php\/urun\/aya-tirmanan-cocuk\/","title":{"rendered":"Ay\u2019a T\u0131rmanan \u00c7ocuk"},"content":{"rendered":"<p>\u00c7ocuklar\u0131n sava\u015fa kar\u015f\u0131 \u00e7a\u011fr\u0131s\u0131:\u201cSosis yemek, sava\u015fa gitmekten iyidir!\u201dHer \u015fey Paul\u2019\u00fcn, okula gitmek istemedi\u011fi bir g\u00fcn, g\u00f6ky\u00fcz\u00fcne dokunmaya karar vermesiyle ba\u015flar. Y\u00fcksek bir apartman\u0131n bodrum kat\u0131nda annesi ve babas\u0131yla ya\u015fayan Paul\u2019\u00fcn en \u00fcst kata ula\u015fmas\u0131 hi\u00e7 de kolay olmaz. Burada ressam Mabel ya\u015famaktad\u0131r. Ancak onun yerine, ikizi oldu\u011funu ileri s\u00fcren tuhaf biri a\u00e7ar kap\u0131y\u0131. Son Ba\u015fbelas\u0131\u015feyi Sava\u015f\u0131\u2019na kat\u0131lm\u0131\u015f olan Benjamin\u2019le ve \u00f6tekilerle tan\u0131\u015fan Paul, g\u00f6ky\u00fcz\u00fcne dokunabilmek i\u00e7in hayal g\u00fcc\u00fcn\u00fc kullanmal\u0131d\u0131r. Ama nas\u0131l?.. <\/p>\n","protected":false},"excerpt":{"rendered":"<p>\u00c7ocuklar\u0131n sava\u015fa kar\u015f\u0131 \u00e7a\u011fr\u0131s\u0131:\u201cSosis yemek, sava\u015fa gitmekten iyidir!\u201dHer \u015fey Paul\u2019\u00fcn, okula gitmek istemedi\u011fi bir g\u00fcn, g\u00f6ky\u00fcz\u00fcne dokunmaya karar vermesiyle ba\u015flar. Y\u00fcksek bir apartman\u0131n bodrum kat\u0131nda annesi<span class=\"excerpt-hellip\"> [\u2026]<\/span><\/p>\n","protected":false},"featured_media":0,"template":"","meta":{"_monsterinsights_skip_tracking":false,"_monsterinsights_sitenote_active":false,"_monsterinsights_sitenote_note":"","_monsterinsights_sitenote_category":0},"product_brand":[],"product_cat":[12274,12284],"product_tag":[],"class_list":{"0":"post-688974","1":"product","2":"type-product","3":"status-publish","5":"product_cat-cocuk-ve-genclik-kitaplari","6":"product_cat-hikayeler","7":"pa_cilt-ciltsiz","8":"pa_tur-kitap","9":"pa_yayinevi-gunisigi-kitapligi","10":"pa_yazar-david-almond","12":"first","13":"instock","14":"sale","15":"shipping-taxable","16":"purchasable","17":"product-type-simple"},"_links":{"self":[{"href":"https:\/\/roveyayinevi.com.tr\/index.php\/wp-json\/wp\/v2\/product\/688974","targetHints":{"allow":["GET"]}}],"collection":[{"href":"https:\/\/roveyayinevi.com.tr\/index.php\/wp-json\/wp\/v2\/product"}],"about":[{"href":"https:\/\/roveyayinevi.com.tr\/index.php\/wp-json\/wp\/v2\/types\/product"}],"wp:attachment":[{"href":"https:\/\/roveyayinevi.com.tr\/index.php\/wp-json\/wp\/v2\/media?parent=688974"}],"wp:term":[{"taxonomy":"product_brand","embeddable":true,"href":"https:\/\/roveyayinevi.com.tr\/index.php\/wp-json\/wp\/v2\/product_brand?post=688974"},{"taxonomy":"product_cat","embeddable":true,"href":"https:\/\/roveyayinevi.com.tr\/index.php\/wp-json\/wp\/v2\/product_cat?post=688974"},{"taxonomy":"product_tag","embeddable":true,"href":"https:\/\/roveyayinevi.com.tr\/index.php\/wp-json\/wp\/v2\/product_tag?post=688974"}],"curies":[{"name":"wp","href":"https:\/\/api.w.org\/{rel}","templated":true}]}}